{"id":2233,"date":"2022-03-08T22:49:36","date_gmt":"2022-03-09T01:49:36","guid":{"rendered":"http:\/\/bioxel.com.uy\/nweb\/?page_id=2233"},"modified":"2022-03-08T23:22:11","modified_gmt":"2022-03-09T02:22:11","slug":"noticias","status":"publish","type":"page","link":"https:\/\/bioxel.com.uy\/nweb\/?page_id=2233","title":{"rendered":"Noticias"},"content":{"rendered":"\t\t<div data-elementor-type=\"wp-page\" data-elementor-id=\"2233\" class=\"elementor elementor-2233\" data-elementor-post-type=\"page\">\n\t\t\t\t\t\t<section class=\"elementor-section elementor-top-section elementor-element elementor-element-bb6151b elementor-section-boxed elementor-section-height-default elementor-section-height-default\" data-id=\"bb6151b\" data-element_type=\"section\" data-e-type=\"section\">\n\t\t\t\t\t\t<div class=\"elementor-container elementor-column-gap-default\">\n\t\t\t\t\t<div class=\"elementor-column elementor-col-100 elementor-top-column elementor-element elementor-element-44c3af2\" data-id=\"44c3af2\" data-element_type=\"column\" data-e-type=\"column\">\n\t\t\t<div class=\"elementor-widget-wrap elementor-element-populated\">\n\t\t\t\t\t\t<div class=\"elementor-element elementor-element-60af59b elementor-widget elementor-widget-posts\" data-id=\"60af59b\" data-element_type=\"widget\" data-e-type=\"widget\" data-settings=\"{&quot;full_content_row_gap&quot;:{&quot;unit&quot;:&quot;px&quot;,&quot;size&quot;:35,&quot;sizes&quot;:[]}}\" data-widget_type=\"posts.full_content\">\n\t\t\t\t<div class=\"elementor-widget-container\">\n\t\t\t\t\t\t\t<div class=\"elementor-posts-container elementor-posts elementor-posts--skin-full_content elementor-grid\">\n\t\t\t\t<article class=\"elementor-post elementor-grid-item post-2244 post type-post status-publish format-standard hentry category-sin-categoria-es\">\n\t\t\t\t<div class=\"elementor-post__text\">\n\t\t\t\t<h3 class=\"elementor-post__title\">\n\t\t\t<a href=\"https:\/\/bioxel.com.uy\/nweb\/?p=2244\" >\n\t\t\t\tGlobal\t\t\t<\/a>\n\t\t<\/h3>\n\t\t\t\t<div class=\"elementor-post__meta-data\">\n\t\t\t\t\t<span class=\"elementor-post-date\">\n\t\t\t8 de marzo de 2022\t\t<\/span>\n\t\t\t\t<\/div>\n\t\t<div class=\"elementor-post__content\"><style>.elementor-2244 .elementor-element.elementor-element-5ec246c .elementor-wrapper{--video-aspect-ratio:1.77777;}.elementor-widget-text-editor{font-family:var( --e-global-typography-text-font-family ), Sans-serif;font-weight:var( --e-global-typography-text-font-weight );color:var( --e-global-color-text );}.elementor-widget-text-editor.elementor-drop-cap-view-stacked .elementor-drop-cap{background-color:var( --e-global-color-primary );}.elementor-widget-text-editor.elementor-drop-cap-view-framed .elementor-drop-cap, .elementor-widget-text-editor.elementor-drop-cap-view-default .elementor-drop-cap{color:var( --e-global-color-primary );border-color:var( --e-global-color-primary );}:root{--page-title-display:none;}<\/style>\t\t<div data-elementor-type=\"wp-post\" data-elementor-id=\"2244\" class=\"elementor elementor-2244\" data-elementor-post-type=\"post\">\n\t\t\t\t\t\t<section class=\"elementor-section elementor-top-section elementor-element elementor-element-1537997 elementor-section-boxed elementor-section-height-default elementor-section-height-default\" data-id=\"1537997\" data-element_type=\"section\" data-e-type=\"section\">\n\t\t\t\t\t\t<div class=\"elementor-container elementor-column-gap-default\">\n\t\t\t\t\t<div class=\"elementor-column elementor-col-100 elementor-top-column elementor-element elementor-element-60db7d0\" data-id=\"60db7d0\" data-element_type=\"column\" data-e-type=\"column\">\n\t\t\t<div class=\"elementor-widget-wrap elementor-element-populated\">\n\t\t\t\t\t\t<div class=\"elementor-element elementor-element-5ec246c elementor-widget elementor-widget-video\" data-id=\"5ec246c\" data-element_type=\"widget\" data-e-type=\"widget\" data-settings=\"{&quot;youtube_url&quot;:&quot;https:\\\/\\\/www.youtube.com\\\/watch?v=WsO4F9j9O2E&quot;,&quot;video_type&quot;:&quot;youtube&quot;,&quot;controls&quot;:&quot;yes&quot;}\" data-widget_type=\"video.default\">\n\t\t\t\t<div class=\"elementor-widget-container\">\n\t\t\t\t\t\t\t<div class=\"elementor-wrapper elementor-open-inline\">\n\t\t\t<div class=\"elementor-video\"><\/div>\t\t<\/div>\n\t\t\t\t\t\t<\/div>\n\t\t\t\t<\/div>\n\t\t\t\t<div class=\"elementor-element elementor-element-ec934ff elementor-widget elementor-widget-text-editor\" data-id=\"ec934ff\" data-element_type=\"widget\" data-e-type=\"widget\" data-widget_type=\"text-editor.default\">\n\t\t\t\t<div class=\"elementor-widget-container\">\n\t\t\t\t\t\t\t\t\t<p>Comenzamos el 2022 incorporando a nuestras representadas el proveedor norteamericano m\u00e1s importante de muebles de calidad para los segmentos de Workplace, Education y Healthcare.\u2026\u2026 Global Forniture Group!<\/p>\n<p>&nbsp;Fundada en 1966, desde su origen la compa\u00f1\u00eda tuvo como menta la fabricaci\u00f3n y comercializaci\u00f3n de muebles de calidad.<\/p>\n<p>Esa promesa contin\u00faa hoy vigente m\u00e1s que nunca, comercializando sus productos en todo el mundo, y a partir de este a\u00f1o tambi\u00e9n en Uruguay.<\/p>\n<p>Global ofrece una cartera completa de soluciones dise\u00f1adas y fabricadas para satisfacer las necesidades cambiantes de los mercados.<\/p>\n<p>Su \u00e9xito durante el \u00faltimo medio siglo se debe mucho al trabajo en equipo de todos los integrantes de la compa\u00f1\u00eda tales como dise\u00f1adores, ingenieros y t\u00e9cnicos, que se enorgullece de crear productos de calidad y proporcionar el m\u00e1s alto nivel de servicio a los clientes.\n<\/p><p>Por encima de todo, Global es un buen socio, ahora tambi\u00e9n en Uruguay!<\/p>\t\t\t\t\t\t\t\t<\/div>\n\t\t\t\t<\/div>\n\t\t\t\t\t<\/div>\n\t\t<\/div>\n\t\t\t\t\t<\/div>\n\t\t<\/section>\n\t\t\t\t<\/div>\n\t\t<\/div>\t\t<\/div>\n\t\t\t\t<\/article>\n\t\t\t\t<article class=\"elementor-post elementor-grid-item post-2241 post type-post status-publish format-standard hentry category-sin-categoria-es\">\n\t\t\t\t<div class=\"elementor-post__text\">\n\t\t\t\t<h3 class=\"elementor-post__title\">\n\t\t\t<a href=\"https:\/\/bioxel.com.uy\/nweb\/?p=2241\" >\n\t\t\t\tLab.Dominguez\t\t\t<\/a>\n\t\t<\/h3>\n\t\t\t\t<div class=\"elementor-post__meta-data\">\n\t\t\t\t\t<span class=\"elementor-post-date\">\n\t\t\t8 de marzo de 2022\t\t<\/span>\n\t\t\t\t<\/div>\n\t\t\n<figure class=\"wp-block-image size-large\"><a href=\"http:\/\/bioxel.com.uy\/nweb\/wp-content\/uploads\/2022\/03\/Laboratorio-Dominguez.jpg\"><img fetchpriority=\"high\" fetchpriority=\"high\" decoding=\"async\" width=\"1024\" height=\"727\" src=\"http:\/\/bioxel.com.uy\/nweb\/wp-content\/uploads\/2022\/03\/Laboratorio-Dominguez-1024x727.jpg\" alt=\"\" class=\"wp-image-2220\" srcset=\"https:\/\/bioxel.com.uy\/nweb\/wp-content\/uploads\/2022\/03\/Laboratorio-Dominguez-1024x727.jpg 1024w, https:\/\/bioxel.com.uy\/nweb\/wp-content\/uploads\/2022\/03\/Laboratorio-Dominguez-300x213.jpg 300w, https:\/\/bioxel.com.uy\/nweb\/wp-content\/uploads\/2022\/03\/Laboratorio-Dominguez-768x545.jpg 768w, https:\/\/bioxel.com.uy\/nweb\/wp-content\/uploads\/2022\/03\/Laboratorio-Dominguez.jpg 1125w\" sizes=\"(max-width: 1024px) 100vw, 1024px\" \/><\/a><\/figure>\n\n\n\n<p>En abril estaremos presentando en plaza nuevos productos de nuestra representada Laboratorio Dominguez en las \u00e1reas de gastroenterolog\u00eda, nefrolog\u00eda y cuidados cr\u00edticos!<\/p>\n\t\t<\/div>\n\t\t\t\t<\/article>\n\t\t\t\t<\/div>\n\t\t\n\t\t\t\t\t\t<\/div>\n\t\t\t\t<\/div>\n\t\t\t\t\t<\/div>\n\t\t<\/div>\n\t\t\t\t\t<\/div>\n\t\t<\/section>\n\t\t\t\t<\/div>\n\t\t","protected":false},"excerpt":{"rendered":"","protected":false},"author":1,"featured_media":0,"parent":0,"menu_order":0,"comment_status":"closed","ping_status":"closed","template":"","meta":{"footnotes":""},"class_list":["post-2233","page","type-page","status-publish","hentry"],"_links":{"self":[{"href":"https:\/\/bioxel.com.uy\/nweb\/index.php?rest_route=\/wp\/v2\/pages\/2233","targetHints":{"allow":["GET"]}}],"collection":[{"href":"https:\/\/bioxel.com.uy\/nweb\/index.php?rest_route=\/wp\/v2\/pages"}],"about":[{"href":"https:\/\/bioxel.com.uy\/nweb\/index.php?rest_route=\/wp\/v2\/types\/page"}],"author":[{"embeddable":true,"href":"https:\/\/bioxel.com.uy\/nweb\/index.php?rest_route=\/wp\/v2\/users\/1"}],"replies":[{"embeddable":true,"href":"https:\/\/bioxel.com.uy\/nweb\/index.php?rest_route=%2Fwp%2Fv2%2Fcomments&post=2233"}],"version-history":[{"count":10,"href":"https:\/\/bioxel.com.uy\/nweb\/index.php?rest_route=\/wp\/v2\/pages\/2233\/revisions"}],"predecessor-version":[{"id":2253,"href":"https:\/\/bioxel.com.uy\/nweb\/index.php?rest_route=\/wp\/v2\/pages\/2233\/revisions\/2253"}],"wp:attachment":[{"href":"https:\/\/bioxel.com.uy\/nweb\/index.php?rest_route=%2Fwp%2Fv2%2Fmedia&parent=2233"}],"curies":[{"name":"wp","href":"https:\/\/api.w.org\/{rel}","templated":true}]}}