{"id":1182,"date":"2026-03-30T22:05:25","date_gmt":"2026-03-31T01:05:25","guid":{"rendered":"https:\/\/bioxel.com.uy\/web\/?post_type=product&#038;p=1182"},"modified":"2026-03-30T22:05:57","modified_gmt":"2026-03-31T01:05:57","slug":"dr-francisco-simon-2232-montevideo-uruguay-tel-598-2483-9070-uretest","status":"publish","type":"product","link":"https:\/\/bioxel.com.uy\/web\/product\/dr-francisco-simon-2232-montevideo-uruguay-tel-598-2483-9070-uretest\/","title":{"rendered":"URETEST"},"content":{"rendered":"<p>Diagn\u00f3stico exacto, seguro y ultra r\u00e1pido (de 2 a 30 minutos)<br \/>\npara la identificaci\u00f3n positiva de H. pylori a trav\u00e9s de la biopsia<br \/>\nde la mucosa g\u00e1strica.<br \/>\nEspecificidad de 100% y Sensibilidad &gt;98%.<br \/>\nValidez: 12 meses partir de la fecha de fabricaci\u00f3n.<br \/>\nPresentaci\u00f3n &#8211; Caja conteniendo 50 pruebas.<br \/>\nNota: Producto con cadena de frio.<\/p>\n","protected":false},"excerpt":{"rendered":"<p>Diagn\u00f3stico exacto, seguro y ultra r\u00e1pido (de 2 a 30 minutos) para la identificaci\u00f3n positiva de H. pylori a trav\u00e9s de la biopsia de la mucosa g\u00e1strica. Especificidad de 100% y Sensibilidad &gt;98%. Validez: 12 meses partir de la fecha de fabricaci\u00f3n. Presentaci\u00f3n &#8211; Caja conteniendo 50 pruebas. Nota: Producto con cadena de frio.<\/p>\n","protected":false},"featured_media":1183,"comment_status":"closed","ping_status":"closed","template":"","meta":{"inline_featured_image":false,"_monsterinsights_skip_tracking":false,"_monsterinsights_sitenote_active":false,"_monsterinsights_sitenote_note":"","_monsterinsights_sitenote_category":0},"pwb-brand":[78],"product_brand":[],"product_cat":[53,45],"product_tag":[],"class_list":{"0":"post-1182","1":"product","2":"type-product","3":"status-publish","4":"has-post-thumbnail","6":"pwb-brand-renylab","7":"product_cat-gastroenterologia-endocospia-digestiva","8":"product_cat-pharma","10":"first","11":"instock","12":"shipping-taxable","13":"product-type-simple"},"yoast_head":"<!-- This site is optimized with the Yoast SEO plugin v25.4 - https:\/\/yoast.com\/wordpress\/plugins\/seo\/ -->\n<title>URETEST - Bioxel<\/title>\n<meta name=\"robots\" content=\"index, follow, max-snippet:-1, max-image-preview:large, max-video-preview:-1\" \/>\n<link rel=\"canonical\" href=\"https:\/\/bioxel.com.uy\/web\/product\/dr-francisco-simon-2232-montevideo-uruguay-tel-598-2483-9070-uretest\/\" \/>\n<meta property=\"og:locale\" content=\"es_ES\" \/>\n<meta property=\"og:type\" content=\"article\" \/>\n<meta property=\"og:title\" content=\"URETEST - Bioxel\" \/>\n<meta property=\"og:description\" content=\"Diagn\u00f3stico exacto, seguro y ultra r\u00e1pido (de 2 a 30 minutos) para la identificaci\u00f3n positiva de H. pylori a trav\u00e9s de la biopsia de la mucosa g\u00e1strica. Especificidad de 100% y Sensibilidad &gt;98%. Validez: 12 meses partir de la fecha de fabricaci\u00f3n. Presentaci\u00f3n &#8211; Caja conteniendo 50 pruebas. Nota: Producto con cadena de frio.\" \/>\n<meta property=\"og:url\" content=\"https:\/\/bioxel.com.uy\/web\/product\/dr-francisco-simon-2232-montevideo-uruguay-tel-598-2483-9070-uretest\/\" \/>\n<meta property=\"og:site_name\" content=\"Bioxel\" \/>\n<meta property=\"article:publisher\" content=\"https:\/\/www.facebook.com\/p\/Bioxel-Uruguay-100075156665285\/\" \/>\n<meta property=\"article:modified_time\" content=\"2026-03-31T01:05:57+00:00\" \/>\n<meta property=\"og:image\" content=\"http:\/\/bioxel.com.uy\/web\/wp-content\/uploads\/2026\/03\/RENYLAB-FEB.-2026.png\" \/>\n\t<meta property=\"og:image:width\" content=\"551\" \/>\n\t<meta property=\"og:image:height\" content=\"289\" \/>\n\t<meta property=\"og:image:type\" content=\"image\/png\" \/>\n<meta name=\"twitter:card\" content=\"summary_large_image\" \/>\n<meta name=\"twitter:label1\" content=\"Tiempo de lectura\" \/>\n\t<meta name=\"twitter:data1\" content=\"1 minuto\" \/>\n<script type=\"application\/ld+json\" class=\"yoast-schema-graph\">{\"@context\":\"https:\/\/schema.org\",\"@graph\":[{\"@type\":\"WebPage\",\"@id\":\"https:\/\/bioxel.com.uy\/web\/product\/dr-francisco-simon-2232-montevideo-uruguay-tel-598-2483-9070-uretest\/\",\"url\":\"https:\/\/bioxel.com.uy\/web\/product\/dr-francisco-simon-2232-montevideo-uruguay-tel-598-2483-9070-uretest\/\",\"name\":\"URETEST - Bioxel\",\"isPartOf\":{\"@id\":\"https:\/\/bioxel.com.uy\/web\/#website\"},\"primaryImageOfPage\":{\"@id\":\"https:\/\/bioxel.com.uy\/web\/product\/dr-francisco-simon-2232-montevideo-uruguay-tel-598-2483-9070-uretest\/#primaryimage\"},\"image\":{\"@id\":\"https:\/\/bioxel.com.uy\/web\/product\/dr-francisco-simon-2232-montevideo-uruguay-tel-598-2483-9070-uretest\/#primaryimage\"},\"thumbnailUrl\":\"https:\/\/bioxel.com.uy\/web\/wp-content\/uploads\/2026\/03\/RENYLAB-FEB.-2026.png\",\"datePublished\":\"2026-03-31T01:05:25+00:00\",\"dateModified\":\"2026-03-31T01:05:57+00:00\",\"breadcrumb\":{\"@id\":\"https:\/\/bioxel.com.uy\/web\/product\/dr-francisco-simon-2232-montevideo-uruguay-tel-598-2483-9070-uretest\/#breadcrumb\"},\"inLanguage\":\"es\",\"potentialAction\":[{\"@type\":\"ReadAction\",\"target\":[\"https:\/\/bioxel.com.uy\/web\/product\/dr-francisco-simon-2232-montevideo-uruguay-tel-598-2483-9070-uretest\/\"]}]},{\"@type\":\"ImageObject\",\"inLanguage\":\"es\",\"@id\":\"https:\/\/bioxel.com.uy\/web\/product\/dr-francisco-simon-2232-montevideo-uruguay-tel-598-2483-9070-uretest\/#primaryimage\",\"url\":\"https:\/\/bioxel.com.uy\/web\/wp-content\/uploads\/2026\/03\/RENYLAB-FEB.-2026.png\",\"contentUrl\":\"https:\/\/bioxel.com.uy\/web\/wp-content\/uploads\/2026\/03\/RENYLAB-FEB.-2026.png\",\"width\":551,\"height\":289},{\"@type\":\"BreadcrumbList\",\"@id\":\"https:\/\/bioxel.com.uy\/web\/product\/dr-francisco-simon-2232-montevideo-uruguay-tel-598-2483-9070-uretest\/#breadcrumb\",\"itemListElement\":[{\"@type\":\"ListItem\",\"position\":1,\"name\":\"Portada\",\"item\":\"https:\/\/bioxel.com.uy\/web\/\"},{\"@type\":\"ListItem\",\"position\":2,\"name\":\"Shop\",\"item\":\"https:\/\/bioxel.com.uy\/web\/shop\/\"},{\"@type\":\"ListItem\",\"position\":3,\"name\":\"URETEST\"}]},{\"@type\":\"WebSite\",\"@id\":\"https:\/\/bioxel.com.uy\/web\/#website\",\"url\":\"https:\/\/bioxel.com.uy\/web\/\",\"name\":\"Laboratorio de Medicamentos Bioxel S.A.\",\"description\":\"Bioxel S.A.\",\"publisher\":{\"@id\":\"https:\/\/bioxel.com.uy\/web\/#organization\"},\"alternateName\":\"Laboratorio Bioxel S.A.\",\"potentialAction\":[{\"@type\":\"SearchAction\",\"target\":{\"@type\":\"EntryPoint\",\"urlTemplate\":\"https:\/\/bioxel.com.uy\/web\/?s={search_term_string}\"},\"query-input\":{\"@type\":\"PropertyValueSpecification\",\"valueRequired\":true,\"valueName\":\"search_term_string\"}}],\"inLanguage\":\"es\"},{\"@type\":\"Organization\",\"@id\":\"https:\/\/bioxel.com.uy\/web\/#organization\",\"name\":\"Laboratorio Bioxel S.A\",\"alternateName\":\"Bioxel\",\"url\":\"https:\/\/bioxel.com.uy\/web\/\",\"logo\":{\"@type\":\"ImageObject\",\"inLanguage\":\"es\",\"@id\":\"https:\/\/bioxel.com.uy\/web\/#\/schema\/logo\/image\/\",\"url\":\"https:\/\/bioxel.com.uy\/web\/wp-content\/uploads\/2024\/02\/BIOXEL-LOGO-NEW.png\",\"contentUrl\":\"https:\/\/bioxel.com.uy\/web\/wp-content\/uploads\/2024\/02\/BIOXEL-LOGO-NEW.png\",\"width\":1792,\"height\":790,\"caption\":\"Laboratorio Bioxel S.A\"},\"image\":{\"@id\":\"https:\/\/bioxel.com.uy\/web\/#\/schema\/logo\/image\/\"},\"sameAs\":[\"https:\/\/www.facebook.com\/p\/Bioxel-Uruguay-100075156665285\/\"]}]}<\/script>\n<!-- \/ Yoast SEO plugin. -->","yoast_head_json":{"title":"URETEST - Bioxel","robots":{"index":"index","follow":"follow","max-snippet":"max-snippet:-1","max-image-preview":"max-image-preview:large","max-video-preview":"max-video-preview:-1"},"canonical":"https:\/\/bioxel.com.uy\/web\/product\/dr-francisco-simon-2232-montevideo-uruguay-tel-598-2483-9070-uretest\/","og_locale":"es_ES","og_type":"article","og_title":"URETEST - Bioxel","og_description":"Diagn\u00f3stico exacto, seguro y ultra r\u00e1pido (de 2 a 30 minutos) para la identificaci\u00f3n positiva de H. pylori a trav\u00e9s de la biopsia de la mucosa g\u00e1strica. Especificidad de 100% y Sensibilidad &gt;98%. Validez: 12 meses partir de la fecha de fabricaci\u00f3n. Presentaci\u00f3n &#8211; Caja conteniendo 50 pruebas. Nota: Producto con cadena de frio.","og_url":"https:\/\/bioxel.com.uy\/web\/product\/dr-francisco-simon-2232-montevideo-uruguay-tel-598-2483-9070-uretest\/","og_site_name":"Bioxel","article_publisher":"https:\/\/www.facebook.com\/p\/Bioxel-Uruguay-100075156665285\/","article_modified_time":"2026-03-31T01:05:57+00:00","og_image":[{"width":551,"height":289,"url":"http:\/\/bioxel.com.uy\/web\/wp-content\/uploads\/2026\/03\/RENYLAB-FEB.-2026.png","type":"image\/png"}],"twitter_card":"summary_large_image","twitter_misc":{"Tiempo de lectura":"1 minuto"},"schema":{"@context":"https:\/\/schema.org","@graph":[{"@type":"WebPage","@id":"https:\/\/bioxel.com.uy\/web\/product\/dr-francisco-simon-2232-montevideo-uruguay-tel-598-2483-9070-uretest\/","url":"https:\/\/bioxel.com.uy\/web\/product\/dr-francisco-simon-2232-montevideo-uruguay-tel-598-2483-9070-uretest\/","name":"URETEST - Bioxel","isPartOf":{"@id":"https:\/\/bioxel.com.uy\/web\/#website"},"primaryImageOfPage":{"@id":"https:\/\/bioxel.com.uy\/web\/product\/dr-francisco-simon-2232-montevideo-uruguay-tel-598-2483-9070-uretest\/#primaryimage"},"image":{"@id":"https:\/\/bioxel.com.uy\/web\/product\/dr-francisco-simon-2232-montevideo-uruguay-tel-598-2483-9070-uretest\/#primaryimage"},"thumbnailUrl":"https:\/\/bioxel.com.uy\/web\/wp-content\/uploads\/2026\/03\/RENYLAB-FEB.-2026.png","datePublished":"2026-03-31T01:05:25+00:00","dateModified":"2026-03-31T01:05:57+00:00","breadcrumb":{"@id":"https:\/\/bioxel.com.uy\/web\/product\/dr-francisco-simon-2232-montevideo-uruguay-tel-598-2483-9070-uretest\/#breadcrumb"},"inLanguage":"es","potentialAction":[{"@type":"ReadAction","target":["https:\/\/bioxel.com.uy\/web\/product\/dr-francisco-simon-2232-montevideo-uruguay-tel-598-2483-9070-uretest\/"]}]},{"@type":"ImageObject","inLanguage":"es","@id":"https:\/\/bioxel.com.uy\/web\/product\/dr-francisco-simon-2232-montevideo-uruguay-tel-598-2483-9070-uretest\/#primaryimage","url":"https:\/\/bioxel.com.uy\/web\/wp-content\/uploads\/2026\/03\/RENYLAB-FEB.-2026.png","contentUrl":"https:\/\/bioxel.com.uy\/web\/wp-content\/uploads\/2026\/03\/RENYLAB-FEB.-2026.png","width":551,"height":289},{"@type":"BreadcrumbList","@id":"https:\/\/bioxel.com.uy\/web\/product\/dr-francisco-simon-2232-montevideo-uruguay-tel-598-2483-9070-uretest\/#breadcrumb","itemListElement":[{"@type":"ListItem","position":1,"name":"Portada","item":"https:\/\/bioxel.com.uy\/web\/"},{"@type":"ListItem","position":2,"name":"Shop","item":"https:\/\/bioxel.com.uy\/web\/shop\/"},{"@type":"ListItem","position":3,"name":"URETEST"}]},{"@type":"WebSite","@id":"https:\/\/bioxel.com.uy\/web\/#website","url":"https:\/\/bioxel.com.uy\/web\/","name":"Laboratorio de Medicamentos Bioxel S.A.","description":"Bioxel S.A.","publisher":{"@id":"https:\/\/bioxel.com.uy\/web\/#organization"},"alternateName":"Laboratorio Bioxel S.A.","potentialAction":[{"@type":"SearchAction","target":{"@type":"EntryPoint","urlTemplate":"https:\/\/bioxel.com.uy\/web\/?s={search_term_string}"},"query-input":{"@type":"PropertyValueSpecification","valueRequired":true,"valueName":"search_term_string"}}],"inLanguage":"es"},{"@type":"Organization","@id":"https:\/\/bioxel.com.uy\/web\/#organization","name":"Laboratorio Bioxel S.A","alternateName":"Bioxel","url":"https:\/\/bioxel.com.uy\/web\/","logo":{"@type":"ImageObject","inLanguage":"es","@id":"https:\/\/bioxel.com.uy\/web\/#\/schema\/logo\/image\/","url":"https:\/\/bioxel.com.uy\/web\/wp-content\/uploads\/2024\/02\/BIOXEL-LOGO-NEW.png","contentUrl":"https:\/\/bioxel.com.uy\/web\/wp-content\/uploads\/2024\/02\/BIOXEL-LOGO-NEW.png","width":1792,"height":790,"caption":"Laboratorio Bioxel S.A"},"image":{"@id":"https:\/\/bioxel.com.uy\/web\/#\/schema\/logo\/image\/"},"sameAs":["https:\/\/www.facebook.com\/p\/Bioxel-Uruguay-100075156665285\/"]}]}},"brands":[{"id":78,"name":"Renylab","slug":"renylab"}],"_links":{"self":[{"href":"https:\/\/bioxel.com.uy\/web\/wp-json\/wp\/v2\/product\/1182","targetHints":{"allow":["GET"]}}],"collection":[{"href":"https:\/\/bioxel.com.uy\/web\/wp-json\/wp\/v2\/product"}],"about":[{"href":"https:\/\/bioxel.com.uy\/web\/wp-json\/wp\/v2\/types\/product"}],"replies":[{"embeddable":true,"href":"https:\/\/bioxel.com.uy\/web\/wp-json\/wp\/v2\/comments?post=1182"}],"version-history":[{"count":2,"href":"https:\/\/bioxel.com.uy\/web\/wp-json\/wp\/v2\/product\/1182\/revisions"}],"predecessor-version":[{"id":1185,"href":"https:\/\/bioxel.com.uy\/web\/wp-json\/wp\/v2\/product\/1182\/revisions\/1185"}],"wp:featuredmedia":[{"embeddable":true,"href":"https:\/\/bioxel.com.uy\/web\/wp-json\/wp\/v2\/media\/1183"}],"wp:attachment":[{"href":"https:\/\/bioxel.com.uy\/web\/wp-json\/wp\/v2\/media?parent=1182"}],"wp:term":[{"taxonomy":"pwb-brand","embeddable":true,"href":"https:\/\/bioxel.com.uy\/web\/wp-json\/wp\/v2\/pwb-brand?post=1182"},{"taxonomy":"product_brand","embeddable":true,"href":"https:\/\/bioxel.com.uy\/web\/wp-json\/wp\/v2\/product_brand?post=1182"},{"taxonomy":"product_cat","embeddable":true,"href":"https:\/\/bioxel.com.uy\/web\/wp-json\/wp\/v2\/product_cat?post=1182"},{"taxonomy":"product_tag","embeddable":true,"href":"https:\/\/bioxel.com.uy\/web\/wp-json\/wp\/v2\/product_tag?post=1182"}],"curies":[{"name":"wp","href":"https:\/\/api.w.org\/{rel}","templated":true}]}}