{"id":1192,"date":"2026-03-30T22:16:40","date_gmt":"2026-03-31T01:16:40","guid":{"rendered":"https:\/\/bioxel.com.uy\/web\/?post_type=product&#038;p=1192"},"modified":"2026-03-30T22:16:40","modified_gmt":"2026-03-31T01:16:40","slug":"renygel-hidrogel-para-endoscopia-digestiva","status":"publish","type":"product","link":"https:\/\/bioxel.com.uy\/web\/product\/renygel-hidrogel-para-endoscopia-digestiva\/","title":{"rendered":"RENYGEL Hidrogel para Endoscopia Digestiva)"},"content":{"rendered":"<p>Gel indicado para facilitar la introducci\u00f3n del tubo endosc\u00f3pico en el paciente, en<br \/>\nendoscopia alta y baja.<br \/>\nCaracter\u00edsticas diferenciales:<br \/>\n\uf0b7 Formulaci\u00f3n a base de agua.<br \/>\n\uf0b7 Viscosidad espec\u00edfica para endoscopia.<br \/>\n\uf0b7 No ocasiona efectos secundarios provocados por geles anest\u00e9sicos.<br \/>\n\uf0b7 Alta seguridad evitando al paciente reacciones al\u00e9rgicas, cardiovasculares y<br \/>\ndel Sistema Nervioso Central.<br \/>\n\uf0b7 Bajo costo y alto rendimiento.<br \/>\n\uf0b7 PH neutro y at\u00f3xico.<br \/>\n\uf0b7 No causa da\u00f1os al equipo.<br \/>\nValidez: 24 meses partir de la fecha de fabricaci\u00f3n<br \/>\nPresentaci\u00f3n &#8211; Frasco con 250g.<\/p>\n","protected":false},"excerpt":{"rendered":"<p>Gel indicado para facilitar la introducci\u00f3n del tubo endosc\u00f3pico en el paciente, en endoscopia alta y baja. Caracter\u00edsticas diferenciales: \uf0b7 Formulaci\u00f3n a base de agua. \uf0b7 Viscosidad espec\u00edfica para endoscopia. \uf0b7 No ocasiona efectos secundarios provocados por geles anest\u00e9sicos. \uf0b7 Alta seguridad evitando al paciente reacciones al\u00e9rgicas, cardiovasculares y del Sistema Nervioso Central. \uf0b7 Bajo [&hellip;]<\/p>\n","protected":false},"featured_media":1193,"comment_status":"closed","ping_status":"closed","template":"","meta":{"inline_featured_image":false,"_monsterinsights_skip_tracking":false,"_monsterinsights_sitenote_active":false,"_monsterinsights_sitenote_note":"","_monsterinsights_sitenote_category":0},"pwb-brand":[78],"product_brand":[],"product_cat":[53],"product_tag":[],"class_list":{"0":"post-1192","1":"product","2":"type-product","3":"status-publish","4":"has-post-thumbnail","6":"pwb-brand-renylab","7":"product_cat-gastroenterologia-endocospia-digestiva","9":"first","10":"instock","11":"shipping-taxable","12":"product-type-simple"},"yoast_head":"<!-- This site is optimized with the Yoast SEO plugin v25.4 - https:\/\/yoast.com\/wordpress\/plugins\/seo\/ -->\n<title>RENYGEL Hidrogel para Endoscopia Digestiva) - Bioxel<\/title>\n<meta name=\"robots\" content=\"index, follow, max-snippet:-1, max-image-preview:large, max-video-preview:-1\" \/>\n<link rel=\"canonical\" href=\"https:\/\/bioxel.com.uy\/web\/product\/renygel-hidrogel-para-endoscopia-digestiva\/\" \/>\n<meta property=\"og:locale\" content=\"es_ES\" \/>\n<meta property=\"og:type\" content=\"article\" \/>\n<meta property=\"og:title\" content=\"RENYGEL Hidrogel para Endoscopia Digestiva) - Bioxel\" \/>\n<meta property=\"og:description\" content=\"Gel indicado para facilitar la introducci\u00f3n del tubo endosc\u00f3pico en el paciente, en endoscopia alta y baja. Caracter\u00edsticas diferenciales: \uf0b7 Formulaci\u00f3n a base de agua. \uf0b7 Viscosidad espec\u00edfica para endoscopia. \uf0b7 No ocasiona efectos secundarios provocados por geles anest\u00e9sicos. \uf0b7 Alta seguridad evitando al paciente reacciones al\u00e9rgicas, cardiovasculares y del Sistema Nervioso Central. \uf0b7 Bajo [&hellip;]\" \/>\n<meta property=\"og:url\" content=\"https:\/\/bioxel.com.uy\/web\/product\/renygel-hidrogel-para-endoscopia-digestiva\/\" \/>\n<meta property=\"og:site_name\" content=\"Bioxel\" \/>\n<meta property=\"article:publisher\" content=\"https:\/\/www.facebook.com\/p\/Bioxel-Uruguay-100075156665285\/\" \/>\n<meta property=\"og:image\" content=\"http:\/\/bioxel.com.uy\/web\/wp-content\/uploads\/2026\/03\/RENYLAB-FEB.-2026-4.png\" \/>\n\t<meta property=\"og:image:width\" content=\"155\" \/>\n\t<meta property=\"og:image:height\" content=\"356\" \/>\n\t<meta property=\"og:image:type\" content=\"image\/png\" \/>\n<meta name=\"twitter:card\" content=\"summary_large_image\" \/>\n<meta name=\"twitter:label1\" content=\"Tiempo de lectura\" \/>\n\t<meta name=\"twitter:data1\" content=\"1 minuto\" \/>\n<script type=\"application\/ld+json\" class=\"yoast-schema-graph\">{\"@context\":\"https:\/\/schema.org\",\"@graph\":[{\"@type\":\"WebPage\",\"@id\":\"https:\/\/bioxel.com.uy\/web\/product\/renygel-hidrogel-para-endoscopia-digestiva\/\",\"url\":\"https:\/\/bioxel.com.uy\/web\/product\/renygel-hidrogel-para-endoscopia-digestiva\/\",\"name\":\"RENYGEL Hidrogel para Endoscopia Digestiva) - Bioxel\",\"isPartOf\":{\"@id\":\"https:\/\/bioxel.com.uy\/web\/#website\"},\"primaryImageOfPage\":{\"@id\":\"https:\/\/bioxel.com.uy\/web\/product\/renygel-hidrogel-para-endoscopia-digestiva\/#primaryimage\"},\"image\":{\"@id\":\"https:\/\/bioxel.com.uy\/web\/product\/renygel-hidrogel-para-endoscopia-digestiva\/#primaryimage\"},\"thumbnailUrl\":\"https:\/\/bioxel.com.uy\/web\/wp-content\/uploads\/2026\/03\/RENYLAB-FEB.-2026-4.png\",\"datePublished\":\"2026-03-31T01:16:40+00:00\",\"breadcrumb\":{\"@id\":\"https:\/\/bioxel.com.uy\/web\/product\/renygel-hidrogel-para-endoscopia-digestiva\/#breadcrumb\"},\"inLanguage\":\"es\",\"potentialAction\":[{\"@type\":\"ReadAction\",\"target\":[\"https:\/\/bioxel.com.uy\/web\/product\/renygel-hidrogel-para-endoscopia-digestiva\/\"]}]},{\"@type\":\"ImageObject\",\"inLanguage\":\"es\",\"@id\":\"https:\/\/bioxel.com.uy\/web\/product\/renygel-hidrogel-para-endoscopia-digestiva\/#primaryimage\",\"url\":\"https:\/\/bioxel.com.uy\/web\/wp-content\/uploads\/2026\/03\/RENYLAB-FEB.-2026-4.png\",\"contentUrl\":\"https:\/\/bioxel.com.uy\/web\/wp-content\/uploads\/2026\/03\/RENYLAB-FEB.-2026-4.png\",\"width\":155,\"height\":356},{\"@type\":\"BreadcrumbList\",\"@id\":\"https:\/\/bioxel.com.uy\/web\/product\/renygel-hidrogel-para-endoscopia-digestiva\/#breadcrumb\",\"itemListElement\":[{\"@type\":\"ListItem\",\"position\":1,\"name\":\"Portada\",\"item\":\"https:\/\/bioxel.com.uy\/web\/\"},{\"@type\":\"ListItem\",\"position\":2,\"name\":\"Shop\",\"item\":\"https:\/\/bioxel.com.uy\/web\/shop\/\"},{\"@type\":\"ListItem\",\"position\":3,\"name\":\"RENYGEL Hidrogel para Endoscopia Digestiva)\"}]},{\"@type\":\"WebSite\",\"@id\":\"https:\/\/bioxel.com.uy\/web\/#website\",\"url\":\"https:\/\/bioxel.com.uy\/web\/\",\"name\":\"Laboratorio de Medicamentos Bioxel S.A.\",\"description\":\"Bioxel S.A.\",\"publisher\":{\"@id\":\"https:\/\/bioxel.com.uy\/web\/#organization\"},\"alternateName\":\"Laboratorio Bioxel S.A.\",\"potentialAction\":[{\"@type\":\"SearchAction\",\"target\":{\"@type\":\"EntryPoint\",\"urlTemplate\":\"https:\/\/bioxel.com.uy\/web\/?s={search_term_string}\"},\"query-input\":{\"@type\":\"PropertyValueSpecification\",\"valueRequired\":true,\"valueName\":\"search_term_string\"}}],\"inLanguage\":\"es\"},{\"@type\":\"Organization\",\"@id\":\"https:\/\/bioxel.com.uy\/web\/#organization\",\"name\":\"Laboratorio Bioxel S.A\",\"alternateName\":\"Bioxel\",\"url\":\"https:\/\/bioxel.com.uy\/web\/\",\"logo\":{\"@type\":\"ImageObject\",\"inLanguage\":\"es\",\"@id\":\"https:\/\/bioxel.com.uy\/web\/#\/schema\/logo\/image\/\",\"url\":\"https:\/\/bioxel.com.uy\/web\/wp-content\/uploads\/2024\/02\/BIOXEL-LOGO-NEW.png\",\"contentUrl\":\"https:\/\/bioxel.com.uy\/web\/wp-content\/uploads\/2024\/02\/BIOXEL-LOGO-NEW.png\",\"width\":1792,\"height\":790,\"caption\":\"Laboratorio Bioxel S.A\"},\"image\":{\"@id\":\"https:\/\/bioxel.com.uy\/web\/#\/schema\/logo\/image\/\"},\"sameAs\":[\"https:\/\/www.facebook.com\/p\/Bioxel-Uruguay-100075156665285\/\"]}]}<\/script>\n<!-- \/ Yoast SEO plugin. -->","yoast_head_json":{"title":"RENYGEL Hidrogel para Endoscopia Digestiva) - Bioxel","robots":{"index":"index","follow":"follow","max-snippet":"max-snippet:-1","max-image-preview":"max-image-preview:large","max-video-preview":"max-video-preview:-1"},"canonical":"https:\/\/bioxel.com.uy\/web\/product\/renygel-hidrogel-para-endoscopia-digestiva\/","og_locale":"es_ES","og_type":"article","og_title":"RENYGEL Hidrogel para Endoscopia Digestiva) - Bioxel","og_description":"Gel indicado para facilitar la introducci\u00f3n del tubo endosc\u00f3pico en el paciente, en endoscopia alta y baja. Caracter\u00edsticas diferenciales: \uf0b7 Formulaci\u00f3n a base de agua. \uf0b7 Viscosidad espec\u00edfica para endoscopia. \uf0b7 No ocasiona efectos secundarios provocados por geles anest\u00e9sicos. \uf0b7 Alta seguridad evitando al paciente reacciones al\u00e9rgicas, cardiovasculares y del Sistema Nervioso Central. \uf0b7 Bajo [&hellip;]","og_url":"https:\/\/bioxel.com.uy\/web\/product\/renygel-hidrogel-para-endoscopia-digestiva\/","og_site_name":"Bioxel","article_publisher":"https:\/\/www.facebook.com\/p\/Bioxel-Uruguay-100075156665285\/","og_image":[{"width":155,"height":356,"url":"http:\/\/bioxel.com.uy\/web\/wp-content\/uploads\/2026\/03\/RENYLAB-FEB.-2026-4.png","type":"image\/png"}],"twitter_card":"summary_large_image","twitter_misc":{"Tiempo de lectura":"1 minuto"},"schema":{"@context":"https:\/\/schema.org","@graph":[{"@type":"WebPage","@id":"https:\/\/bioxel.com.uy\/web\/product\/renygel-hidrogel-para-endoscopia-digestiva\/","url":"https:\/\/bioxel.com.uy\/web\/product\/renygel-hidrogel-para-endoscopia-digestiva\/","name":"RENYGEL Hidrogel para Endoscopia Digestiva) - Bioxel","isPartOf":{"@id":"https:\/\/bioxel.com.uy\/web\/#website"},"primaryImageOfPage":{"@id":"https:\/\/bioxel.com.uy\/web\/product\/renygel-hidrogel-para-endoscopia-digestiva\/#primaryimage"},"image":{"@id":"https:\/\/bioxel.com.uy\/web\/product\/renygel-hidrogel-para-endoscopia-digestiva\/#primaryimage"},"thumbnailUrl":"https:\/\/bioxel.com.uy\/web\/wp-content\/uploads\/2026\/03\/RENYLAB-FEB.-2026-4.png","datePublished":"2026-03-31T01:16:40+00:00","breadcrumb":{"@id":"https:\/\/bioxel.com.uy\/web\/product\/renygel-hidrogel-para-endoscopia-digestiva\/#breadcrumb"},"inLanguage":"es","potentialAction":[{"@type":"ReadAction","target":["https:\/\/bioxel.com.uy\/web\/product\/renygel-hidrogel-para-endoscopia-digestiva\/"]}]},{"@type":"ImageObject","inLanguage":"es","@id":"https:\/\/bioxel.com.uy\/web\/product\/renygel-hidrogel-para-endoscopia-digestiva\/#primaryimage","url":"https:\/\/bioxel.com.uy\/web\/wp-content\/uploads\/2026\/03\/RENYLAB-FEB.-2026-4.png","contentUrl":"https:\/\/bioxel.com.uy\/web\/wp-content\/uploads\/2026\/03\/RENYLAB-FEB.-2026-4.png","width":155,"height":356},{"@type":"BreadcrumbList","@id":"https:\/\/bioxel.com.uy\/web\/product\/renygel-hidrogel-para-endoscopia-digestiva\/#breadcrumb","itemListElement":[{"@type":"ListItem","position":1,"name":"Portada","item":"https:\/\/bioxel.com.uy\/web\/"},{"@type":"ListItem","position":2,"name":"Shop","item":"https:\/\/bioxel.com.uy\/web\/shop\/"},{"@type":"ListItem","position":3,"name":"RENYGEL Hidrogel para Endoscopia Digestiva)"}]},{"@type":"WebSite","@id":"https:\/\/bioxel.com.uy\/web\/#website","url":"https:\/\/bioxel.com.uy\/web\/","name":"Laboratorio de Medicamentos Bioxel S.A.","description":"Bioxel S.A.","publisher":{"@id":"https:\/\/bioxel.com.uy\/web\/#organization"},"alternateName":"Laboratorio Bioxel S.A.","potentialAction":[{"@type":"SearchAction","target":{"@type":"EntryPoint","urlTemplate":"https:\/\/bioxel.com.uy\/web\/?s={search_term_string}"},"query-input":{"@type":"PropertyValueSpecification","valueRequired":true,"valueName":"search_term_string"}}],"inLanguage":"es"},{"@type":"Organization","@id":"https:\/\/bioxel.com.uy\/web\/#organization","name":"Laboratorio Bioxel S.A","alternateName":"Bioxel","url":"https:\/\/bioxel.com.uy\/web\/","logo":{"@type":"ImageObject","inLanguage":"es","@id":"https:\/\/bioxel.com.uy\/web\/#\/schema\/logo\/image\/","url":"https:\/\/bioxel.com.uy\/web\/wp-content\/uploads\/2024\/02\/BIOXEL-LOGO-NEW.png","contentUrl":"https:\/\/bioxel.com.uy\/web\/wp-content\/uploads\/2024\/02\/BIOXEL-LOGO-NEW.png","width":1792,"height":790,"caption":"Laboratorio Bioxel S.A"},"image":{"@id":"https:\/\/bioxel.com.uy\/web\/#\/schema\/logo\/image\/"},"sameAs":["https:\/\/www.facebook.com\/p\/Bioxel-Uruguay-100075156665285\/"]}]}},"brands":[{"id":78,"name":"Renylab","slug":"renylab"}],"_links":{"self":[{"href":"https:\/\/bioxel.com.uy\/web\/wp-json\/wp\/v2\/product\/1192","targetHints":{"allow":["GET"]}}],"collection":[{"href":"https:\/\/bioxel.com.uy\/web\/wp-json\/wp\/v2\/product"}],"about":[{"href":"https:\/\/bioxel.com.uy\/web\/wp-json\/wp\/v2\/types\/product"}],"replies":[{"embeddable":true,"href":"https:\/\/bioxel.com.uy\/web\/wp-json\/wp\/v2\/comments?post=1192"}],"version-history":[{"count":1,"href":"https:\/\/bioxel.com.uy\/web\/wp-json\/wp\/v2\/product\/1192\/revisions"}],"predecessor-version":[{"id":1194,"href":"https:\/\/bioxel.com.uy\/web\/wp-json\/wp\/v2\/product\/1192\/revisions\/1194"}],"wp:featuredmedia":[{"embeddable":true,"href":"https:\/\/bioxel.com.uy\/web\/wp-json\/wp\/v2\/media\/1193"}],"wp:attachment":[{"href":"https:\/\/bioxel.com.uy\/web\/wp-json\/wp\/v2\/media?parent=1192"}],"wp:term":[{"taxonomy":"pwb-brand","embeddable":true,"href":"https:\/\/bioxel.com.uy\/web\/wp-json\/wp\/v2\/pwb-brand?post=1192"},{"taxonomy":"product_brand","embeddable":true,"href":"https:\/\/bioxel.com.uy\/web\/wp-json\/wp\/v2\/product_brand?post=1192"},{"taxonomy":"product_cat","embeddable":true,"href":"https:\/\/bioxel.com.uy\/web\/wp-json\/wp\/v2\/product_cat?post=1192"},{"taxonomy":"product_tag","embeddable":true,"href":"https:\/\/bioxel.com.uy\/web\/wp-json\/wp\/v2\/product_tag?post=1192"}],"curies":[{"name":"wp","href":"https:\/\/api.w.org\/{rel}","templated":true}]}}