{"id":1198,"date":"2026-03-30T22:20:47","date_gmt":"2026-03-31T01:20:47","guid":{"rendered":"https:\/\/bioxel.com.uy\/web\/?post_type=product&#038;p=1198"},"modified":"2026-03-30T22:20:47","modified_gmt":"2026-03-31T01:20:47","slug":"silicona-endoscopica-renylab","status":"publish","type":"product","link":"https:\/\/bioxel.com.uy\/web\/product\/silicona-endoscopica-renylab\/","title":{"rendered":"SILICONA ENDOSCOPICA RENYLAB"},"content":{"rendered":"<p>Para lubricaci\u00f3n y mantenimiento de v\u00e1lvulas de endoscopio, botones de succi\u00f3n, v\u00e1lvulas de<br \/>\naire\/agua y anillos.<br \/>\nEn algunos casos tambi\u00e9n se utiliza en el canal de biopsia, ayudando a alargar la vida \u00fatil del<br \/>\nequipo.<br \/>\nVida \u00fatil: 24 meses<br \/>\nPresentaci\u00f3n &#8211; Frasco con 100ml<\/p>\n","protected":false},"excerpt":{"rendered":"<p>Para lubricaci\u00f3n y mantenimiento de v\u00e1lvulas de endoscopio, botones de succi\u00f3n, v\u00e1lvulas de aire\/agua y anillos. En algunos casos tambi\u00e9n se utiliza en el canal de biopsia, ayudando a alargar la vida \u00fatil del equipo. Vida \u00fatil: 24 meses Presentaci\u00f3n &#8211; Frasco con 100ml<\/p>\n","protected":false},"featured_media":1199,"comment_status":"closed","ping_status":"closed","template":"","meta":{"inline_featured_image":false,"_monsterinsights_skip_tracking":false,"_monsterinsights_sitenote_active":false,"_monsterinsights_sitenote_note":"","_monsterinsights_sitenote_category":0},"pwb-brand":[78],"product_brand":[],"product_cat":[53],"product_tag":[],"class_list":{"0":"post-1198","1":"product","2":"type-product","3":"status-publish","4":"has-post-thumbnail","6":"pwb-brand-renylab","7":"product_cat-gastroenterologia-endocospia-digestiva","9":"first","10":"instock","11":"shipping-taxable","12":"product-type-simple"},"yoast_head":"<!-- This site is optimized with the Yoast SEO plugin v25.4 - https:\/\/yoast.com\/wordpress\/plugins\/seo\/ -->\n<title>SILICONA ENDOSCOPICA RENYLAB - Bioxel<\/title>\n<meta name=\"robots\" content=\"index, follow, max-snippet:-1, max-image-preview:large, max-video-preview:-1\" \/>\n<link rel=\"canonical\" href=\"https:\/\/bioxel.com.uy\/web\/product\/silicona-endoscopica-renylab\/\" \/>\n<meta property=\"og:locale\" content=\"es_ES\" \/>\n<meta property=\"og:type\" content=\"article\" \/>\n<meta property=\"og:title\" content=\"SILICONA ENDOSCOPICA RENYLAB - Bioxel\" \/>\n<meta property=\"og:description\" content=\"Para lubricaci\u00f3n y mantenimiento de v\u00e1lvulas de endoscopio, botones de succi\u00f3n, v\u00e1lvulas de aire\/agua y anillos. En algunos casos tambi\u00e9n se utiliza en el canal de biopsia, ayudando a alargar la vida \u00fatil del equipo. Vida \u00fatil: 24 meses Presentaci\u00f3n &#8211; Frasco con 100ml\" \/>\n<meta property=\"og:url\" content=\"https:\/\/bioxel.com.uy\/web\/product\/silicona-endoscopica-renylab\/\" \/>\n<meta property=\"og:site_name\" content=\"Bioxel\" \/>\n<meta property=\"article:publisher\" content=\"https:\/\/www.facebook.com\/p\/Bioxel-Uruguay-100075156665285\/\" \/>\n<meta property=\"og:image\" content=\"http:\/\/bioxel.com.uy\/web\/wp-content\/uploads\/2026\/03\/RENYLAB-FEB.-20266.png\" \/>\n\t<meta property=\"og:image:width\" content=\"119\" \/>\n\t<meta property=\"og:image:height\" content=\"283\" \/>\n\t<meta property=\"og:image:type\" content=\"image\/png\" \/>\n<meta name=\"twitter:card\" content=\"summary_large_image\" \/>\n<meta name=\"twitter:label1\" content=\"Tiempo de lectura\" \/>\n\t<meta name=\"twitter:data1\" content=\"1 minuto\" \/>\n<script type=\"application\/ld+json\" class=\"yoast-schema-graph\">{\"@context\":\"https:\/\/schema.org\",\"@graph\":[{\"@type\":\"WebPage\",\"@id\":\"https:\/\/bioxel.com.uy\/web\/product\/silicona-endoscopica-renylab\/\",\"url\":\"https:\/\/bioxel.com.uy\/web\/product\/silicona-endoscopica-renylab\/\",\"name\":\"SILICONA ENDOSCOPICA RENYLAB - Bioxel\",\"isPartOf\":{\"@id\":\"https:\/\/bioxel.com.uy\/web\/#website\"},\"primaryImageOfPage\":{\"@id\":\"https:\/\/bioxel.com.uy\/web\/product\/silicona-endoscopica-renylab\/#primaryimage\"},\"image\":{\"@id\":\"https:\/\/bioxel.com.uy\/web\/product\/silicona-endoscopica-renylab\/#primaryimage\"},\"thumbnailUrl\":\"https:\/\/bioxel.com.uy\/web\/wp-content\/uploads\/2026\/03\/RENYLAB-FEB.-20266.png\",\"datePublished\":\"2026-03-31T01:20:47+00:00\",\"breadcrumb\":{\"@id\":\"https:\/\/bioxel.com.uy\/web\/product\/silicona-endoscopica-renylab\/#breadcrumb\"},\"inLanguage\":\"es\",\"potentialAction\":[{\"@type\":\"ReadAction\",\"target\":[\"https:\/\/bioxel.com.uy\/web\/product\/silicona-endoscopica-renylab\/\"]}]},{\"@type\":\"ImageObject\",\"inLanguage\":\"es\",\"@id\":\"https:\/\/bioxel.com.uy\/web\/product\/silicona-endoscopica-renylab\/#primaryimage\",\"url\":\"https:\/\/bioxel.com.uy\/web\/wp-content\/uploads\/2026\/03\/RENYLAB-FEB.-20266.png\",\"contentUrl\":\"https:\/\/bioxel.com.uy\/web\/wp-content\/uploads\/2026\/03\/RENYLAB-FEB.-20266.png\",\"width\":119,\"height\":283},{\"@type\":\"BreadcrumbList\",\"@id\":\"https:\/\/bioxel.com.uy\/web\/product\/silicona-endoscopica-renylab\/#breadcrumb\",\"itemListElement\":[{\"@type\":\"ListItem\",\"position\":1,\"name\":\"Portada\",\"item\":\"https:\/\/bioxel.com.uy\/web\/\"},{\"@type\":\"ListItem\",\"position\":2,\"name\":\"Shop\",\"item\":\"https:\/\/bioxel.com.uy\/web\/shop\/\"},{\"@type\":\"ListItem\",\"position\":3,\"name\":\"SILICONA ENDOSCOPICA RENYLAB\"}]},{\"@type\":\"WebSite\",\"@id\":\"https:\/\/bioxel.com.uy\/web\/#website\",\"url\":\"https:\/\/bioxel.com.uy\/web\/\",\"name\":\"Laboratorio de Medicamentos Bioxel S.A.\",\"description\":\"Bioxel S.A.\",\"publisher\":{\"@id\":\"https:\/\/bioxel.com.uy\/web\/#organization\"},\"alternateName\":\"Laboratorio Bioxel S.A.\",\"potentialAction\":[{\"@type\":\"SearchAction\",\"target\":{\"@type\":\"EntryPoint\",\"urlTemplate\":\"https:\/\/bioxel.com.uy\/web\/?s={search_term_string}\"},\"query-input\":{\"@type\":\"PropertyValueSpecification\",\"valueRequired\":true,\"valueName\":\"search_term_string\"}}],\"inLanguage\":\"es\"},{\"@type\":\"Organization\",\"@id\":\"https:\/\/bioxel.com.uy\/web\/#organization\",\"name\":\"Laboratorio Bioxel S.A\",\"alternateName\":\"Bioxel\",\"url\":\"https:\/\/bioxel.com.uy\/web\/\",\"logo\":{\"@type\":\"ImageObject\",\"inLanguage\":\"es\",\"@id\":\"https:\/\/bioxel.com.uy\/web\/#\/schema\/logo\/image\/\",\"url\":\"https:\/\/bioxel.com.uy\/web\/wp-content\/uploads\/2024\/02\/BIOXEL-LOGO-NEW.png\",\"contentUrl\":\"https:\/\/bioxel.com.uy\/web\/wp-content\/uploads\/2024\/02\/BIOXEL-LOGO-NEW.png\",\"width\":1792,\"height\":790,\"caption\":\"Laboratorio Bioxel S.A\"},\"image\":{\"@id\":\"https:\/\/bioxel.com.uy\/web\/#\/schema\/logo\/image\/\"},\"sameAs\":[\"https:\/\/www.facebook.com\/p\/Bioxel-Uruguay-100075156665285\/\"]}]}<\/script>\n<!-- \/ Yoast SEO plugin. -->","yoast_head_json":{"title":"SILICONA ENDOSCOPICA RENYLAB - Bioxel","robots":{"index":"index","follow":"follow","max-snippet":"max-snippet:-1","max-image-preview":"max-image-preview:large","max-video-preview":"max-video-preview:-1"},"canonical":"https:\/\/bioxel.com.uy\/web\/product\/silicona-endoscopica-renylab\/","og_locale":"es_ES","og_type":"article","og_title":"SILICONA ENDOSCOPICA RENYLAB - Bioxel","og_description":"Para lubricaci\u00f3n y mantenimiento de v\u00e1lvulas de endoscopio, botones de succi\u00f3n, v\u00e1lvulas de aire\/agua y anillos. En algunos casos tambi\u00e9n se utiliza en el canal de biopsia, ayudando a alargar la vida \u00fatil del equipo. Vida \u00fatil: 24 meses Presentaci\u00f3n &#8211; Frasco con 100ml","og_url":"https:\/\/bioxel.com.uy\/web\/product\/silicona-endoscopica-renylab\/","og_site_name":"Bioxel","article_publisher":"https:\/\/www.facebook.com\/p\/Bioxel-Uruguay-100075156665285\/","og_image":[{"width":119,"height":283,"url":"http:\/\/bioxel.com.uy\/web\/wp-content\/uploads\/2026\/03\/RENYLAB-FEB.-20266.png","type":"image\/png"}],"twitter_card":"summary_large_image","twitter_misc":{"Tiempo de lectura":"1 minuto"},"schema":{"@context":"https:\/\/schema.org","@graph":[{"@type":"WebPage","@id":"https:\/\/bioxel.com.uy\/web\/product\/silicona-endoscopica-renylab\/","url":"https:\/\/bioxel.com.uy\/web\/product\/silicona-endoscopica-renylab\/","name":"SILICONA ENDOSCOPICA RENYLAB - Bioxel","isPartOf":{"@id":"https:\/\/bioxel.com.uy\/web\/#website"},"primaryImageOfPage":{"@id":"https:\/\/bioxel.com.uy\/web\/product\/silicona-endoscopica-renylab\/#primaryimage"},"image":{"@id":"https:\/\/bioxel.com.uy\/web\/product\/silicona-endoscopica-renylab\/#primaryimage"},"thumbnailUrl":"https:\/\/bioxel.com.uy\/web\/wp-content\/uploads\/2026\/03\/RENYLAB-FEB.-20266.png","datePublished":"2026-03-31T01:20:47+00:00","breadcrumb":{"@id":"https:\/\/bioxel.com.uy\/web\/product\/silicona-endoscopica-renylab\/#breadcrumb"},"inLanguage":"es","potentialAction":[{"@type":"ReadAction","target":["https:\/\/bioxel.com.uy\/web\/product\/silicona-endoscopica-renylab\/"]}]},{"@type":"ImageObject","inLanguage":"es","@id":"https:\/\/bioxel.com.uy\/web\/product\/silicona-endoscopica-renylab\/#primaryimage","url":"https:\/\/bioxel.com.uy\/web\/wp-content\/uploads\/2026\/03\/RENYLAB-FEB.-20266.png","contentUrl":"https:\/\/bioxel.com.uy\/web\/wp-content\/uploads\/2026\/03\/RENYLAB-FEB.-20266.png","width":119,"height":283},{"@type":"BreadcrumbList","@id":"https:\/\/bioxel.com.uy\/web\/product\/silicona-endoscopica-renylab\/#breadcrumb","itemListElement":[{"@type":"ListItem","position":1,"name":"Portada","item":"https:\/\/bioxel.com.uy\/web\/"},{"@type":"ListItem","position":2,"name":"Shop","item":"https:\/\/bioxel.com.uy\/web\/shop\/"},{"@type":"ListItem","position":3,"name":"SILICONA ENDOSCOPICA RENYLAB"}]},{"@type":"WebSite","@id":"https:\/\/bioxel.com.uy\/web\/#website","url":"https:\/\/bioxel.com.uy\/web\/","name":"Laboratorio de Medicamentos Bioxel S.A.","description":"Bioxel S.A.","publisher":{"@id":"https:\/\/bioxel.com.uy\/web\/#organization"},"alternateName":"Laboratorio Bioxel S.A.","potentialAction":[{"@type":"SearchAction","target":{"@type":"EntryPoint","urlTemplate":"https:\/\/bioxel.com.uy\/web\/?s={search_term_string}"},"query-input":{"@type":"PropertyValueSpecification","valueRequired":true,"valueName":"search_term_string"}}],"inLanguage":"es"},{"@type":"Organization","@id":"https:\/\/bioxel.com.uy\/web\/#organization","name":"Laboratorio Bioxel S.A","alternateName":"Bioxel","url":"https:\/\/bioxel.com.uy\/web\/","logo":{"@type":"ImageObject","inLanguage":"es","@id":"https:\/\/bioxel.com.uy\/web\/#\/schema\/logo\/image\/","url":"https:\/\/bioxel.com.uy\/web\/wp-content\/uploads\/2024\/02\/BIOXEL-LOGO-NEW.png","contentUrl":"https:\/\/bioxel.com.uy\/web\/wp-content\/uploads\/2024\/02\/BIOXEL-LOGO-NEW.png","width":1792,"height":790,"caption":"Laboratorio Bioxel S.A"},"image":{"@id":"https:\/\/bioxel.com.uy\/web\/#\/schema\/logo\/image\/"},"sameAs":["https:\/\/www.facebook.com\/p\/Bioxel-Uruguay-100075156665285\/"]}]}},"brands":[{"id":78,"name":"Renylab","slug":"renylab"}],"_links":{"self":[{"href":"https:\/\/bioxel.com.uy\/web\/wp-json\/wp\/v2\/product\/1198","targetHints":{"allow":["GET"]}}],"collection":[{"href":"https:\/\/bioxel.com.uy\/web\/wp-json\/wp\/v2\/product"}],"about":[{"href":"https:\/\/bioxel.com.uy\/web\/wp-json\/wp\/v2\/types\/product"}],"replies":[{"embeddable":true,"href":"https:\/\/bioxel.com.uy\/web\/wp-json\/wp\/v2\/comments?post=1198"}],"version-history":[{"count":1,"href":"https:\/\/bioxel.com.uy\/web\/wp-json\/wp\/v2\/product\/1198\/revisions"}],"predecessor-version":[{"id":1200,"href":"https:\/\/bioxel.com.uy\/web\/wp-json\/wp\/v2\/product\/1198\/revisions\/1200"}],"wp:featuredmedia":[{"embeddable":true,"href":"https:\/\/bioxel.com.uy\/web\/wp-json\/wp\/v2\/media\/1199"}],"wp:attachment":[{"href":"https:\/\/bioxel.com.uy\/web\/wp-json\/wp\/v2\/media?parent=1198"}],"wp:term":[{"taxonomy":"pwb-brand","embeddable":true,"href":"https:\/\/bioxel.com.uy\/web\/wp-json\/wp\/v2\/pwb-brand?post=1198"},{"taxonomy":"product_brand","embeddable":true,"href":"https:\/\/bioxel.com.uy\/web\/wp-json\/wp\/v2\/product_brand?post=1198"},{"taxonomy":"product_cat","embeddable":true,"href":"https:\/\/bioxel.com.uy\/web\/wp-json\/wp\/v2\/product_cat?post=1198"},{"taxonomy":"product_tag","embeddable":true,"href":"https:\/\/bioxel.com.uy\/web\/wp-json\/wp\/v2\/product_tag?post=1198"}],"curies":[{"name":"wp","href":"https:\/\/api.w.org\/{rel}","templated":true}]}}