{"id":211,"date":"2024-02-13T23:20:45","date_gmt":"2024-02-14T02:20:45","guid":{"rendered":"http:\/\/bioxel.com.uy\/web\/?post_type=product&#038;p=211"},"modified":"2024-03-31T20:03:40","modified_gmt":"2024-03-31T23:03:40","slug":"colistina-richet","status":"publish","type":"product","link":"https:\/\/bioxel.com.uy\/web\/product\/colistina-richet\/","title":{"rendered":"COLISTINA RICHET"},"content":{"rendered":"<p>\u2022\tPrincipio Activo:Colistina (Polimixina E)<br \/>\n\u2022\tConcentraci\u00f3n: 100mg.<br \/>\n\u2022\tForma Farmac\u00e9utica: Polvo liofilizado para soluci\u00f3n inyectable o inhalada.<br \/>\n\u2022\tPresentaci\u00f3n:Envase por 50 frascos ampolla con polvo + ampollas consolvente.<br \/>\n\u2022\tReg.M.S.P.:42328<br \/>\n\u2022\tMarca:Laboratorio Richet(Argentina).<\/p>\n","protected":false},"excerpt":{"rendered":"<p>COLISTINA METANSULFONATO<br \/>\nPolvo liofilizado para Soluci\u00f3n Inyectable.<br \/>\nV\u00eda de administraci\u00f3n: Infusi\u00f3n Intravenosa; Inhalatoria; Intramuscular; Intravenosa.<br \/>\nConcentraci\u00f3n y presentaci\u00f3n: Caja conteniendo 50 frascos-ampolla de Colistina 100 mg + 50 ampollas con solvente.<\/p>\n<p>La Colistina (polimixina E) es un antibi\u00f3tico efectivo contra todos los bacilos Gram-negativos y es usada como antibi\u00f3tico polip\u00e9ptido.<br \/>\nEs una de las \u00faltimas armas contra bacterias polirresistentes como PseudomonasAeruginosa y AcinetobacterSp.<\/p>\n","protected":false},"featured_media":656,"comment_status":"open","ping_status":"closed","template":"","meta":{"inline_featured_image":false,"_monsterinsights_skip_tracking":false,"_monsterinsights_sitenote_active":false,"_monsterinsights_sitenote_note":"","_monsterinsights_sitenote_category":0},"pwb-brand":[36],"product_brand":[],"product_cat":[46,45],"product_tag":[],"class_list":{"0":"post-211","1":"product","2":"type-product","3":"status-publish","4":"has-post-thumbnail","6":"pwb-brand-richet","7":"product_cat-antimicrobianos","8":"product_cat-pharma","10":"first","11":"instock","12":"shipping-taxable","13":"product-type-simple"},"yoast_head":"<!-- This site is optimized with the Yoast SEO plugin v25.4 - https:\/\/yoast.com\/wordpress\/plugins\/seo\/ -->\n<title>COLISTINA RICHET - Bioxel<\/title>\n<meta name=\"robots\" content=\"index, follow, max-snippet:-1, max-image-preview:large, max-video-preview:-1\" \/>\n<link rel=\"canonical\" href=\"https:\/\/bioxel.com.uy\/web\/product\/colistina-richet\/\" \/>\n<meta property=\"og:locale\" content=\"es_ES\" \/>\n<meta property=\"og:type\" content=\"article\" \/>\n<meta property=\"og:title\" content=\"COLISTINA RICHET - Bioxel\" \/>\n<meta property=\"og:description\" content=\"COLISTINA METANSULFONATO Polvo liofilizado para Soluci\u00f3n Inyectable. V\u00eda de administraci\u00f3n: Infusi\u00f3n Intravenosa; Inhalatoria; Intramuscular; Intravenosa. Concentraci\u00f3n y presentaci\u00f3n: Caja conteniendo 50 frascos-ampolla de Colistina 100 mg + 50 ampollas con solvente.  La Colistina (polimixina E) es un antibi\u00f3tico efectivo contra todos los bacilos Gram-negativos y es usada como antibi\u00f3tico polip\u00e9ptido. Es una de las \u00faltimas armas contra bacterias polirresistentes como PseudomonasAeruginosa y AcinetobacterSp.\" \/>\n<meta property=\"og:url\" content=\"https:\/\/bioxel.com.uy\/web\/product\/colistina-richet\/\" \/>\n<meta property=\"og:site_name\" content=\"Bioxel\" \/>\n<meta property=\"article:publisher\" content=\"https:\/\/www.facebook.com\/p\/Bioxel-Uruguay-100075156665285\/\" \/>\n<meta property=\"article:modified_time\" content=\"2024-03-31T23:03:40+00:00\" \/>\n<meta property=\"og:image\" content=\"https:\/\/bioxel.com.uy\/web\/wp-content\/uploads\/2024\/02\/COLISTINA-RICHET.png\" \/>\n\t<meta property=\"og:image:width\" content=\"900\" \/>\n\t<meta property=\"og:image:height\" content=\"600\" \/>\n\t<meta property=\"og:image:type\" content=\"image\/png\" \/>\n<meta name=\"twitter:card\" content=\"summary_large_image\" \/>\n<script type=\"application\/ld+json\" class=\"yoast-schema-graph\">{\"@context\":\"https:\/\/schema.org\",\"@graph\":[{\"@type\":\"WebPage\",\"@id\":\"https:\/\/bioxel.com.uy\/web\/product\/colistina-richet\/\",\"url\":\"https:\/\/bioxel.com.uy\/web\/product\/colistina-richet\/\",\"name\":\"COLISTINA RICHET - Bioxel\",\"isPartOf\":{\"@id\":\"https:\/\/bioxel.com.uy\/web\/#website\"},\"primaryImageOfPage\":{\"@id\":\"https:\/\/bioxel.com.uy\/web\/product\/colistina-richet\/#primaryimage\"},\"image\":{\"@id\":\"https:\/\/bioxel.com.uy\/web\/product\/colistina-richet\/#primaryimage\"},\"thumbnailUrl\":\"https:\/\/bioxel.com.uy\/web\/wp-content\/uploads\/2024\/02\/COLISTINA-RICHET.png\",\"datePublished\":\"2024-02-14T02:20:45+00:00\",\"dateModified\":\"2024-03-31T23:03:40+00:00\",\"breadcrumb\":{\"@id\":\"https:\/\/bioxel.com.uy\/web\/product\/colistina-richet\/#breadcrumb\"},\"inLanguage\":\"es\",\"potentialAction\":[{\"@type\":\"ReadAction\",\"target\":[\"https:\/\/bioxel.com.uy\/web\/product\/colistina-richet\/\"]}]},{\"@type\":\"ImageObject\",\"inLanguage\":\"es\",\"@id\":\"https:\/\/bioxel.com.uy\/web\/product\/colistina-richet\/#primaryimage\",\"url\":\"https:\/\/bioxel.com.uy\/web\/wp-content\/uploads\/2024\/02\/COLISTINA-RICHET.png\",\"contentUrl\":\"https:\/\/bioxel.com.uy\/web\/wp-content\/uploads\/2024\/02\/COLISTINA-RICHET.png\",\"width\":900,\"height\":600},{\"@type\":\"BreadcrumbList\",\"@id\":\"https:\/\/bioxel.com.uy\/web\/product\/colistina-richet\/#breadcrumb\",\"itemListElement\":[{\"@type\":\"ListItem\",\"position\":1,\"name\":\"Portada\",\"item\":\"https:\/\/bioxel.com.uy\/web\/\"},{\"@type\":\"ListItem\",\"position\":2,\"name\":\"Shop\",\"item\":\"https:\/\/bioxel.com.uy\/web\/shop\/\"},{\"@type\":\"ListItem\",\"position\":3,\"name\":\"COLISTINA RICHET\"}]},{\"@type\":\"WebSite\",\"@id\":\"https:\/\/bioxel.com.uy\/web\/#website\",\"url\":\"https:\/\/bioxel.com.uy\/web\/\",\"name\":\"Laboratorio de Medicamentos Bioxel S.A.\",\"description\":\"Bioxel S.A.\",\"publisher\":{\"@id\":\"https:\/\/bioxel.com.uy\/web\/#organization\"},\"alternateName\":\"Laboratorio Bioxel S.A.\",\"potentialAction\":[{\"@type\":\"SearchAction\",\"target\":{\"@type\":\"EntryPoint\",\"urlTemplate\":\"https:\/\/bioxel.com.uy\/web\/?s={search_term_string}\"},\"query-input\":{\"@type\":\"PropertyValueSpecification\",\"valueRequired\":true,\"valueName\":\"search_term_string\"}}],\"inLanguage\":\"es\"},{\"@type\":\"Organization\",\"@id\":\"https:\/\/bioxel.com.uy\/web\/#organization\",\"name\":\"Laboratorio Bioxel S.A\",\"alternateName\":\"Bioxel\",\"url\":\"https:\/\/bioxel.com.uy\/web\/\",\"logo\":{\"@type\":\"ImageObject\",\"inLanguage\":\"es\",\"@id\":\"https:\/\/bioxel.com.uy\/web\/#\/schema\/logo\/image\/\",\"url\":\"https:\/\/bioxel.com.uy\/web\/wp-content\/uploads\/2024\/02\/BIOXEL-LOGO-NEW.png\",\"contentUrl\":\"https:\/\/bioxel.com.uy\/web\/wp-content\/uploads\/2024\/02\/BIOXEL-LOGO-NEW.png\",\"width\":1792,\"height\":790,\"caption\":\"Laboratorio Bioxel S.A\"},\"image\":{\"@id\":\"https:\/\/bioxel.com.uy\/web\/#\/schema\/logo\/image\/\"},\"sameAs\":[\"https:\/\/www.facebook.com\/p\/Bioxel-Uruguay-100075156665285\/\"]}]}<\/script>\n<!-- \/ Yoast SEO plugin. -->","yoast_head_json":{"title":"COLISTINA RICHET - Bioxel","robots":{"index":"index","follow":"follow","max-snippet":"max-snippet:-1","max-image-preview":"max-image-preview:large","max-video-preview":"max-video-preview:-1"},"canonical":"https:\/\/bioxel.com.uy\/web\/product\/colistina-richet\/","og_locale":"es_ES","og_type":"article","og_title":"COLISTINA RICHET - Bioxel","og_description":"COLISTINA METANSULFONATO Polvo liofilizado para Soluci\u00f3n Inyectable. V\u00eda de administraci\u00f3n: Infusi\u00f3n Intravenosa; Inhalatoria; Intramuscular; Intravenosa. Concentraci\u00f3n y presentaci\u00f3n: Caja conteniendo 50 frascos-ampolla de Colistina 100 mg + 50 ampollas con solvente.  La Colistina (polimixina E) es un antibi\u00f3tico efectivo contra todos los bacilos Gram-negativos y es usada como antibi\u00f3tico polip\u00e9ptido. Es una de las \u00faltimas armas contra bacterias polirresistentes como PseudomonasAeruginosa y AcinetobacterSp.","og_url":"https:\/\/bioxel.com.uy\/web\/product\/colistina-richet\/","og_site_name":"Bioxel","article_publisher":"https:\/\/www.facebook.com\/p\/Bioxel-Uruguay-100075156665285\/","article_modified_time":"2024-03-31T23:03:40+00:00","og_image":[{"width":900,"height":600,"url":"https:\/\/bioxel.com.uy\/web\/wp-content\/uploads\/2024\/02\/COLISTINA-RICHET.png","type":"image\/png"}],"twitter_card":"summary_large_image","schema":{"@context":"https:\/\/schema.org","@graph":[{"@type":"WebPage","@id":"https:\/\/bioxel.com.uy\/web\/product\/colistina-richet\/","url":"https:\/\/bioxel.com.uy\/web\/product\/colistina-richet\/","name":"COLISTINA RICHET - Bioxel","isPartOf":{"@id":"https:\/\/bioxel.com.uy\/web\/#website"},"primaryImageOfPage":{"@id":"https:\/\/bioxel.com.uy\/web\/product\/colistina-richet\/#primaryimage"},"image":{"@id":"https:\/\/bioxel.com.uy\/web\/product\/colistina-richet\/#primaryimage"},"thumbnailUrl":"https:\/\/bioxel.com.uy\/web\/wp-content\/uploads\/2024\/02\/COLISTINA-RICHET.png","datePublished":"2024-02-14T02:20:45+00:00","dateModified":"2024-03-31T23:03:40+00:00","breadcrumb":{"@id":"https:\/\/bioxel.com.uy\/web\/product\/colistina-richet\/#breadcrumb"},"inLanguage":"es","potentialAction":[{"@type":"ReadAction","target":["https:\/\/bioxel.com.uy\/web\/product\/colistina-richet\/"]}]},{"@type":"ImageObject","inLanguage":"es","@id":"https:\/\/bioxel.com.uy\/web\/product\/colistina-richet\/#primaryimage","url":"https:\/\/bioxel.com.uy\/web\/wp-content\/uploads\/2024\/02\/COLISTINA-RICHET.png","contentUrl":"https:\/\/bioxel.com.uy\/web\/wp-content\/uploads\/2024\/02\/COLISTINA-RICHET.png","width":900,"height":600},{"@type":"BreadcrumbList","@id":"https:\/\/bioxel.com.uy\/web\/product\/colistina-richet\/#breadcrumb","itemListElement":[{"@type":"ListItem","position":1,"name":"Portada","item":"https:\/\/bioxel.com.uy\/web\/"},{"@type":"ListItem","position":2,"name":"Shop","item":"https:\/\/bioxel.com.uy\/web\/shop\/"},{"@type":"ListItem","position":3,"name":"COLISTINA RICHET"}]},{"@type":"WebSite","@id":"https:\/\/bioxel.com.uy\/web\/#website","url":"https:\/\/bioxel.com.uy\/web\/","name":"Laboratorio de Medicamentos Bioxel S.A.","description":"Bioxel S.A.","publisher":{"@id":"https:\/\/bioxel.com.uy\/web\/#organization"},"alternateName":"Laboratorio Bioxel S.A.","potentialAction":[{"@type":"SearchAction","target":{"@type":"EntryPoint","urlTemplate":"https:\/\/bioxel.com.uy\/web\/?s={search_term_string}"},"query-input":{"@type":"PropertyValueSpecification","valueRequired":true,"valueName":"search_term_string"}}],"inLanguage":"es"},{"@type":"Organization","@id":"https:\/\/bioxel.com.uy\/web\/#organization","name":"Laboratorio Bioxel S.A","alternateName":"Bioxel","url":"https:\/\/bioxel.com.uy\/web\/","logo":{"@type":"ImageObject","inLanguage":"es","@id":"https:\/\/bioxel.com.uy\/web\/#\/schema\/logo\/image\/","url":"https:\/\/bioxel.com.uy\/web\/wp-content\/uploads\/2024\/02\/BIOXEL-LOGO-NEW.png","contentUrl":"https:\/\/bioxel.com.uy\/web\/wp-content\/uploads\/2024\/02\/BIOXEL-LOGO-NEW.png","width":1792,"height":790,"caption":"Laboratorio Bioxel S.A"},"image":{"@id":"https:\/\/bioxel.com.uy\/web\/#\/schema\/logo\/image\/"},"sameAs":["https:\/\/www.facebook.com\/p\/Bioxel-Uruguay-100075156665285\/"]}]}},"brands":[{"id":36,"name":"RICHET","slug":"richet"}],"_links":{"self":[{"href":"https:\/\/bioxel.com.uy\/web\/wp-json\/wp\/v2\/product\/211","targetHints":{"allow":["GET"]}}],"collection":[{"href":"https:\/\/bioxel.com.uy\/web\/wp-json\/wp\/v2\/product"}],"about":[{"href":"https:\/\/bioxel.com.uy\/web\/wp-json\/wp\/v2\/types\/product"}],"replies":[{"embeddable":true,"href":"https:\/\/bioxel.com.uy\/web\/wp-json\/wp\/v2\/comments?post=211"}],"version-history":[{"count":3,"href":"https:\/\/bioxel.com.uy\/web\/wp-json\/wp\/v2\/product\/211\/revisions"}],"predecessor-version":[{"id":658,"href":"https:\/\/bioxel.com.uy\/web\/wp-json\/wp\/v2\/product\/211\/revisions\/658"}],"wp:featuredmedia":[{"embeddable":true,"href":"https:\/\/bioxel.com.uy\/web\/wp-json\/wp\/v2\/media\/656"}],"wp:attachment":[{"href":"https:\/\/bioxel.com.uy\/web\/wp-json\/wp\/v2\/media?parent=211"}],"wp:term":[{"taxonomy":"pwb-brand","embeddable":true,"href":"https:\/\/bioxel.com.uy\/web\/wp-json\/wp\/v2\/pwb-brand?post=211"},{"taxonomy":"product_brand","embeddable":true,"href":"https:\/\/bioxel.com.uy\/web\/wp-json\/wp\/v2\/product_brand?post=211"},{"taxonomy":"product_cat","embeddable":true,"href":"https:\/\/bioxel.com.uy\/web\/wp-json\/wp\/v2\/product_cat?post=211"},{"taxonomy":"product_tag","embeddable":true,"href":"https:\/\/bioxel.com.uy\/web\/wp-json\/wp\/v2\/product_tag?post=211"}],"curies":[{"name":"wp","href":"https:\/\/api.w.org\/{rel}","templated":true}]}}