{"id":217,"date":"2024-02-13T23:23:36","date_gmt":"2024-02-14T02:23:36","guid":{"rendered":"http:\/\/bioxel.com.uy\/web\/?post_type=product&#038;p=217"},"modified":"2024-03-31T20:09:31","modified_gmt":"2024-03-31T23:09:31","slug":"alprostadil-richet","status":"publish","type":"product","link":"https:\/\/bioxel.com.uy\/web\/product\/alprostadil-richet\/","title":{"rendered":"ALPROSTADIL RICHET"},"content":{"rendered":"<p>\u2022 Principio Activo: Alprostadil.<br \/>\n\u2022 Concentraci\u00f3n: 0.5 mg\/ampolla.<br \/>\n\u2022 Forma Farmac\u00e9utica: Soluci\u00f3n inyectable.<br \/>\n\u2022 Presentaci\u00f3n: Envase x 1 ampolla con 1 mL.<br \/>\n\u2022 Reg. M.S.P.: 44128<br \/>\n\u2022 Marca: Laboratorio Richet (Argentina)<br \/>\n\u2022 Condici\u00f3n de almacenamiento: Bajo refrigeraci\u00f3n (2-8\u00baC).<\/p>\n","protected":false},"excerpt":{"rendered":"<p>ALPROSTADIL<br \/>\nSoluci\u00f3n Inyectable.<br \/>\nV\u00eda de administraci\u00f3n: Infusi\u00f3n Intravenosa.<br \/>\nConcentraci\u00f3n y presentaci\u00f3n: Caja conteniendo una ampolla de 0,5 mg\/1 ml.<\/p>\n<p>El Alprostadil, o Prostaglandina E1, mantiene la apertura del conducto arterioso, hasta que sea realizada la cirug\u00eda paliativa o correctiva, en ni\u00f1os nacidos con defectos card\u00edacos cong\u00e9nitos que dependen de la apertura del conducto arterioso para sobrevivir.<\/p>\n","protected":false},"featured_media":661,"comment_status":"open","ping_status":"closed","template":"","meta":{"inline_featured_image":false,"_monsterinsights_skip_tracking":false,"_monsterinsights_sitenote_active":false,"_monsterinsights_sitenote_note":"","_monsterinsights_sitenote_category":0},"pwb-brand":[36],"product_brand":[],"product_cat":[47,45],"product_tag":[],"class_list":{"0":"post-217","1":"product","2":"type-product","3":"status-publish","4":"has-post-thumbnail","6":"pwb-brand-richet","7":"product_cat-cardiologia","8":"product_cat-pharma","10":"first","11":"instock","12":"shipping-taxable","13":"product-type-simple"},"yoast_head":"<!-- This site is optimized with the Yoast SEO plugin v25.4 - https:\/\/yoast.com\/wordpress\/plugins\/seo\/ -->\n<title>ALPROSTADIL RICHET - Bioxel<\/title>\n<meta name=\"robots\" content=\"index, follow, max-snippet:-1, max-image-preview:large, max-video-preview:-1\" \/>\n<link rel=\"canonical\" href=\"https:\/\/bioxel.com.uy\/web\/product\/alprostadil-richet\/\" \/>\n<meta property=\"og:locale\" content=\"es_ES\" \/>\n<meta property=\"og:type\" content=\"article\" \/>\n<meta property=\"og:title\" content=\"ALPROSTADIL RICHET - Bioxel\" \/>\n<meta property=\"og:description\" content=\"ALPROSTADIL Soluci\u00f3n Inyectable. V\u00eda de administraci\u00f3n: Infusi\u00f3n Intravenosa. Concentraci\u00f3n y presentaci\u00f3n: Caja conteniendo una ampolla de 0,5 mg\/1 ml.  El Alprostadil, o Prostaglandina E1, mantiene la apertura del conducto arterioso, hasta que sea realizada la cirug\u00eda paliativa o correctiva, en ni\u00f1os nacidos con defectos card\u00edacos cong\u00e9nitos que dependen de la apertura del conducto arterioso para sobrevivir.\" \/>\n<meta property=\"og:url\" content=\"https:\/\/bioxel.com.uy\/web\/product\/alprostadil-richet\/\" \/>\n<meta property=\"og:site_name\" content=\"Bioxel\" \/>\n<meta property=\"article:publisher\" content=\"https:\/\/www.facebook.com\/p\/Bioxel-Uruguay-100075156665285\/\" \/>\n<meta property=\"article:modified_time\" content=\"2024-03-31T23:09:31+00:00\" \/>\n<meta property=\"og:image\" content=\"https:\/\/bioxel.com.uy\/web\/wp-content\/uploads\/2024\/02\/Alprostadil-Richet.jpg\" \/>\n\t<meta property=\"og:image:width\" content=\"978\" \/>\n\t<meta property=\"og:image:height\" content=\"587\" \/>\n\t<meta property=\"og:image:type\" content=\"image\/jpeg\" \/>\n<meta name=\"twitter:card\" content=\"summary_large_image\" \/>\n<script type=\"application\/ld+json\" class=\"yoast-schema-graph\">{\"@context\":\"https:\/\/schema.org\",\"@graph\":[{\"@type\":\"WebPage\",\"@id\":\"https:\/\/bioxel.com.uy\/web\/product\/alprostadil-richet\/\",\"url\":\"https:\/\/bioxel.com.uy\/web\/product\/alprostadil-richet\/\",\"name\":\"ALPROSTADIL RICHET - Bioxel\",\"isPartOf\":{\"@id\":\"https:\/\/bioxel.com.uy\/web\/#website\"},\"primaryImageOfPage\":{\"@id\":\"https:\/\/bioxel.com.uy\/web\/product\/alprostadil-richet\/#primaryimage\"},\"image\":{\"@id\":\"https:\/\/bioxel.com.uy\/web\/product\/alprostadil-richet\/#primaryimage\"},\"thumbnailUrl\":\"https:\/\/bioxel.com.uy\/web\/wp-content\/uploads\/2024\/02\/Alprostadil-Richet.jpg\",\"datePublished\":\"2024-02-14T02:23:36+00:00\",\"dateModified\":\"2024-03-31T23:09:31+00:00\",\"breadcrumb\":{\"@id\":\"https:\/\/bioxel.com.uy\/web\/product\/alprostadil-richet\/#breadcrumb\"},\"inLanguage\":\"es\",\"potentialAction\":[{\"@type\":\"ReadAction\",\"target\":[\"https:\/\/bioxel.com.uy\/web\/product\/alprostadil-richet\/\"]}]},{\"@type\":\"ImageObject\",\"inLanguage\":\"es\",\"@id\":\"https:\/\/bioxel.com.uy\/web\/product\/alprostadil-richet\/#primaryimage\",\"url\":\"https:\/\/bioxel.com.uy\/web\/wp-content\/uploads\/2024\/02\/Alprostadil-Richet.jpg\",\"contentUrl\":\"https:\/\/bioxel.com.uy\/web\/wp-content\/uploads\/2024\/02\/Alprostadil-Richet.jpg\",\"width\":978,\"height\":587},{\"@type\":\"BreadcrumbList\",\"@id\":\"https:\/\/bioxel.com.uy\/web\/product\/alprostadil-richet\/#breadcrumb\",\"itemListElement\":[{\"@type\":\"ListItem\",\"position\":1,\"name\":\"Portada\",\"item\":\"https:\/\/bioxel.com.uy\/web\/\"},{\"@type\":\"ListItem\",\"position\":2,\"name\":\"Shop\",\"item\":\"https:\/\/bioxel.com.uy\/web\/shop\/\"},{\"@type\":\"ListItem\",\"position\":3,\"name\":\"ALPROSTADIL RICHET\"}]},{\"@type\":\"WebSite\",\"@id\":\"https:\/\/bioxel.com.uy\/web\/#website\",\"url\":\"https:\/\/bioxel.com.uy\/web\/\",\"name\":\"Laboratorio de Medicamentos Bioxel S.A.\",\"description\":\"Bioxel S.A.\",\"publisher\":{\"@id\":\"https:\/\/bioxel.com.uy\/web\/#organization\"},\"alternateName\":\"Laboratorio Bioxel S.A.\",\"potentialAction\":[{\"@type\":\"SearchAction\",\"target\":{\"@type\":\"EntryPoint\",\"urlTemplate\":\"https:\/\/bioxel.com.uy\/web\/?s={search_term_string}\"},\"query-input\":{\"@type\":\"PropertyValueSpecification\",\"valueRequired\":true,\"valueName\":\"search_term_string\"}}],\"inLanguage\":\"es\"},{\"@type\":\"Organization\",\"@id\":\"https:\/\/bioxel.com.uy\/web\/#organization\",\"name\":\"Laboratorio Bioxel S.A\",\"alternateName\":\"Bioxel\",\"url\":\"https:\/\/bioxel.com.uy\/web\/\",\"logo\":{\"@type\":\"ImageObject\",\"inLanguage\":\"es\",\"@id\":\"https:\/\/bioxel.com.uy\/web\/#\/schema\/logo\/image\/\",\"url\":\"https:\/\/bioxel.com.uy\/web\/wp-content\/uploads\/2024\/02\/BIOXEL-LOGO-NEW.png\",\"contentUrl\":\"https:\/\/bioxel.com.uy\/web\/wp-content\/uploads\/2024\/02\/BIOXEL-LOGO-NEW.png\",\"width\":1792,\"height\":790,\"caption\":\"Laboratorio Bioxel S.A\"},\"image\":{\"@id\":\"https:\/\/bioxel.com.uy\/web\/#\/schema\/logo\/image\/\"},\"sameAs\":[\"https:\/\/www.facebook.com\/p\/Bioxel-Uruguay-100075156665285\/\"]}]}<\/script>\n<!-- \/ Yoast SEO plugin. -->","yoast_head_json":{"title":"ALPROSTADIL RICHET - Bioxel","robots":{"index":"index","follow":"follow","max-snippet":"max-snippet:-1","max-image-preview":"max-image-preview:large","max-video-preview":"max-video-preview:-1"},"canonical":"https:\/\/bioxel.com.uy\/web\/product\/alprostadil-richet\/","og_locale":"es_ES","og_type":"article","og_title":"ALPROSTADIL RICHET - Bioxel","og_description":"ALPROSTADIL Soluci\u00f3n Inyectable. V\u00eda de administraci\u00f3n: Infusi\u00f3n Intravenosa. Concentraci\u00f3n y presentaci\u00f3n: Caja conteniendo una ampolla de 0,5 mg\/1 ml.  El Alprostadil, o Prostaglandina E1, mantiene la apertura del conducto arterioso, hasta que sea realizada la cirug\u00eda paliativa o correctiva, en ni\u00f1os nacidos con defectos card\u00edacos cong\u00e9nitos que dependen de la apertura del conducto arterioso para sobrevivir.","og_url":"https:\/\/bioxel.com.uy\/web\/product\/alprostadil-richet\/","og_site_name":"Bioxel","article_publisher":"https:\/\/www.facebook.com\/p\/Bioxel-Uruguay-100075156665285\/","article_modified_time":"2024-03-31T23:09:31+00:00","og_image":[{"width":978,"height":587,"url":"https:\/\/bioxel.com.uy\/web\/wp-content\/uploads\/2024\/02\/Alprostadil-Richet.jpg","type":"image\/jpeg"}],"twitter_card":"summary_large_image","schema":{"@context":"https:\/\/schema.org","@graph":[{"@type":"WebPage","@id":"https:\/\/bioxel.com.uy\/web\/product\/alprostadil-richet\/","url":"https:\/\/bioxel.com.uy\/web\/product\/alprostadil-richet\/","name":"ALPROSTADIL RICHET - Bioxel","isPartOf":{"@id":"https:\/\/bioxel.com.uy\/web\/#website"},"primaryImageOfPage":{"@id":"https:\/\/bioxel.com.uy\/web\/product\/alprostadil-richet\/#primaryimage"},"image":{"@id":"https:\/\/bioxel.com.uy\/web\/product\/alprostadil-richet\/#primaryimage"},"thumbnailUrl":"https:\/\/bioxel.com.uy\/web\/wp-content\/uploads\/2024\/02\/Alprostadil-Richet.jpg","datePublished":"2024-02-14T02:23:36+00:00","dateModified":"2024-03-31T23:09:31+00:00","breadcrumb":{"@id":"https:\/\/bioxel.com.uy\/web\/product\/alprostadil-richet\/#breadcrumb"},"inLanguage":"es","potentialAction":[{"@type":"ReadAction","target":["https:\/\/bioxel.com.uy\/web\/product\/alprostadil-richet\/"]}]},{"@type":"ImageObject","inLanguage":"es","@id":"https:\/\/bioxel.com.uy\/web\/product\/alprostadil-richet\/#primaryimage","url":"https:\/\/bioxel.com.uy\/web\/wp-content\/uploads\/2024\/02\/Alprostadil-Richet.jpg","contentUrl":"https:\/\/bioxel.com.uy\/web\/wp-content\/uploads\/2024\/02\/Alprostadil-Richet.jpg","width":978,"height":587},{"@type":"BreadcrumbList","@id":"https:\/\/bioxel.com.uy\/web\/product\/alprostadil-richet\/#breadcrumb","itemListElement":[{"@type":"ListItem","position":1,"name":"Portada","item":"https:\/\/bioxel.com.uy\/web\/"},{"@type":"ListItem","position":2,"name":"Shop","item":"https:\/\/bioxel.com.uy\/web\/shop\/"},{"@type":"ListItem","position":3,"name":"ALPROSTADIL RICHET"}]},{"@type":"WebSite","@id":"https:\/\/bioxel.com.uy\/web\/#website","url":"https:\/\/bioxel.com.uy\/web\/","name":"Laboratorio de Medicamentos Bioxel S.A.","description":"Bioxel S.A.","publisher":{"@id":"https:\/\/bioxel.com.uy\/web\/#organization"},"alternateName":"Laboratorio Bioxel S.A.","potentialAction":[{"@type":"SearchAction","target":{"@type":"EntryPoint","urlTemplate":"https:\/\/bioxel.com.uy\/web\/?s={search_term_string}"},"query-input":{"@type":"PropertyValueSpecification","valueRequired":true,"valueName":"search_term_string"}}],"inLanguage":"es"},{"@type":"Organization","@id":"https:\/\/bioxel.com.uy\/web\/#organization","name":"Laboratorio Bioxel S.A","alternateName":"Bioxel","url":"https:\/\/bioxel.com.uy\/web\/","logo":{"@type":"ImageObject","inLanguage":"es","@id":"https:\/\/bioxel.com.uy\/web\/#\/schema\/logo\/image\/","url":"https:\/\/bioxel.com.uy\/web\/wp-content\/uploads\/2024\/02\/BIOXEL-LOGO-NEW.png","contentUrl":"https:\/\/bioxel.com.uy\/web\/wp-content\/uploads\/2024\/02\/BIOXEL-LOGO-NEW.png","width":1792,"height":790,"caption":"Laboratorio Bioxel S.A"},"image":{"@id":"https:\/\/bioxel.com.uy\/web\/#\/schema\/logo\/image\/"},"sameAs":["https:\/\/www.facebook.com\/p\/Bioxel-Uruguay-100075156665285\/"]}]}},"brands":[{"id":36,"name":"RICHET","slug":"richet"}],"_links":{"self":[{"href":"https:\/\/bioxel.com.uy\/web\/wp-json\/wp\/v2\/product\/217","targetHints":{"allow":["GET"]}}],"collection":[{"href":"https:\/\/bioxel.com.uy\/web\/wp-json\/wp\/v2\/product"}],"about":[{"href":"https:\/\/bioxel.com.uy\/web\/wp-json\/wp\/v2\/types\/product"}],"replies":[{"embeddable":true,"href":"https:\/\/bioxel.com.uy\/web\/wp-json\/wp\/v2\/comments?post=217"}],"version-history":[{"count":3,"href":"https:\/\/bioxel.com.uy\/web\/wp-json\/wp\/v2\/product\/217\/revisions"}],"predecessor-version":[{"id":662,"href":"https:\/\/bioxel.com.uy\/web\/wp-json\/wp\/v2\/product\/217\/revisions\/662"}],"wp:featuredmedia":[{"embeddable":true,"href":"https:\/\/bioxel.com.uy\/web\/wp-json\/wp\/v2\/media\/661"}],"wp:attachment":[{"href":"https:\/\/bioxel.com.uy\/web\/wp-json\/wp\/v2\/media?parent=217"}],"wp:term":[{"taxonomy":"pwb-brand","embeddable":true,"href":"https:\/\/bioxel.com.uy\/web\/wp-json\/wp\/v2\/pwb-brand?post=217"},{"taxonomy":"product_brand","embeddable":true,"href":"https:\/\/bioxel.com.uy\/web\/wp-json\/wp\/v2\/product_brand?post=217"},{"taxonomy":"product_cat","embeddable":true,"href":"https:\/\/bioxel.com.uy\/web\/wp-json\/wp\/v2\/product_cat?post=217"},{"taxonomy":"product_tag","embeddable":true,"href":"https:\/\/bioxel.com.uy\/web\/wp-json\/wp\/v2\/product_tag?post=217"}],"curies":[{"name":"wp","href":"https:\/\/api.w.org\/{rel}","templated":true}]}}