{"id":220,"date":"2024-02-13T23:24:52","date_gmt":"2024-02-14T02:24:52","guid":{"rendered":"http:\/\/bioxel.com.uy\/web\/?post_type=product&#038;p=220"},"modified":"2024-03-31T20:07:25","modified_gmt":"2024-03-31T23:07:25","slug":"levosimendan-richet","status":"publish","type":"product","link":"https:\/\/bioxel.com.uy\/web\/product\/levosimendan-richet\/","title":{"rendered":"LEVOSIMENDAN RICHET"},"content":{"rendered":"<p>\u2022\tPrincipio Activo:Levosimendan<br \/>\n\u2022\tConcentraci\u00f3n: 12,5 mg.<br \/>\n\u2022\tForma Farmac\u00e9utica: Polvo liofilizado para soluci\u00f3n inyectableo inhalada.<br \/>\n\u2022\tPresentaci\u00f3n:Caja conteniendo un frasco-ampolla de Levosimend\u00e1n 12,5 mg + 1 ampolla de solvente.<br \/>\n\u2022\tMarca: Laboratorio Richet(Argentina).<\/p>\n","protected":false},"excerpt":{"rendered":"<p>LEVOSIMENDAN<br \/>\nPolvo liofilizado para Soluci\u00f3n Inyectable.<br \/>\nV\u00eda de administraci\u00f3n: Infusi\u00f3n Intravenosa.<br \/>\nConcentraci\u00f3n y presentaci\u00f3n: Caja conteniendo un frasco-ampolla de Levosimend\u00e1n 12,5 mg + 1 ampolla de solvente.<br \/>\nEl Levosimend\u00e1n es un nuevo f\u00e1rmaco, primer representante de una nueva clase farmacol\u00f3gica denominada \u00abInodilatadores\u00bb, que mejora el estado hemodin\u00e1mico de los pacientes con insuficiencia card\u00edaca descompensada.<br \/>\nS\u00f3lo debe utilizarse como tratamiento a\u00f1adido en situaciones en las que el tratamiento convencional con otros f\u00e1rmacos no es suficiente y cuando es necesario soporte inotr\u00f3pico.<\/p>\n<p>Es un calciosensibilizante de los miofilamentos card\u00edacos que produce un aumento de la contractilidad mioc\u00e1rdica (pero sin afectar a la relajaci\u00f3n ventricular), con una acci\u00f3n adicional en los canales de potasio sensibles a ATP en el m\u00fasculo liso vascular que le confiere, adem\u00e1s, efectos vasodilatadores.<br \/>\nA este tipo de f\u00e1rmacos con acci\u00f3n dual inotr\u00f3pica positiva y vasodilatadora se les conoce como Inodilatadores.<br \/>\nPor \u00faltimo, Levosimend\u00e1naumenta el flujo sangu\u00edneo coronario en pacientes que se recuperan de una operaci\u00f3n coronaria y mejora la perfusi\u00f3n mioc\u00e1rdica en pacientes con fallo card\u00edaco.<\/p>\n<p>&nbsp;<\/p>\n","protected":false},"featured_media":221,"comment_status":"open","ping_status":"closed","template":"","meta":{"inline_featured_image":false,"_monsterinsights_skip_tracking":false,"_monsterinsights_sitenote_active":false,"_monsterinsights_sitenote_note":"","_monsterinsights_sitenote_category":0},"pwb-brand":[36],"product_brand":[],"product_cat":[47,45],"product_tag":[],"class_list":{"0":"post-220","1":"product","2":"type-product","3":"status-publish","4":"has-post-thumbnail","6":"pwb-brand-richet","7":"product_cat-cardiologia","8":"product_cat-pharma","10":"first","11":"instock","12":"shipping-taxable","13":"product-type-simple"},"yoast_head":"<!-- This site is optimized with the Yoast SEO plugin v25.4 - https:\/\/yoast.com\/wordpress\/plugins\/seo\/ -->\n<title>LEVOSIMENDAN RICHET - Bioxel<\/title>\n<meta name=\"robots\" content=\"index, follow, max-snippet:-1, max-image-preview:large, max-video-preview:-1\" \/>\n<link rel=\"canonical\" href=\"https:\/\/bioxel.com.uy\/web\/product\/levosimendan-richet\/\" \/>\n<meta property=\"og:locale\" content=\"es_ES\" \/>\n<meta property=\"og:type\" content=\"article\" \/>\n<meta property=\"og:title\" content=\"LEVOSIMENDAN RICHET - Bioxel\" \/>\n<meta property=\"og:description\" content=\"LEVOSIMENDAN Polvo liofilizado para Soluci\u00f3n Inyectable. V\u00eda de administraci\u00f3n: Infusi\u00f3n Intravenosa. Concentraci\u00f3n y presentaci\u00f3n: Caja conteniendo un frasco-ampolla de Levosimend\u00e1n 12,5 mg + 1 ampolla de solvente. El Levosimend\u00e1n es un nuevo f\u00e1rmaco, primer representante de una nueva clase farmacol\u00f3gica denominada \u00abInodilatadores\u00bb, que mejora el estado hemodin\u00e1mico de los pacientes con insuficiencia card\u00edaca descompensada. S\u00f3lo debe utilizarse como tratamiento a\u00f1adido en situaciones en las que el tratamiento convencional con otros f\u00e1rmacos no es suficiente y cuando es necesario soporte inotr\u00f3pico.  Es un calciosensibilizante de los miofilamentos card\u00edacos que produce un aumento de la contractilidad mioc\u00e1rdica (pero sin afectar a la relajaci\u00f3n ventricular), con una acci\u00f3n adicional en los canales de potasio sensibles a ATP en el m\u00fasculo liso vascular que le confiere, adem\u00e1s, efectos vasodilatadores. A este tipo de f\u00e1rmacos con acci\u00f3n dual inotr\u00f3pica positiva y vasodilatadora se les conoce como Inodilatadores. Por \u00faltimo, Levosimend\u00e1naumenta el flujo sangu\u00edneo coronario en pacientes que se recuperan de una operaci\u00f3n coronaria y mejora la perfusi\u00f3n mioc\u00e1rdica en pacientes con fallo card\u00edaco.  &nbsp;\" \/>\n<meta property=\"og:url\" content=\"https:\/\/bioxel.com.uy\/web\/product\/levosimendan-richet\/\" \/>\n<meta property=\"og:site_name\" content=\"Bioxel\" \/>\n<meta property=\"article:publisher\" content=\"https:\/\/www.facebook.com\/p\/Bioxel-Uruguay-100075156665285\/\" \/>\n<meta property=\"article:modified_time\" content=\"2024-03-31T23:07:25+00:00\" \/>\n<meta property=\"og:image\" content=\"https:\/\/bioxel.com.uy\/web\/wp-content\/uploads\/2024\/02\/LEVOSIMENDAN.jpg\" \/>\n\t<meta property=\"og:image:width\" content=\"450\" \/>\n\t<meta property=\"og:image:height\" content=\"315\" \/>\n\t<meta property=\"og:image:type\" content=\"image\/jpeg\" \/>\n<meta name=\"twitter:card\" content=\"summary_large_image\" \/>\n<script type=\"application\/ld+json\" class=\"yoast-schema-graph\">{\"@context\":\"https:\/\/schema.org\",\"@graph\":[{\"@type\":\"WebPage\",\"@id\":\"https:\/\/bioxel.com.uy\/web\/product\/levosimendan-richet\/\",\"url\":\"https:\/\/bioxel.com.uy\/web\/product\/levosimendan-richet\/\",\"name\":\"LEVOSIMENDAN RICHET - Bioxel\",\"isPartOf\":{\"@id\":\"https:\/\/bioxel.com.uy\/web\/#website\"},\"primaryImageOfPage\":{\"@id\":\"https:\/\/bioxel.com.uy\/web\/product\/levosimendan-richet\/#primaryimage\"},\"image\":{\"@id\":\"https:\/\/bioxel.com.uy\/web\/product\/levosimendan-richet\/#primaryimage\"},\"thumbnailUrl\":\"https:\/\/bioxel.com.uy\/web\/wp-content\/uploads\/2024\/02\/LEVOSIMENDAN.jpg\",\"datePublished\":\"2024-02-14T02:24:52+00:00\",\"dateModified\":\"2024-03-31T23:07:25+00:00\",\"breadcrumb\":{\"@id\":\"https:\/\/bioxel.com.uy\/web\/product\/levosimendan-richet\/#breadcrumb\"},\"inLanguage\":\"es\",\"potentialAction\":[{\"@type\":\"ReadAction\",\"target\":[\"https:\/\/bioxel.com.uy\/web\/product\/levosimendan-richet\/\"]}]},{\"@type\":\"ImageObject\",\"inLanguage\":\"es\",\"@id\":\"https:\/\/bioxel.com.uy\/web\/product\/levosimendan-richet\/#primaryimage\",\"url\":\"https:\/\/bioxel.com.uy\/web\/wp-content\/uploads\/2024\/02\/LEVOSIMENDAN.jpg\",\"contentUrl\":\"https:\/\/bioxel.com.uy\/web\/wp-content\/uploads\/2024\/02\/LEVOSIMENDAN.jpg\",\"width\":450,\"height\":315},{\"@type\":\"BreadcrumbList\",\"@id\":\"https:\/\/bioxel.com.uy\/web\/product\/levosimendan-richet\/#breadcrumb\",\"itemListElement\":[{\"@type\":\"ListItem\",\"position\":1,\"name\":\"Portada\",\"item\":\"https:\/\/bioxel.com.uy\/web\/\"},{\"@type\":\"ListItem\",\"position\":2,\"name\":\"Shop\",\"item\":\"https:\/\/bioxel.com.uy\/web\/shop\/\"},{\"@type\":\"ListItem\",\"position\":3,\"name\":\"LEVOSIMENDAN RICHET\"}]},{\"@type\":\"WebSite\",\"@id\":\"https:\/\/bioxel.com.uy\/web\/#website\",\"url\":\"https:\/\/bioxel.com.uy\/web\/\",\"name\":\"Laboratorio de Medicamentos Bioxel S.A.\",\"description\":\"Bioxel S.A.\",\"publisher\":{\"@id\":\"https:\/\/bioxel.com.uy\/web\/#organization\"},\"alternateName\":\"Laboratorio Bioxel S.A.\",\"potentialAction\":[{\"@type\":\"SearchAction\",\"target\":{\"@type\":\"EntryPoint\",\"urlTemplate\":\"https:\/\/bioxel.com.uy\/web\/?s={search_term_string}\"},\"query-input\":{\"@type\":\"PropertyValueSpecification\",\"valueRequired\":true,\"valueName\":\"search_term_string\"}}],\"inLanguage\":\"es\"},{\"@type\":\"Organization\",\"@id\":\"https:\/\/bioxel.com.uy\/web\/#organization\",\"name\":\"Laboratorio Bioxel S.A\",\"alternateName\":\"Bioxel\",\"url\":\"https:\/\/bioxel.com.uy\/web\/\",\"logo\":{\"@type\":\"ImageObject\",\"inLanguage\":\"es\",\"@id\":\"https:\/\/bioxel.com.uy\/web\/#\/schema\/logo\/image\/\",\"url\":\"https:\/\/bioxel.com.uy\/web\/wp-content\/uploads\/2024\/02\/BIOXEL-LOGO-NEW.png\",\"contentUrl\":\"https:\/\/bioxel.com.uy\/web\/wp-content\/uploads\/2024\/02\/BIOXEL-LOGO-NEW.png\",\"width\":1792,\"height\":790,\"caption\":\"Laboratorio Bioxel S.A\"},\"image\":{\"@id\":\"https:\/\/bioxel.com.uy\/web\/#\/schema\/logo\/image\/\"},\"sameAs\":[\"https:\/\/www.facebook.com\/p\/Bioxel-Uruguay-100075156665285\/\"]}]}<\/script>\n<!-- \/ Yoast SEO plugin. -->","yoast_head_json":{"title":"LEVOSIMENDAN RICHET - Bioxel","robots":{"index":"index","follow":"follow","max-snippet":"max-snippet:-1","max-image-preview":"max-image-preview:large","max-video-preview":"max-video-preview:-1"},"canonical":"https:\/\/bioxel.com.uy\/web\/product\/levosimendan-richet\/","og_locale":"es_ES","og_type":"article","og_title":"LEVOSIMENDAN RICHET - Bioxel","og_description":"LEVOSIMENDAN Polvo liofilizado para Soluci\u00f3n Inyectable. V\u00eda de administraci\u00f3n: Infusi\u00f3n Intravenosa. Concentraci\u00f3n y presentaci\u00f3n: Caja conteniendo un frasco-ampolla de Levosimend\u00e1n 12,5 mg + 1 ampolla de solvente. El Levosimend\u00e1n es un nuevo f\u00e1rmaco, primer representante de una nueva clase farmacol\u00f3gica denominada \u00abInodilatadores\u00bb, que mejora el estado hemodin\u00e1mico de los pacientes con insuficiencia card\u00edaca descompensada. S\u00f3lo debe utilizarse como tratamiento a\u00f1adido en situaciones en las que el tratamiento convencional con otros f\u00e1rmacos no es suficiente y cuando es necesario soporte inotr\u00f3pico.  Es un calciosensibilizante de los miofilamentos card\u00edacos que produce un aumento de la contractilidad mioc\u00e1rdica (pero sin afectar a la relajaci\u00f3n ventricular), con una acci\u00f3n adicional en los canales de potasio sensibles a ATP en el m\u00fasculo liso vascular que le confiere, adem\u00e1s, efectos vasodilatadores. A este tipo de f\u00e1rmacos con acci\u00f3n dual inotr\u00f3pica positiva y vasodilatadora se les conoce como Inodilatadores. Por \u00faltimo, Levosimend\u00e1naumenta el flujo sangu\u00edneo coronario en pacientes que se recuperan de una operaci\u00f3n coronaria y mejora la perfusi\u00f3n mioc\u00e1rdica en pacientes con fallo card\u00edaco.  &nbsp;","og_url":"https:\/\/bioxel.com.uy\/web\/product\/levosimendan-richet\/","og_site_name":"Bioxel","article_publisher":"https:\/\/www.facebook.com\/p\/Bioxel-Uruguay-100075156665285\/","article_modified_time":"2024-03-31T23:07:25+00:00","og_image":[{"width":450,"height":315,"url":"https:\/\/bioxel.com.uy\/web\/wp-content\/uploads\/2024\/02\/LEVOSIMENDAN.jpg","type":"image\/jpeg"}],"twitter_card":"summary_large_image","schema":{"@context":"https:\/\/schema.org","@graph":[{"@type":"WebPage","@id":"https:\/\/bioxel.com.uy\/web\/product\/levosimendan-richet\/","url":"https:\/\/bioxel.com.uy\/web\/product\/levosimendan-richet\/","name":"LEVOSIMENDAN RICHET - Bioxel","isPartOf":{"@id":"https:\/\/bioxel.com.uy\/web\/#website"},"primaryImageOfPage":{"@id":"https:\/\/bioxel.com.uy\/web\/product\/levosimendan-richet\/#primaryimage"},"image":{"@id":"https:\/\/bioxel.com.uy\/web\/product\/levosimendan-richet\/#primaryimage"},"thumbnailUrl":"https:\/\/bioxel.com.uy\/web\/wp-content\/uploads\/2024\/02\/LEVOSIMENDAN.jpg","datePublished":"2024-02-14T02:24:52+00:00","dateModified":"2024-03-31T23:07:25+00:00","breadcrumb":{"@id":"https:\/\/bioxel.com.uy\/web\/product\/levosimendan-richet\/#breadcrumb"},"inLanguage":"es","potentialAction":[{"@type":"ReadAction","target":["https:\/\/bioxel.com.uy\/web\/product\/levosimendan-richet\/"]}]},{"@type":"ImageObject","inLanguage":"es","@id":"https:\/\/bioxel.com.uy\/web\/product\/levosimendan-richet\/#primaryimage","url":"https:\/\/bioxel.com.uy\/web\/wp-content\/uploads\/2024\/02\/LEVOSIMENDAN.jpg","contentUrl":"https:\/\/bioxel.com.uy\/web\/wp-content\/uploads\/2024\/02\/LEVOSIMENDAN.jpg","width":450,"height":315},{"@type":"BreadcrumbList","@id":"https:\/\/bioxel.com.uy\/web\/product\/levosimendan-richet\/#breadcrumb","itemListElement":[{"@type":"ListItem","position":1,"name":"Portada","item":"https:\/\/bioxel.com.uy\/web\/"},{"@type":"ListItem","position":2,"name":"Shop","item":"https:\/\/bioxel.com.uy\/web\/shop\/"},{"@type":"ListItem","position":3,"name":"LEVOSIMENDAN RICHET"}]},{"@type":"WebSite","@id":"https:\/\/bioxel.com.uy\/web\/#website","url":"https:\/\/bioxel.com.uy\/web\/","name":"Laboratorio de Medicamentos Bioxel S.A.","description":"Bioxel S.A.","publisher":{"@id":"https:\/\/bioxel.com.uy\/web\/#organization"},"alternateName":"Laboratorio Bioxel S.A.","potentialAction":[{"@type":"SearchAction","target":{"@type":"EntryPoint","urlTemplate":"https:\/\/bioxel.com.uy\/web\/?s={search_term_string}"},"query-input":{"@type":"PropertyValueSpecification","valueRequired":true,"valueName":"search_term_string"}}],"inLanguage":"es"},{"@type":"Organization","@id":"https:\/\/bioxel.com.uy\/web\/#organization","name":"Laboratorio Bioxel S.A","alternateName":"Bioxel","url":"https:\/\/bioxel.com.uy\/web\/","logo":{"@type":"ImageObject","inLanguage":"es","@id":"https:\/\/bioxel.com.uy\/web\/#\/schema\/logo\/image\/","url":"https:\/\/bioxel.com.uy\/web\/wp-content\/uploads\/2024\/02\/BIOXEL-LOGO-NEW.png","contentUrl":"https:\/\/bioxel.com.uy\/web\/wp-content\/uploads\/2024\/02\/BIOXEL-LOGO-NEW.png","width":1792,"height":790,"caption":"Laboratorio Bioxel S.A"},"image":{"@id":"https:\/\/bioxel.com.uy\/web\/#\/schema\/logo\/image\/"},"sameAs":["https:\/\/www.facebook.com\/p\/Bioxel-Uruguay-100075156665285\/"]}]}},"brands":[{"id":36,"name":"RICHET","slug":"richet"}],"_links":{"self":[{"href":"https:\/\/bioxel.com.uy\/web\/wp-json\/wp\/v2\/product\/220","targetHints":{"allow":["GET"]}}],"collection":[{"href":"https:\/\/bioxel.com.uy\/web\/wp-json\/wp\/v2\/product"}],"about":[{"href":"https:\/\/bioxel.com.uy\/web\/wp-json\/wp\/v2\/types\/product"}],"replies":[{"embeddable":true,"href":"https:\/\/bioxel.com.uy\/web\/wp-json\/wp\/v2\/comments?post=220"}],"version-history":[{"count":4,"href":"https:\/\/bioxel.com.uy\/web\/wp-json\/wp\/v2\/product\/220\/revisions"}],"predecessor-version":[{"id":659,"href":"https:\/\/bioxel.com.uy\/web\/wp-json\/wp\/v2\/product\/220\/revisions\/659"}],"wp:featuredmedia":[{"embeddable":true,"href":"https:\/\/bioxel.com.uy\/web\/wp-json\/wp\/v2\/media\/221"}],"wp:attachment":[{"href":"https:\/\/bioxel.com.uy\/web\/wp-json\/wp\/v2\/media?parent=220"}],"wp:term":[{"taxonomy":"pwb-brand","embeddable":true,"href":"https:\/\/bioxel.com.uy\/web\/wp-json\/wp\/v2\/pwb-brand?post=220"},{"taxonomy":"product_brand","embeddable":true,"href":"https:\/\/bioxel.com.uy\/web\/wp-json\/wp\/v2\/product_brand?post=220"},{"taxonomy":"product_cat","embeddable":true,"href":"https:\/\/bioxel.com.uy\/web\/wp-json\/wp\/v2\/product_cat?post=220"},{"taxonomy":"product_tag","embeddable":true,"href":"https:\/\/bioxel.com.uy\/web\/wp-json\/wp\/v2\/product_tag?post=220"}],"curies":[{"name":"wp","href":"https:\/\/api.w.org\/{rel}","templated":true}]}}