{"id":239,"date":"2024-02-13T23:45:10","date_gmt":"2024-02-14T02:45:10","guid":{"rendered":"http:\/\/bioxel.com.uy\/web\/?post_type=product&#038;p=239"},"modified":"2024-03-31T20:21:49","modified_gmt":"2024-03-31T23:21:49","slug":"curetec-hidrogel-con-alginato","status":"publish","type":"product","link":"https:\/\/bioxel.com.uy\/web\/product\/curetec-hidrogel-con-alginato\/","title":{"rendered":"CURETEC HIDROGEL CON ALGINATO"},"content":{"rendered":"<p>\u2022\tPresentaci\u00f3n: Caja con teniendo 1pomode 85g.<br \/>\n\u2022\tMarca: Curatec(Brasil).<br \/>\n\u2022\tIndicaciones de uso: Gel transparente y viscoso que hidrata los tejidos necr\u00f3ticos secos,promueve el desbridamiento selectivo y prepara el lecho de la herida para una mejor cicatrizaci\u00f3n.<\/p>\n","protected":false},"excerpt":{"rendered":"<p>HIDROGEL + ALGINATO DE CALCIO Y SODIO<br \/>\nCaja conteniendo un pomo de 85g.<\/p>\n<p>ACCI\u00d3N TERAP\u00c9UTICA<br \/>\nCuratec Hidrogel con Alginato es un gel transparente y viscoso que hidrata los tejidos necr\u00f3ticos secos, promueve el desbridamiento autol\u00edtico selectivo y prepara el lecho de la herida para una mejor cicatrizaci\u00f3n.<\/p>\n<p>INDICACIONES<br \/>\nTratamiento en ambiente h\u00famedo de todo tipo de heridas donde se quiera promover el desbridamiento autol\u00edtico de tejidos necr\u00f3ticos.<\/p>\n","protected":false},"featured_media":237,"comment_status":"open","ping_status":"closed","template":"","meta":{"inline_featured_image":false,"_monsterinsights_skip_tracking":false,"_monsterinsights_sitenote_active":false,"_monsterinsights_sitenote_note":"","_monsterinsights_sitenote_category":0},"pwb-brand":[38],"product_brand":[],"product_cat":[49,45],"product_tag":[],"class_list":{"0":"post-239","1":"product","2":"type-product","3":"status-publish","4":"has-post-thumbnail","6":"pwb-brand-curatec","7":"product_cat-cuidado-heridas","8":"product_cat-pharma","10":"first","11":"instock","12":"shipping-taxable","13":"product-type-simple"},"yoast_head":"<!-- This site is optimized with the Yoast SEO plugin v25.4 - https:\/\/yoast.com\/wordpress\/plugins\/seo\/ -->\n<title>CURETEC HIDROGEL CON ALGINATO - Bioxel<\/title>\n<meta name=\"robots\" content=\"index, follow, max-snippet:-1, max-image-preview:large, max-video-preview:-1\" \/>\n<link rel=\"canonical\" href=\"https:\/\/bioxel.com.uy\/web\/product\/curetec-hidrogel-con-alginato\/\" \/>\n<meta property=\"og:locale\" content=\"es_ES\" \/>\n<meta property=\"og:type\" content=\"article\" \/>\n<meta property=\"og:title\" content=\"CURETEC HIDROGEL CON ALGINATO - Bioxel\" \/>\n<meta property=\"og:description\" content=\"HIDROGEL + ALGINATO DE CALCIO Y SODIO Caja conteniendo un pomo de 85g.  ACCI\u00d3N TERAP\u00c9UTICA Curatec Hidrogel con Alginato es un gel transparente y viscoso que hidrata los tejidos necr\u00f3ticos secos, promueve el desbridamiento autol\u00edtico selectivo y prepara el lecho de la herida para una mejor cicatrizaci\u00f3n.  INDICACIONES Tratamiento en ambiente h\u00famedo de todo tipo de heridas donde se quiera promover el desbridamiento autol\u00edtico de tejidos necr\u00f3ticos.\" \/>\n<meta property=\"og:url\" content=\"https:\/\/bioxel.com.uy\/web\/product\/curetec-hidrogel-con-alginato\/\" \/>\n<meta property=\"og:site_name\" content=\"Bioxel\" \/>\n<meta property=\"article:publisher\" content=\"https:\/\/www.facebook.com\/p\/Bioxel-Uruguay-100075156665285\/\" \/>\n<meta property=\"article:modified_time\" content=\"2024-03-31T23:21:49+00:00\" \/>\n<meta property=\"og:image\" content=\"https:\/\/bioxel.com.uy\/web\/wp-content\/uploads\/2024\/02\/CURATEC-HIDROGEL-CON-ALGINATO.png\" \/>\n\t<meta property=\"og:image:width\" content=\"523\" \/>\n\t<meta property=\"og:image:height\" content=\"151\" \/>\n\t<meta property=\"og:image:type\" content=\"image\/png\" \/>\n<meta name=\"twitter:card\" content=\"summary_large_image\" \/>\n<script type=\"application\/ld+json\" class=\"yoast-schema-graph\">{\"@context\":\"https:\/\/schema.org\",\"@graph\":[{\"@type\":\"WebPage\",\"@id\":\"https:\/\/bioxel.com.uy\/web\/product\/curetec-hidrogel-con-alginato\/\",\"url\":\"https:\/\/bioxel.com.uy\/web\/product\/curetec-hidrogel-con-alginato\/\",\"name\":\"CURETEC HIDROGEL CON ALGINATO - Bioxel\",\"isPartOf\":{\"@id\":\"https:\/\/bioxel.com.uy\/web\/#website\"},\"primaryImageOfPage\":{\"@id\":\"https:\/\/bioxel.com.uy\/web\/product\/curetec-hidrogel-con-alginato\/#primaryimage\"},\"image\":{\"@id\":\"https:\/\/bioxel.com.uy\/web\/product\/curetec-hidrogel-con-alginato\/#primaryimage\"},\"thumbnailUrl\":\"https:\/\/bioxel.com.uy\/web\/wp-content\/uploads\/2024\/02\/CURATEC-HIDROGEL-CON-ALGINATO.png\",\"datePublished\":\"2024-02-14T02:45:10+00:00\",\"dateModified\":\"2024-03-31T23:21:49+00:00\",\"breadcrumb\":{\"@id\":\"https:\/\/bioxel.com.uy\/web\/product\/curetec-hidrogel-con-alginato\/#breadcrumb\"},\"inLanguage\":\"es\",\"potentialAction\":[{\"@type\":\"ReadAction\",\"target\":[\"https:\/\/bioxel.com.uy\/web\/product\/curetec-hidrogel-con-alginato\/\"]}]},{\"@type\":\"ImageObject\",\"inLanguage\":\"es\",\"@id\":\"https:\/\/bioxel.com.uy\/web\/product\/curetec-hidrogel-con-alginato\/#primaryimage\",\"url\":\"https:\/\/bioxel.com.uy\/web\/wp-content\/uploads\/2024\/02\/CURATEC-HIDROGEL-CON-ALGINATO.png\",\"contentUrl\":\"https:\/\/bioxel.com.uy\/web\/wp-content\/uploads\/2024\/02\/CURATEC-HIDROGEL-CON-ALGINATO.png\",\"width\":523,\"height\":151},{\"@type\":\"BreadcrumbList\",\"@id\":\"https:\/\/bioxel.com.uy\/web\/product\/curetec-hidrogel-con-alginato\/#breadcrumb\",\"itemListElement\":[{\"@type\":\"ListItem\",\"position\":1,\"name\":\"Portada\",\"item\":\"https:\/\/bioxel.com.uy\/web\/\"},{\"@type\":\"ListItem\",\"position\":2,\"name\":\"Shop\",\"item\":\"https:\/\/bioxel.com.uy\/web\/shop\/\"},{\"@type\":\"ListItem\",\"position\":3,\"name\":\"CURETEC HIDROGEL CON ALGINATO\"}]},{\"@type\":\"WebSite\",\"@id\":\"https:\/\/bioxel.com.uy\/web\/#website\",\"url\":\"https:\/\/bioxel.com.uy\/web\/\",\"name\":\"Laboratorio de Medicamentos Bioxel S.A.\",\"description\":\"Bioxel S.A.\",\"publisher\":{\"@id\":\"https:\/\/bioxel.com.uy\/web\/#organization\"},\"alternateName\":\"Laboratorio Bioxel S.A.\",\"potentialAction\":[{\"@type\":\"SearchAction\",\"target\":{\"@type\":\"EntryPoint\",\"urlTemplate\":\"https:\/\/bioxel.com.uy\/web\/?s={search_term_string}\"},\"query-input\":{\"@type\":\"PropertyValueSpecification\",\"valueRequired\":true,\"valueName\":\"search_term_string\"}}],\"inLanguage\":\"es\"},{\"@type\":\"Organization\",\"@id\":\"https:\/\/bioxel.com.uy\/web\/#organization\",\"name\":\"Laboratorio Bioxel S.A\",\"alternateName\":\"Bioxel\",\"url\":\"https:\/\/bioxel.com.uy\/web\/\",\"logo\":{\"@type\":\"ImageObject\",\"inLanguage\":\"es\",\"@id\":\"https:\/\/bioxel.com.uy\/web\/#\/schema\/logo\/image\/\",\"url\":\"https:\/\/bioxel.com.uy\/web\/wp-content\/uploads\/2024\/02\/BIOXEL-LOGO-NEW.png\",\"contentUrl\":\"https:\/\/bioxel.com.uy\/web\/wp-content\/uploads\/2024\/02\/BIOXEL-LOGO-NEW.png\",\"width\":1792,\"height\":790,\"caption\":\"Laboratorio Bioxel S.A\"},\"image\":{\"@id\":\"https:\/\/bioxel.com.uy\/web\/#\/schema\/logo\/image\/\"},\"sameAs\":[\"https:\/\/www.facebook.com\/p\/Bioxel-Uruguay-100075156665285\/\"]}]}<\/script>\n<!-- \/ Yoast SEO plugin. -->","yoast_head_json":{"title":"CURETEC HIDROGEL CON ALGINATO - Bioxel","robots":{"index":"index","follow":"follow","max-snippet":"max-snippet:-1","max-image-preview":"max-image-preview:large","max-video-preview":"max-video-preview:-1"},"canonical":"https:\/\/bioxel.com.uy\/web\/product\/curetec-hidrogel-con-alginato\/","og_locale":"es_ES","og_type":"article","og_title":"CURETEC HIDROGEL CON ALGINATO - Bioxel","og_description":"HIDROGEL + ALGINATO DE CALCIO Y SODIO Caja conteniendo un pomo de 85g.  ACCI\u00d3N TERAP\u00c9UTICA Curatec Hidrogel con Alginato es un gel transparente y viscoso que hidrata los tejidos necr\u00f3ticos secos, promueve el desbridamiento autol\u00edtico selectivo y prepara el lecho de la herida para una mejor cicatrizaci\u00f3n.  INDICACIONES Tratamiento en ambiente h\u00famedo de todo tipo de heridas donde se quiera promover el desbridamiento autol\u00edtico de tejidos necr\u00f3ticos.","og_url":"https:\/\/bioxel.com.uy\/web\/product\/curetec-hidrogel-con-alginato\/","og_site_name":"Bioxel","article_publisher":"https:\/\/www.facebook.com\/p\/Bioxel-Uruguay-100075156665285\/","article_modified_time":"2024-03-31T23:21:49+00:00","og_image":[{"width":523,"height":151,"url":"https:\/\/bioxel.com.uy\/web\/wp-content\/uploads\/2024\/02\/CURATEC-HIDROGEL-CON-ALGINATO.png","type":"image\/png"}],"twitter_card":"summary_large_image","schema":{"@context":"https:\/\/schema.org","@graph":[{"@type":"WebPage","@id":"https:\/\/bioxel.com.uy\/web\/product\/curetec-hidrogel-con-alginato\/","url":"https:\/\/bioxel.com.uy\/web\/product\/curetec-hidrogel-con-alginato\/","name":"CURETEC HIDROGEL CON ALGINATO - Bioxel","isPartOf":{"@id":"https:\/\/bioxel.com.uy\/web\/#website"},"primaryImageOfPage":{"@id":"https:\/\/bioxel.com.uy\/web\/product\/curetec-hidrogel-con-alginato\/#primaryimage"},"image":{"@id":"https:\/\/bioxel.com.uy\/web\/product\/curetec-hidrogel-con-alginato\/#primaryimage"},"thumbnailUrl":"https:\/\/bioxel.com.uy\/web\/wp-content\/uploads\/2024\/02\/CURATEC-HIDROGEL-CON-ALGINATO.png","datePublished":"2024-02-14T02:45:10+00:00","dateModified":"2024-03-31T23:21:49+00:00","breadcrumb":{"@id":"https:\/\/bioxel.com.uy\/web\/product\/curetec-hidrogel-con-alginato\/#breadcrumb"},"inLanguage":"es","potentialAction":[{"@type":"ReadAction","target":["https:\/\/bioxel.com.uy\/web\/product\/curetec-hidrogel-con-alginato\/"]}]},{"@type":"ImageObject","inLanguage":"es","@id":"https:\/\/bioxel.com.uy\/web\/product\/curetec-hidrogel-con-alginato\/#primaryimage","url":"https:\/\/bioxel.com.uy\/web\/wp-content\/uploads\/2024\/02\/CURATEC-HIDROGEL-CON-ALGINATO.png","contentUrl":"https:\/\/bioxel.com.uy\/web\/wp-content\/uploads\/2024\/02\/CURATEC-HIDROGEL-CON-ALGINATO.png","width":523,"height":151},{"@type":"BreadcrumbList","@id":"https:\/\/bioxel.com.uy\/web\/product\/curetec-hidrogel-con-alginato\/#breadcrumb","itemListElement":[{"@type":"ListItem","position":1,"name":"Portada","item":"https:\/\/bioxel.com.uy\/web\/"},{"@type":"ListItem","position":2,"name":"Shop","item":"https:\/\/bioxel.com.uy\/web\/shop\/"},{"@type":"ListItem","position":3,"name":"CURETEC HIDROGEL CON ALGINATO"}]},{"@type":"WebSite","@id":"https:\/\/bioxel.com.uy\/web\/#website","url":"https:\/\/bioxel.com.uy\/web\/","name":"Laboratorio de Medicamentos Bioxel S.A.","description":"Bioxel S.A.","publisher":{"@id":"https:\/\/bioxel.com.uy\/web\/#organization"},"alternateName":"Laboratorio Bioxel S.A.","potentialAction":[{"@type":"SearchAction","target":{"@type":"EntryPoint","urlTemplate":"https:\/\/bioxel.com.uy\/web\/?s={search_term_string}"},"query-input":{"@type":"PropertyValueSpecification","valueRequired":true,"valueName":"search_term_string"}}],"inLanguage":"es"},{"@type":"Organization","@id":"https:\/\/bioxel.com.uy\/web\/#organization","name":"Laboratorio Bioxel S.A","alternateName":"Bioxel","url":"https:\/\/bioxel.com.uy\/web\/","logo":{"@type":"ImageObject","inLanguage":"es","@id":"https:\/\/bioxel.com.uy\/web\/#\/schema\/logo\/image\/","url":"https:\/\/bioxel.com.uy\/web\/wp-content\/uploads\/2024\/02\/BIOXEL-LOGO-NEW.png","contentUrl":"https:\/\/bioxel.com.uy\/web\/wp-content\/uploads\/2024\/02\/BIOXEL-LOGO-NEW.png","width":1792,"height":790,"caption":"Laboratorio Bioxel S.A"},"image":{"@id":"https:\/\/bioxel.com.uy\/web\/#\/schema\/logo\/image\/"},"sameAs":["https:\/\/www.facebook.com\/p\/Bioxel-Uruguay-100075156665285\/"]}]}},"brands":[{"id":38,"name":"CURATEC","slug":"curatec"}],"_links":{"self":[{"href":"https:\/\/bioxel.com.uy\/web\/wp-json\/wp\/v2\/product\/239","targetHints":{"allow":["GET"]}}],"collection":[{"href":"https:\/\/bioxel.com.uy\/web\/wp-json\/wp\/v2\/product"}],"about":[{"href":"https:\/\/bioxel.com.uy\/web\/wp-json\/wp\/v2\/types\/product"}],"replies":[{"embeddable":true,"href":"https:\/\/bioxel.com.uy\/web\/wp-json\/wp\/v2\/comments?post=239"}],"version-history":[{"count":3,"href":"https:\/\/bioxel.com.uy\/web\/wp-json\/wp\/v2\/product\/239\/revisions"}],"predecessor-version":[{"id":673,"href":"https:\/\/bioxel.com.uy\/web\/wp-json\/wp\/v2\/product\/239\/revisions\/673"}],"wp:featuredmedia":[{"embeddable":true,"href":"https:\/\/bioxel.com.uy\/web\/wp-json\/wp\/v2\/media\/237"}],"wp:attachment":[{"href":"https:\/\/bioxel.com.uy\/web\/wp-json\/wp\/v2\/media?parent=239"}],"wp:term":[{"taxonomy":"pwb-brand","embeddable":true,"href":"https:\/\/bioxel.com.uy\/web\/wp-json\/wp\/v2\/pwb-brand?post=239"},{"taxonomy":"product_brand","embeddable":true,"href":"https:\/\/bioxel.com.uy\/web\/wp-json\/wp\/v2\/product_brand?post=239"},{"taxonomy":"product_cat","embeddable":true,"href":"https:\/\/bioxel.com.uy\/web\/wp-json\/wp\/v2\/product_cat?post=239"},{"taxonomy":"product_tag","embeddable":true,"href":"https:\/\/bioxel.com.uy\/web\/wp-json\/wp\/v2\/product_tag?post=239"}],"curies":[{"name":"wp","href":"https:\/\/api.w.org\/{rel}","templated":true}]}}