{"id":242,"date":"2024-02-13T23:47:30","date_gmt":"2024-02-14T02:47:30","guid":{"rendered":"http:\/\/bioxel.com.uy\/web\/?post_type=product&#038;p=242"},"modified":"2024-03-31T20:26:15","modified_gmt":"2024-03-31T23:26:15","slug":"bota-de-unna-curatec","status":"publish","type":"product","link":"https:\/\/bioxel.com.uy\/web\/product\/bota-de-unna-curatec\/","title":{"rendered":"BOTA DE UNNA CURATEC"},"content":{"rendered":"<p>\u2022\tVenda inel\u00e1stica impregnada con Pasta de Unna<br \/>\n\u2022\tPresentaci\u00f3n: Caja conteniendo 5 botas individuales de 7.6x914cm.<br \/>\n\u2022\tMarca: Curatec(Brasil).<br \/>\n\u2022\tIndicaciones de uso: Venda inel\u00e1stica (terapia de contenci\u00f3n) impregnada con pasta a base de \u00f3xido de zinc indicada en \u00falceras venosas de miembros inferiores y edemas linf\u00e1ticos.<\/p>\n","protected":false},"excerpt":{"rendered":"<p>BOTA DE UNNA<br \/>\nCaja conteniendo 5 vendajes de7,6 cm x 9,14 m impregnados en:<br \/>\n\u00d3xido de zinc<br \/>\nGoma acacia<br \/>\nGlicerol<br \/>\nAceite de ricino<br \/>\nAgua desionizada.<br \/>\nACCI\u00d3N TERAP\u00c9UTICA<br \/>\nCuratec Bota de Unnaes un vendaje inel\u00e1stico (terapia de compresi\u00f3n) impregnado con Pasta de Unna. Mejora el retorno venoso de los miembros inferiores y promueve la cicatrizaci\u00f3n de sus Ulceras Venosas.<\/p>\n<p>INDICACIONES<br \/>\nSe indica Curatec Bota de Unna en eltratamiento ambulatorio de \u00falcera venosa y edema linf\u00e1tico de los miembros inferiores<\/p>\n","protected":false},"featured_media":243,"comment_status":"open","ping_status":"closed","template":"","meta":{"inline_featured_image":false,"_monsterinsights_skip_tracking":false,"_monsterinsights_sitenote_active":false,"_monsterinsights_sitenote_note":"","_monsterinsights_sitenote_category":0},"pwb-brand":[38],"product_brand":[],"product_cat":[49,45],"product_tag":[],"class_list":{"0":"post-242","1":"product","2":"type-product","3":"status-publish","4":"has-post-thumbnail","6":"pwb-brand-curatec","7":"product_cat-cuidado-heridas","8":"product_cat-pharma","10":"first","11":"instock","12":"shipping-taxable","13":"product-type-simple"},"yoast_head":"<!-- This site is optimized with the Yoast SEO plugin v25.4 - https:\/\/yoast.com\/wordpress\/plugins\/seo\/ -->\n<title>BOTA DE UNNA CURATEC - Bioxel<\/title>\n<meta name=\"robots\" content=\"index, follow, max-snippet:-1, max-image-preview:large, max-video-preview:-1\" \/>\n<link rel=\"canonical\" href=\"https:\/\/bioxel.com.uy\/web\/product\/bota-de-unna-curatec\/\" \/>\n<meta property=\"og:locale\" content=\"es_ES\" \/>\n<meta property=\"og:type\" content=\"article\" \/>\n<meta property=\"og:title\" content=\"BOTA DE UNNA CURATEC - Bioxel\" \/>\n<meta property=\"og:description\" content=\"BOTA DE UNNA Caja conteniendo 5 vendajes de7,6 cm x 9,14 m impregnados en: \u00d3xido de zinc Goma acacia Glicerol Aceite de ricino Agua desionizada. ACCI\u00d3N TERAP\u00c9UTICA Curatec Bota de Unnaes un vendaje inel\u00e1stico (terapia de compresi\u00f3n) impregnado con Pasta de Unna. Mejora el retorno venoso de los miembros inferiores y promueve la cicatrizaci\u00f3n de sus Ulceras Venosas.  INDICACIONES Se indica Curatec Bota de Unna en eltratamiento ambulatorio de \u00falcera venosa y edema linf\u00e1tico de los miembros inferiores\" \/>\n<meta property=\"og:url\" content=\"https:\/\/bioxel.com.uy\/web\/product\/bota-de-unna-curatec\/\" \/>\n<meta property=\"og:site_name\" content=\"Bioxel\" \/>\n<meta property=\"article:publisher\" content=\"https:\/\/www.facebook.com\/p\/Bioxel-Uruguay-100075156665285\/\" \/>\n<meta property=\"article:modified_time\" content=\"2024-03-31T23:26:15+00:00\" \/>\n<meta property=\"og:image\" content=\"https:\/\/bioxel.com.uy\/web\/wp-content\/uploads\/2024\/02\/BOTA-DE-UNNA-CURATEC-2.png\" \/>\n\t<meta property=\"og:image:width\" content=\"447\" \/>\n\t<meta property=\"og:image:height\" content=\"380\" \/>\n\t<meta property=\"og:image:type\" content=\"image\/png\" \/>\n<meta name=\"twitter:card\" content=\"summary_large_image\" \/>\n<script type=\"application\/ld+json\" class=\"yoast-schema-graph\">{\"@context\":\"https:\/\/schema.org\",\"@graph\":[{\"@type\":\"WebPage\",\"@id\":\"https:\/\/bioxel.com.uy\/web\/product\/bota-de-unna-curatec\/\",\"url\":\"https:\/\/bioxel.com.uy\/web\/product\/bota-de-unna-curatec\/\",\"name\":\"BOTA DE UNNA CURATEC - Bioxel\",\"isPartOf\":{\"@id\":\"https:\/\/bioxel.com.uy\/web\/#website\"},\"primaryImageOfPage\":{\"@id\":\"https:\/\/bioxel.com.uy\/web\/product\/bota-de-unna-curatec\/#primaryimage\"},\"image\":{\"@id\":\"https:\/\/bioxel.com.uy\/web\/product\/bota-de-unna-curatec\/#primaryimage\"},\"thumbnailUrl\":\"https:\/\/bioxel.com.uy\/web\/wp-content\/uploads\/2024\/02\/BOTA-DE-UNNA-CURATEC-2.png\",\"datePublished\":\"2024-02-14T02:47:30+00:00\",\"dateModified\":\"2024-03-31T23:26:15+00:00\",\"breadcrumb\":{\"@id\":\"https:\/\/bioxel.com.uy\/web\/product\/bota-de-unna-curatec\/#breadcrumb\"},\"inLanguage\":\"es\",\"potentialAction\":[{\"@type\":\"ReadAction\",\"target\":[\"https:\/\/bioxel.com.uy\/web\/product\/bota-de-unna-curatec\/\"]}]},{\"@type\":\"ImageObject\",\"inLanguage\":\"es\",\"@id\":\"https:\/\/bioxel.com.uy\/web\/product\/bota-de-unna-curatec\/#primaryimage\",\"url\":\"https:\/\/bioxel.com.uy\/web\/wp-content\/uploads\/2024\/02\/BOTA-DE-UNNA-CURATEC-2.png\",\"contentUrl\":\"https:\/\/bioxel.com.uy\/web\/wp-content\/uploads\/2024\/02\/BOTA-DE-UNNA-CURATEC-2.png\",\"width\":447,\"height\":380},{\"@type\":\"BreadcrumbList\",\"@id\":\"https:\/\/bioxel.com.uy\/web\/product\/bota-de-unna-curatec\/#breadcrumb\",\"itemListElement\":[{\"@type\":\"ListItem\",\"position\":1,\"name\":\"Portada\",\"item\":\"https:\/\/bioxel.com.uy\/web\/\"},{\"@type\":\"ListItem\",\"position\":2,\"name\":\"Shop\",\"item\":\"https:\/\/bioxel.com.uy\/web\/shop\/\"},{\"@type\":\"ListItem\",\"position\":3,\"name\":\"BOTA DE UNNA CURATEC\"}]},{\"@type\":\"WebSite\",\"@id\":\"https:\/\/bioxel.com.uy\/web\/#website\",\"url\":\"https:\/\/bioxel.com.uy\/web\/\",\"name\":\"Laboratorio de Medicamentos Bioxel S.A.\",\"description\":\"Bioxel S.A.\",\"publisher\":{\"@id\":\"https:\/\/bioxel.com.uy\/web\/#organization\"},\"alternateName\":\"Laboratorio Bioxel S.A.\",\"potentialAction\":[{\"@type\":\"SearchAction\",\"target\":{\"@type\":\"EntryPoint\",\"urlTemplate\":\"https:\/\/bioxel.com.uy\/web\/?s={search_term_string}\"},\"query-input\":{\"@type\":\"PropertyValueSpecification\",\"valueRequired\":true,\"valueName\":\"search_term_string\"}}],\"inLanguage\":\"es\"},{\"@type\":\"Organization\",\"@id\":\"https:\/\/bioxel.com.uy\/web\/#organization\",\"name\":\"Laboratorio Bioxel S.A\",\"alternateName\":\"Bioxel\",\"url\":\"https:\/\/bioxel.com.uy\/web\/\",\"logo\":{\"@type\":\"ImageObject\",\"inLanguage\":\"es\",\"@id\":\"https:\/\/bioxel.com.uy\/web\/#\/schema\/logo\/image\/\",\"url\":\"https:\/\/bioxel.com.uy\/web\/wp-content\/uploads\/2024\/02\/BIOXEL-LOGO-NEW.png\",\"contentUrl\":\"https:\/\/bioxel.com.uy\/web\/wp-content\/uploads\/2024\/02\/BIOXEL-LOGO-NEW.png\",\"width\":1792,\"height\":790,\"caption\":\"Laboratorio Bioxel S.A\"},\"image\":{\"@id\":\"https:\/\/bioxel.com.uy\/web\/#\/schema\/logo\/image\/\"},\"sameAs\":[\"https:\/\/www.facebook.com\/p\/Bioxel-Uruguay-100075156665285\/\"]}]}<\/script>\n<!-- \/ Yoast SEO plugin. -->","yoast_head_json":{"title":"BOTA DE UNNA CURATEC - Bioxel","robots":{"index":"index","follow":"follow","max-snippet":"max-snippet:-1","max-image-preview":"max-image-preview:large","max-video-preview":"max-video-preview:-1"},"canonical":"https:\/\/bioxel.com.uy\/web\/product\/bota-de-unna-curatec\/","og_locale":"es_ES","og_type":"article","og_title":"BOTA DE UNNA CURATEC - Bioxel","og_description":"BOTA DE UNNA Caja conteniendo 5 vendajes de7,6 cm x 9,14 m impregnados en: \u00d3xido de zinc Goma acacia Glicerol Aceite de ricino Agua desionizada. ACCI\u00d3N TERAP\u00c9UTICA Curatec Bota de Unnaes un vendaje inel\u00e1stico (terapia de compresi\u00f3n) impregnado con Pasta de Unna. Mejora el retorno venoso de los miembros inferiores y promueve la cicatrizaci\u00f3n de sus Ulceras Venosas.  INDICACIONES Se indica Curatec Bota de Unna en eltratamiento ambulatorio de \u00falcera venosa y edema linf\u00e1tico de los miembros inferiores","og_url":"https:\/\/bioxel.com.uy\/web\/product\/bota-de-unna-curatec\/","og_site_name":"Bioxel","article_publisher":"https:\/\/www.facebook.com\/p\/Bioxel-Uruguay-100075156665285\/","article_modified_time":"2024-03-31T23:26:15+00:00","og_image":[{"width":447,"height":380,"url":"https:\/\/bioxel.com.uy\/web\/wp-content\/uploads\/2024\/02\/BOTA-DE-UNNA-CURATEC-2.png","type":"image\/png"}],"twitter_card":"summary_large_image","schema":{"@context":"https:\/\/schema.org","@graph":[{"@type":"WebPage","@id":"https:\/\/bioxel.com.uy\/web\/product\/bota-de-unna-curatec\/","url":"https:\/\/bioxel.com.uy\/web\/product\/bota-de-unna-curatec\/","name":"BOTA DE UNNA CURATEC - Bioxel","isPartOf":{"@id":"https:\/\/bioxel.com.uy\/web\/#website"},"primaryImageOfPage":{"@id":"https:\/\/bioxel.com.uy\/web\/product\/bota-de-unna-curatec\/#primaryimage"},"image":{"@id":"https:\/\/bioxel.com.uy\/web\/product\/bota-de-unna-curatec\/#primaryimage"},"thumbnailUrl":"https:\/\/bioxel.com.uy\/web\/wp-content\/uploads\/2024\/02\/BOTA-DE-UNNA-CURATEC-2.png","datePublished":"2024-02-14T02:47:30+00:00","dateModified":"2024-03-31T23:26:15+00:00","breadcrumb":{"@id":"https:\/\/bioxel.com.uy\/web\/product\/bota-de-unna-curatec\/#breadcrumb"},"inLanguage":"es","potentialAction":[{"@type":"ReadAction","target":["https:\/\/bioxel.com.uy\/web\/product\/bota-de-unna-curatec\/"]}]},{"@type":"ImageObject","inLanguage":"es","@id":"https:\/\/bioxel.com.uy\/web\/product\/bota-de-unna-curatec\/#primaryimage","url":"https:\/\/bioxel.com.uy\/web\/wp-content\/uploads\/2024\/02\/BOTA-DE-UNNA-CURATEC-2.png","contentUrl":"https:\/\/bioxel.com.uy\/web\/wp-content\/uploads\/2024\/02\/BOTA-DE-UNNA-CURATEC-2.png","width":447,"height":380},{"@type":"BreadcrumbList","@id":"https:\/\/bioxel.com.uy\/web\/product\/bota-de-unna-curatec\/#breadcrumb","itemListElement":[{"@type":"ListItem","position":1,"name":"Portada","item":"https:\/\/bioxel.com.uy\/web\/"},{"@type":"ListItem","position":2,"name":"Shop","item":"https:\/\/bioxel.com.uy\/web\/shop\/"},{"@type":"ListItem","position":3,"name":"BOTA DE UNNA CURATEC"}]},{"@type":"WebSite","@id":"https:\/\/bioxel.com.uy\/web\/#website","url":"https:\/\/bioxel.com.uy\/web\/","name":"Laboratorio de Medicamentos Bioxel S.A.","description":"Bioxel S.A.","publisher":{"@id":"https:\/\/bioxel.com.uy\/web\/#organization"},"alternateName":"Laboratorio Bioxel S.A.","potentialAction":[{"@type":"SearchAction","target":{"@type":"EntryPoint","urlTemplate":"https:\/\/bioxel.com.uy\/web\/?s={search_term_string}"},"query-input":{"@type":"PropertyValueSpecification","valueRequired":true,"valueName":"search_term_string"}}],"inLanguage":"es"},{"@type":"Organization","@id":"https:\/\/bioxel.com.uy\/web\/#organization","name":"Laboratorio Bioxel S.A","alternateName":"Bioxel","url":"https:\/\/bioxel.com.uy\/web\/","logo":{"@type":"ImageObject","inLanguage":"es","@id":"https:\/\/bioxel.com.uy\/web\/#\/schema\/logo\/image\/","url":"https:\/\/bioxel.com.uy\/web\/wp-content\/uploads\/2024\/02\/BIOXEL-LOGO-NEW.png","contentUrl":"https:\/\/bioxel.com.uy\/web\/wp-content\/uploads\/2024\/02\/BIOXEL-LOGO-NEW.png","width":1792,"height":790,"caption":"Laboratorio Bioxel S.A"},"image":{"@id":"https:\/\/bioxel.com.uy\/web\/#\/schema\/logo\/image\/"},"sameAs":["https:\/\/www.facebook.com\/p\/Bioxel-Uruguay-100075156665285\/"]}]}},"brands":[{"id":38,"name":"CURATEC","slug":"curatec"}],"_links":{"self":[{"href":"https:\/\/bioxel.com.uy\/web\/wp-json\/wp\/v2\/product\/242","targetHints":{"allow":["GET"]}}],"collection":[{"href":"https:\/\/bioxel.com.uy\/web\/wp-json\/wp\/v2\/product"}],"about":[{"href":"https:\/\/bioxel.com.uy\/web\/wp-json\/wp\/v2\/types\/product"}],"replies":[{"embeddable":true,"href":"https:\/\/bioxel.com.uy\/web\/wp-json\/wp\/v2\/comments?post=242"}],"version-history":[{"count":3,"href":"https:\/\/bioxel.com.uy\/web\/wp-json\/wp\/v2\/product\/242\/revisions"}],"predecessor-version":[{"id":677,"href":"https:\/\/bioxel.com.uy\/web\/wp-json\/wp\/v2\/product\/242\/revisions\/677"}],"wp:featuredmedia":[{"embeddable":true,"href":"https:\/\/bioxel.com.uy\/web\/wp-json\/wp\/v2\/media\/243"}],"wp:attachment":[{"href":"https:\/\/bioxel.com.uy\/web\/wp-json\/wp\/v2\/media?parent=242"}],"wp:term":[{"taxonomy":"pwb-brand","embeddable":true,"href":"https:\/\/bioxel.com.uy\/web\/wp-json\/wp\/v2\/pwb-brand?post=242"},{"taxonomy":"product_brand","embeddable":true,"href":"https:\/\/bioxel.com.uy\/web\/wp-json\/wp\/v2\/product_brand?post=242"},{"taxonomy":"product_cat","embeddable":true,"href":"https:\/\/bioxel.com.uy\/web\/wp-json\/wp\/v2\/product_cat?post=242"},{"taxonomy":"product_tag","embeddable":true,"href":"https:\/\/bioxel.com.uy\/web\/wp-json\/wp\/v2\/product_tag?post=242"}],"curies":[{"name":"wp","href":"https:\/\/api.w.org\/{rel}","templated":true}]}}