{"id":245,"date":"2024-02-13T23:49:01","date_gmt":"2024-02-14T02:49:01","guid":{"rendered":"http:\/\/bioxel.com.uy\/web\/?post_type=product&#038;p=245"},"modified":"2024-03-31T20:27:58","modified_gmt":"2024-03-31T23:27:58","slug":"carbon-activado-plus","status":"publish","type":"product","link":"https:\/\/bioxel.com.uy\/web\/product\/carbon-activado-plus\/","title":{"rendered":"CARBON ACTIVADO PLUS"},"content":{"rendered":"<p>\u2022\tAp\u00f3sito de Carb\u00f3n Activado + Plata I\u00f3nica.<br \/>\n\u2022\tCaja conteniendo 30 ap\u00f3sitos de 10 x 10 cm.<br \/>\n\u2022\tINDICACIONES<br \/>\nIndicado en el tratamiento de heridas exudativas infectadas con presencia de mal olor.<\/p>\n","protected":false},"excerpt":{"rendered":"<p>APOSITO DE CARBON ACTIVADO + PLATA IONICA<br \/>\nCaja conteniendo 30 ap\u00f3sitos de 10 x 10 cm.<\/p>\n<p>ACCION TERAPEUTICA<br \/>\nAp\u00f3sito est\u00e9ril recortable compuesto de tejido de carb\u00f3n activado impregnado con plata, envuelto en nylon, sellado en toda su extensi\u00f3n.<\/p>\n<p>INDICACIONES<br \/>\nIndicado en el tratamiento de heridas exudativas infectadas con presencia de mal olor.<\/p>\n","protected":false},"featured_media":248,"comment_status":"open","ping_status":"closed","template":"","meta":{"inline_featured_image":false,"_monsterinsights_skip_tracking":false,"_monsterinsights_sitenote_active":false,"_monsterinsights_sitenote_note":"","_monsterinsights_sitenote_category":0},"pwb-brand":[38],"product_brand":[],"product_cat":[49,45],"product_tag":[],"class_list":{"0":"post-245","1":"product","2":"type-product","3":"status-publish","4":"has-post-thumbnail","6":"pwb-brand-curatec","7":"product_cat-cuidado-heridas","8":"product_cat-pharma","10":"first","11":"instock","12":"shipping-taxable","13":"product-type-simple"},"yoast_head":"<!-- This site is optimized with the Yoast SEO plugin v25.4 - https:\/\/yoast.com\/wordpress\/plugins\/seo\/ -->\n<title>CARBON ACTIVADO PLUS - Bioxel<\/title>\n<meta name=\"robots\" content=\"index, follow, max-snippet:-1, max-image-preview:large, max-video-preview:-1\" \/>\n<link rel=\"canonical\" href=\"https:\/\/bioxel.com.uy\/web\/product\/carbon-activado-plus\/\" \/>\n<meta property=\"og:locale\" content=\"es_ES\" \/>\n<meta property=\"og:type\" content=\"article\" \/>\n<meta property=\"og:title\" content=\"CARBON ACTIVADO PLUS - Bioxel\" \/>\n<meta property=\"og:description\" content=\"APOSITO DE CARBON ACTIVADO + PLATA IONICA Caja conteniendo 30 ap\u00f3sitos de 10 x 10 cm.  ACCION TERAPEUTICA Ap\u00f3sito est\u00e9ril recortable compuesto de tejido de carb\u00f3n activado impregnado con plata, envuelto en nylon, sellado en toda su extensi\u00f3n.  INDICACIONES Indicado en el tratamiento de heridas exudativas infectadas con presencia de mal olor.\" \/>\n<meta property=\"og:url\" content=\"https:\/\/bioxel.com.uy\/web\/product\/carbon-activado-plus\/\" \/>\n<meta property=\"og:site_name\" content=\"Bioxel\" \/>\n<meta property=\"article:publisher\" content=\"https:\/\/www.facebook.com\/p\/Bioxel-Uruguay-100075156665285\/\" \/>\n<meta property=\"article:modified_time\" content=\"2024-03-31T23:27:58+00:00\" \/>\n<meta property=\"og:image\" content=\"https:\/\/bioxel.com.uy\/web\/wp-content\/uploads\/2024\/02\/curativo_carvao_ativado_c_prata_10x10_recort_plus_curatec_69_1_b91d7f2edc624447ee5e252a971cd006.webp\" \/>\n\t<meta property=\"og:image:width\" content=\"500\" \/>\n\t<meta property=\"og:image:height\" content=\"459\" \/>\n\t<meta property=\"og:image:type\" content=\"image\/webp\" \/>\n<meta name=\"twitter:card\" content=\"summary_large_image\" \/>\n<script type=\"application\/ld+json\" class=\"yoast-schema-graph\">{\"@context\":\"https:\/\/schema.org\",\"@graph\":[{\"@type\":\"WebPage\",\"@id\":\"https:\/\/bioxel.com.uy\/web\/product\/carbon-activado-plus\/\",\"url\":\"https:\/\/bioxel.com.uy\/web\/product\/carbon-activado-plus\/\",\"name\":\"CARBON ACTIVADO PLUS - Bioxel\",\"isPartOf\":{\"@id\":\"https:\/\/bioxel.com.uy\/web\/#website\"},\"primaryImageOfPage\":{\"@id\":\"https:\/\/bioxel.com.uy\/web\/product\/carbon-activado-plus\/#primaryimage\"},\"image\":{\"@id\":\"https:\/\/bioxel.com.uy\/web\/product\/carbon-activado-plus\/#primaryimage\"},\"thumbnailUrl\":\"https:\/\/bioxel.com.uy\/web\/wp-content\/uploads\/2024\/02\/curativo_carvao_ativado_c_prata_10x10_recort_plus_curatec_69_1_b91d7f2edc624447ee5e252a971cd006.webp\",\"datePublished\":\"2024-02-14T02:49:01+00:00\",\"dateModified\":\"2024-03-31T23:27:58+00:00\",\"breadcrumb\":{\"@id\":\"https:\/\/bioxel.com.uy\/web\/product\/carbon-activado-plus\/#breadcrumb\"},\"inLanguage\":\"es\",\"potentialAction\":[{\"@type\":\"ReadAction\",\"target\":[\"https:\/\/bioxel.com.uy\/web\/product\/carbon-activado-plus\/\"]}]},{\"@type\":\"ImageObject\",\"inLanguage\":\"es\",\"@id\":\"https:\/\/bioxel.com.uy\/web\/product\/carbon-activado-plus\/#primaryimage\",\"url\":\"https:\/\/bioxel.com.uy\/web\/wp-content\/uploads\/2024\/02\/curativo_carvao_ativado_c_prata_10x10_recort_plus_curatec_69_1_b91d7f2edc624447ee5e252a971cd006.webp\",\"contentUrl\":\"https:\/\/bioxel.com.uy\/web\/wp-content\/uploads\/2024\/02\/curativo_carvao_ativado_c_prata_10x10_recort_plus_curatec_69_1_b91d7f2edc624447ee5e252a971cd006.webp\",\"width\":500,\"height\":459},{\"@type\":\"BreadcrumbList\",\"@id\":\"https:\/\/bioxel.com.uy\/web\/product\/carbon-activado-plus\/#breadcrumb\",\"itemListElement\":[{\"@type\":\"ListItem\",\"position\":1,\"name\":\"Portada\",\"item\":\"https:\/\/bioxel.com.uy\/web\/\"},{\"@type\":\"ListItem\",\"position\":2,\"name\":\"Shop\",\"item\":\"https:\/\/bioxel.com.uy\/web\/shop\/\"},{\"@type\":\"ListItem\",\"position\":3,\"name\":\"CARBON ACTIVADO PLUS\"}]},{\"@type\":\"WebSite\",\"@id\":\"https:\/\/bioxel.com.uy\/web\/#website\",\"url\":\"https:\/\/bioxel.com.uy\/web\/\",\"name\":\"Laboratorio de Medicamentos Bioxel S.A.\",\"description\":\"Bioxel S.A.\",\"publisher\":{\"@id\":\"https:\/\/bioxel.com.uy\/web\/#organization\"},\"alternateName\":\"Laboratorio Bioxel S.A.\",\"potentialAction\":[{\"@type\":\"SearchAction\",\"target\":{\"@type\":\"EntryPoint\",\"urlTemplate\":\"https:\/\/bioxel.com.uy\/web\/?s={search_term_string}\"},\"query-input\":{\"@type\":\"PropertyValueSpecification\",\"valueRequired\":true,\"valueName\":\"search_term_string\"}}],\"inLanguage\":\"es\"},{\"@type\":\"Organization\",\"@id\":\"https:\/\/bioxel.com.uy\/web\/#organization\",\"name\":\"Laboratorio Bioxel S.A\",\"alternateName\":\"Bioxel\",\"url\":\"https:\/\/bioxel.com.uy\/web\/\",\"logo\":{\"@type\":\"ImageObject\",\"inLanguage\":\"es\",\"@id\":\"https:\/\/bioxel.com.uy\/web\/#\/schema\/logo\/image\/\",\"url\":\"https:\/\/bioxel.com.uy\/web\/wp-content\/uploads\/2024\/02\/BIOXEL-LOGO-NEW.png\",\"contentUrl\":\"https:\/\/bioxel.com.uy\/web\/wp-content\/uploads\/2024\/02\/BIOXEL-LOGO-NEW.png\",\"width\":1792,\"height\":790,\"caption\":\"Laboratorio Bioxel S.A\"},\"image\":{\"@id\":\"https:\/\/bioxel.com.uy\/web\/#\/schema\/logo\/image\/\"},\"sameAs\":[\"https:\/\/www.facebook.com\/p\/Bioxel-Uruguay-100075156665285\/\"]}]}<\/script>\n<!-- \/ Yoast SEO plugin. -->","yoast_head_json":{"title":"CARBON ACTIVADO PLUS - Bioxel","robots":{"index":"index","follow":"follow","max-snippet":"max-snippet:-1","max-image-preview":"max-image-preview:large","max-video-preview":"max-video-preview:-1"},"canonical":"https:\/\/bioxel.com.uy\/web\/product\/carbon-activado-plus\/","og_locale":"es_ES","og_type":"article","og_title":"CARBON ACTIVADO PLUS - Bioxel","og_description":"APOSITO DE CARBON ACTIVADO + PLATA IONICA Caja conteniendo 30 ap\u00f3sitos de 10 x 10 cm.  ACCION TERAPEUTICA Ap\u00f3sito est\u00e9ril recortable compuesto de tejido de carb\u00f3n activado impregnado con plata, envuelto en nylon, sellado en toda su extensi\u00f3n.  INDICACIONES Indicado en el tratamiento de heridas exudativas infectadas con presencia de mal olor.","og_url":"https:\/\/bioxel.com.uy\/web\/product\/carbon-activado-plus\/","og_site_name":"Bioxel","article_publisher":"https:\/\/www.facebook.com\/p\/Bioxel-Uruguay-100075156665285\/","article_modified_time":"2024-03-31T23:27:58+00:00","og_image":[{"width":500,"height":459,"url":"https:\/\/bioxel.com.uy\/web\/wp-content\/uploads\/2024\/02\/curativo_carvao_ativado_c_prata_10x10_recort_plus_curatec_69_1_b91d7f2edc624447ee5e252a971cd006.webp","type":"image\/webp"}],"twitter_card":"summary_large_image","schema":{"@context":"https:\/\/schema.org","@graph":[{"@type":"WebPage","@id":"https:\/\/bioxel.com.uy\/web\/product\/carbon-activado-plus\/","url":"https:\/\/bioxel.com.uy\/web\/product\/carbon-activado-plus\/","name":"CARBON ACTIVADO PLUS - Bioxel","isPartOf":{"@id":"https:\/\/bioxel.com.uy\/web\/#website"},"primaryImageOfPage":{"@id":"https:\/\/bioxel.com.uy\/web\/product\/carbon-activado-plus\/#primaryimage"},"image":{"@id":"https:\/\/bioxel.com.uy\/web\/product\/carbon-activado-plus\/#primaryimage"},"thumbnailUrl":"https:\/\/bioxel.com.uy\/web\/wp-content\/uploads\/2024\/02\/curativo_carvao_ativado_c_prata_10x10_recort_plus_curatec_69_1_b91d7f2edc624447ee5e252a971cd006.webp","datePublished":"2024-02-14T02:49:01+00:00","dateModified":"2024-03-31T23:27:58+00:00","breadcrumb":{"@id":"https:\/\/bioxel.com.uy\/web\/product\/carbon-activado-plus\/#breadcrumb"},"inLanguage":"es","potentialAction":[{"@type":"ReadAction","target":["https:\/\/bioxel.com.uy\/web\/product\/carbon-activado-plus\/"]}]},{"@type":"ImageObject","inLanguage":"es","@id":"https:\/\/bioxel.com.uy\/web\/product\/carbon-activado-plus\/#primaryimage","url":"https:\/\/bioxel.com.uy\/web\/wp-content\/uploads\/2024\/02\/curativo_carvao_ativado_c_prata_10x10_recort_plus_curatec_69_1_b91d7f2edc624447ee5e252a971cd006.webp","contentUrl":"https:\/\/bioxel.com.uy\/web\/wp-content\/uploads\/2024\/02\/curativo_carvao_ativado_c_prata_10x10_recort_plus_curatec_69_1_b91d7f2edc624447ee5e252a971cd006.webp","width":500,"height":459},{"@type":"BreadcrumbList","@id":"https:\/\/bioxel.com.uy\/web\/product\/carbon-activado-plus\/#breadcrumb","itemListElement":[{"@type":"ListItem","position":1,"name":"Portada","item":"https:\/\/bioxel.com.uy\/web\/"},{"@type":"ListItem","position":2,"name":"Shop","item":"https:\/\/bioxel.com.uy\/web\/shop\/"},{"@type":"ListItem","position":3,"name":"CARBON ACTIVADO PLUS"}]},{"@type":"WebSite","@id":"https:\/\/bioxel.com.uy\/web\/#website","url":"https:\/\/bioxel.com.uy\/web\/","name":"Laboratorio de Medicamentos Bioxel S.A.","description":"Bioxel S.A.","publisher":{"@id":"https:\/\/bioxel.com.uy\/web\/#organization"},"alternateName":"Laboratorio Bioxel S.A.","potentialAction":[{"@type":"SearchAction","target":{"@type":"EntryPoint","urlTemplate":"https:\/\/bioxel.com.uy\/web\/?s={search_term_string}"},"query-input":{"@type":"PropertyValueSpecification","valueRequired":true,"valueName":"search_term_string"}}],"inLanguage":"es"},{"@type":"Organization","@id":"https:\/\/bioxel.com.uy\/web\/#organization","name":"Laboratorio Bioxel S.A","alternateName":"Bioxel","url":"https:\/\/bioxel.com.uy\/web\/","logo":{"@type":"ImageObject","inLanguage":"es","@id":"https:\/\/bioxel.com.uy\/web\/#\/schema\/logo\/image\/","url":"https:\/\/bioxel.com.uy\/web\/wp-content\/uploads\/2024\/02\/BIOXEL-LOGO-NEW.png","contentUrl":"https:\/\/bioxel.com.uy\/web\/wp-content\/uploads\/2024\/02\/BIOXEL-LOGO-NEW.png","width":1792,"height":790,"caption":"Laboratorio Bioxel S.A"},"image":{"@id":"https:\/\/bioxel.com.uy\/web\/#\/schema\/logo\/image\/"},"sameAs":["https:\/\/www.facebook.com\/p\/Bioxel-Uruguay-100075156665285\/"]}]}},"brands":[{"id":38,"name":"CURATEC","slug":"curatec"}],"_links":{"self":[{"href":"https:\/\/bioxel.com.uy\/web\/wp-json\/wp\/v2\/product\/245","targetHints":{"allow":["GET"]}}],"collection":[{"href":"https:\/\/bioxel.com.uy\/web\/wp-json\/wp\/v2\/product"}],"about":[{"href":"https:\/\/bioxel.com.uy\/web\/wp-json\/wp\/v2\/types\/product"}],"replies":[{"embeddable":true,"href":"https:\/\/bioxel.com.uy\/web\/wp-json\/wp\/v2\/comments?post=245"}],"version-history":[{"count":2,"href":"https:\/\/bioxel.com.uy\/web\/wp-json\/wp\/v2\/product\/245\/revisions"}],"predecessor-version":[{"id":678,"href":"https:\/\/bioxel.com.uy\/web\/wp-json\/wp\/v2\/product\/245\/revisions\/678"}],"wp:featuredmedia":[{"embeddable":true,"href":"https:\/\/bioxel.com.uy\/web\/wp-json\/wp\/v2\/media\/248"}],"wp:attachment":[{"href":"https:\/\/bioxel.com.uy\/web\/wp-json\/wp\/v2\/media?parent=245"}],"wp:term":[{"taxonomy":"pwb-brand","embeddable":true,"href":"https:\/\/bioxel.com.uy\/web\/wp-json\/wp\/v2\/pwb-brand?post=245"},{"taxonomy":"product_brand","embeddable":true,"href":"https:\/\/bioxel.com.uy\/web\/wp-json\/wp\/v2\/product_brand?post=245"},{"taxonomy":"product_cat","embeddable":true,"href":"https:\/\/bioxel.com.uy\/web\/wp-json\/wp\/v2\/product_cat?post=245"},{"taxonomy":"product_tag","embeddable":true,"href":"https:\/\/bioxel.com.uy\/web\/wp-json\/wp\/v2\/product_tag?post=245"}],"curies":[{"name":"wp","href":"https:\/\/api.w.org\/{rel}","templated":true}]}}