{"id":395,"date":"2024-03-03T20:05:36","date_gmt":"2024-03-03T23:05:36","guid":{"rendered":"http:\/\/bioxel.com.uy\/web\/?post_type=product&#038;p=395"},"modified":"2024-03-31T19:37:25","modified_gmt":"2024-03-31T22:37:25","slug":"aflusan","status":"publish","type":"product","link":"https:\/\/bioxel.com.uy\/web\/product\/aflusan\/","title":{"rendered":"AFLUSAN"},"content":{"rendered":"<p>\u2022 PrincipioActivo:ItoprideClorhidrato.<br \/>\n\u2022 Concentraci\u00f3n:50mg.<br \/>\n\u2022 FormaFarmac\u00e9utica:Comprimidosrecubiertos.<br \/>\n\u2022 Presentaci\u00f3n:Cajaconteniendo30comprimidos.<br \/>\n\u2022 Reg.M.S.P.:44837<br \/>\n\u2022 Marca:LaboratorioDominguez(Argentina).<\/p>\n","protected":false},"excerpt":{"rendered":"<p><strong>ITOPRIDECLORHIDRATO<br \/>\n<\/strong><strong>Comprimidos Recubiertos<br \/>\n<\/strong><strong>Caja conteniendo 30 comprimidos de 50 mg.<\/strong><\/p>\n<p>ACCI\u00d3N TERAP\u00c9UTICA<br \/>\nDigestivo, procin\u00e9tico, antiem\u00e9tico<\/p>\n<p>INDICACIONES<br \/>\nEl Itopride se utiliza en el tratamiento de s\u00edntomas gastrointestinalesproducidos por motilidad gastrointestinal reducida como la sensaci\u00f3nde plenitud g\u00e1strica (Dispepsia Hipost\u00e9nica), s\u00edntomas tales comon\u00e1useas y v\u00f3mitos y en el tratamiento del Reflujo Gastroesof\u00e1gico (RGE).<\/p>\n","protected":false},"featured_media":632,"comment_status":"open","ping_status":"closed","template":"","meta":{"inline_featured_image":false,"_monsterinsights_skip_tracking":false,"_monsterinsights_sitenote_active":false,"_monsterinsights_sitenote_note":"","_monsterinsights_sitenote_category":0},"pwb-brand":[39],"product_brand":[],"product_cat":[51,45],"product_tag":[],"class_list":{"0":"post-395","1":"product","2":"type-product","3":"status-publish","4":"has-post-thumbnail","6":"pwb-brand-lab-dominguez","7":"product_cat-gastroenterologia","8":"product_cat-pharma","10":"first","11":"instock","12":"shipping-taxable","13":"product-type-simple"},"yoast_head":"<!-- This site is optimized with the Yoast SEO plugin v25.4 - https:\/\/yoast.com\/wordpress\/plugins\/seo\/ -->\n<title>AFLUSAN - Bioxel<\/title>\n<meta name=\"robots\" content=\"index, follow, max-snippet:-1, max-image-preview:large, max-video-preview:-1\" \/>\n<link rel=\"canonical\" href=\"https:\/\/bioxel.com.uy\/web\/product\/aflusan\/\" \/>\n<meta property=\"og:locale\" content=\"es_ES\" \/>\n<meta property=\"og:type\" content=\"article\" \/>\n<meta property=\"og:title\" content=\"AFLUSAN - Bioxel\" \/>\n<meta property=\"og:description\" content=\"ITOPRIDECLORHIDRATO Comprimidos Recubiertos Caja conteniendo 30 comprimidos de 50 mg.  ACCI\u00d3N TERAP\u00c9UTICA Digestivo, procin\u00e9tico, antiem\u00e9tico  INDICACIONES El Itopride se utiliza en el tratamiento de s\u00edntomas gastrointestinalesproducidos por motilidad gastrointestinal reducida como la sensaci\u00f3nde plenitud g\u00e1strica (Dispepsia Hipost\u00e9nica), s\u00edntomas tales comon\u00e1useas y v\u00f3mitos y en el tratamiento del Reflujo Gastroesof\u00e1gico (RGE).\" \/>\n<meta property=\"og:url\" content=\"https:\/\/bioxel.com.uy\/web\/product\/aflusan\/\" \/>\n<meta property=\"og:site_name\" content=\"Bioxel\" \/>\n<meta property=\"article:publisher\" content=\"https:\/\/www.facebook.com\/p\/Bioxel-Uruguay-100075156665285\/\" \/>\n<meta property=\"article:modified_time\" content=\"2024-03-31T22:37:25+00:00\" \/>\n<meta property=\"og:image\" content=\"https:\/\/bioxel.com.uy\/web\/wp-content\/uploads\/2024\/03\/AFLUSAN.jpg\" \/>\n\t<meta property=\"og:image:width\" content=\"900\" \/>\n\t<meta property=\"og:image:height\" content=\"512\" \/>\n\t<meta property=\"og:image:type\" content=\"image\/jpeg\" \/>\n<meta name=\"twitter:card\" content=\"summary_large_image\" \/>\n<script type=\"application\/ld+json\" class=\"yoast-schema-graph\">{\"@context\":\"https:\/\/schema.org\",\"@graph\":[{\"@type\":\"WebPage\",\"@id\":\"https:\/\/bioxel.com.uy\/web\/product\/aflusan\/\",\"url\":\"https:\/\/bioxel.com.uy\/web\/product\/aflusan\/\",\"name\":\"AFLUSAN - Bioxel\",\"isPartOf\":{\"@id\":\"https:\/\/bioxel.com.uy\/web\/#website\"},\"primaryImageOfPage\":{\"@id\":\"https:\/\/bioxel.com.uy\/web\/product\/aflusan\/#primaryimage\"},\"image\":{\"@id\":\"https:\/\/bioxel.com.uy\/web\/product\/aflusan\/#primaryimage\"},\"thumbnailUrl\":\"https:\/\/bioxel.com.uy\/web\/wp-content\/uploads\/2024\/03\/AFLUSAN.jpg\",\"datePublished\":\"2024-03-03T23:05:36+00:00\",\"dateModified\":\"2024-03-31T22:37:25+00:00\",\"breadcrumb\":{\"@id\":\"https:\/\/bioxel.com.uy\/web\/product\/aflusan\/#breadcrumb\"},\"inLanguage\":\"es\",\"potentialAction\":[{\"@type\":\"ReadAction\",\"target\":[\"https:\/\/bioxel.com.uy\/web\/product\/aflusan\/\"]}]},{\"@type\":\"ImageObject\",\"inLanguage\":\"es\",\"@id\":\"https:\/\/bioxel.com.uy\/web\/product\/aflusan\/#primaryimage\",\"url\":\"https:\/\/bioxel.com.uy\/web\/wp-content\/uploads\/2024\/03\/AFLUSAN.jpg\",\"contentUrl\":\"https:\/\/bioxel.com.uy\/web\/wp-content\/uploads\/2024\/03\/AFLUSAN.jpg\",\"width\":900,\"height\":512},{\"@type\":\"BreadcrumbList\",\"@id\":\"https:\/\/bioxel.com.uy\/web\/product\/aflusan\/#breadcrumb\",\"itemListElement\":[{\"@type\":\"ListItem\",\"position\":1,\"name\":\"Portada\",\"item\":\"https:\/\/bioxel.com.uy\/web\/\"},{\"@type\":\"ListItem\",\"position\":2,\"name\":\"Shop\",\"item\":\"https:\/\/bioxel.com.uy\/web\/shop\/\"},{\"@type\":\"ListItem\",\"position\":3,\"name\":\"AFLUSAN\"}]},{\"@type\":\"WebSite\",\"@id\":\"https:\/\/bioxel.com.uy\/web\/#website\",\"url\":\"https:\/\/bioxel.com.uy\/web\/\",\"name\":\"Laboratorio de Medicamentos Bioxel S.A.\",\"description\":\"Bioxel S.A.\",\"publisher\":{\"@id\":\"https:\/\/bioxel.com.uy\/web\/#organization\"},\"alternateName\":\"Laboratorio Bioxel S.A.\",\"potentialAction\":[{\"@type\":\"SearchAction\",\"target\":{\"@type\":\"EntryPoint\",\"urlTemplate\":\"https:\/\/bioxel.com.uy\/web\/?s={search_term_string}\"},\"query-input\":{\"@type\":\"PropertyValueSpecification\",\"valueRequired\":true,\"valueName\":\"search_term_string\"}}],\"inLanguage\":\"es\"},{\"@type\":\"Organization\",\"@id\":\"https:\/\/bioxel.com.uy\/web\/#organization\",\"name\":\"Laboratorio Bioxel S.A\",\"alternateName\":\"Bioxel\",\"url\":\"https:\/\/bioxel.com.uy\/web\/\",\"logo\":{\"@type\":\"ImageObject\",\"inLanguage\":\"es\",\"@id\":\"https:\/\/bioxel.com.uy\/web\/#\/schema\/logo\/image\/\",\"url\":\"https:\/\/bioxel.com.uy\/web\/wp-content\/uploads\/2024\/02\/BIOXEL-LOGO-NEW.png\",\"contentUrl\":\"https:\/\/bioxel.com.uy\/web\/wp-content\/uploads\/2024\/02\/BIOXEL-LOGO-NEW.png\",\"width\":1792,\"height\":790,\"caption\":\"Laboratorio Bioxel S.A\"},\"image\":{\"@id\":\"https:\/\/bioxel.com.uy\/web\/#\/schema\/logo\/image\/\"},\"sameAs\":[\"https:\/\/www.facebook.com\/p\/Bioxel-Uruguay-100075156665285\/\"]}]}<\/script>\n<!-- \/ Yoast SEO plugin. -->","yoast_head_json":{"title":"AFLUSAN - Bioxel","robots":{"index":"index","follow":"follow","max-snippet":"max-snippet:-1","max-image-preview":"max-image-preview:large","max-video-preview":"max-video-preview:-1"},"canonical":"https:\/\/bioxel.com.uy\/web\/product\/aflusan\/","og_locale":"es_ES","og_type":"article","og_title":"AFLUSAN - Bioxel","og_description":"ITOPRIDECLORHIDRATO Comprimidos Recubiertos Caja conteniendo 30 comprimidos de 50 mg.  ACCI\u00d3N TERAP\u00c9UTICA Digestivo, procin\u00e9tico, antiem\u00e9tico  INDICACIONES El Itopride se utiliza en el tratamiento de s\u00edntomas gastrointestinalesproducidos por motilidad gastrointestinal reducida como la sensaci\u00f3nde plenitud g\u00e1strica (Dispepsia Hipost\u00e9nica), s\u00edntomas tales comon\u00e1useas y v\u00f3mitos y en el tratamiento del Reflujo Gastroesof\u00e1gico (RGE).","og_url":"https:\/\/bioxel.com.uy\/web\/product\/aflusan\/","og_site_name":"Bioxel","article_publisher":"https:\/\/www.facebook.com\/p\/Bioxel-Uruguay-100075156665285\/","article_modified_time":"2024-03-31T22:37:25+00:00","og_image":[{"width":900,"height":512,"url":"https:\/\/bioxel.com.uy\/web\/wp-content\/uploads\/2024\/03\/AFLUSAN.jpg","type":"image\/jpeg"}],"twitter_card":"summary_large_image","schema":{"@context":"https:\/\/schema.org","@graph":[{"@type":"WebPage","@id":"https:\/\/bioxel.com.uy\/web\/product\/aflusan\/","url":"https:\/\/bioxel.com.uy\/web\/product\/aflusan\/","name":"AFLUSAN - Bioxel","isPartOf":{"@id":"https:\/\/bioxel.com.uy\/web\/#website"},"primaryImageOfPage":{"@id":"https:\/\/bioxel.com.uy\/web\/product\/aflusan\/#primaryimage"},"image":{"@id":"https:\/\/bioxel.com.uy\/web\/product\/aflusan\/#primaryimage"},"thumbnailUrl":"https:\/\/bioxel.com.uy\/web\/wp-content\/uploads\/2024\/03\/AFLUSAN.jpg","datePublished":"2024-03-03T23:05:36+00:00","dateModified":"2024-03-31T22:37:25+00:00","breadcrumb":{"@id":"https:\/\/bioxel.com.uy\/web\/product\/aflusan\/#breadcrumb"},"inLanguage":"es","potentialAction":[{"@type":"ReadAction","target":["https:\/\/bioxel.com.uy\/web\/product\/aflusan\/"]}]},{"@type":"ImageObject","inLanguage":"es","@id":"https:\/\/bioxel.com.uy\/web\/product\/aflusan\/#primaryimage","url":"https:\/\/bioxel.com.uy\/web\/wp-content\/uploads\/2024\/03\/AFLUSAN.jpg","contentUrl":"https:\/\/bioxel.com.uy\/web\/wp-content\/uploads\/2024\/03\/AFLUSAN.jpg","width":900,"height":512},{"@type":"BreadcrumbList","@id":"https:\/\/bioxel.com.uy\/web\/product\/aflusan\/#breadcrumb","itemListElement":[{"@type":"ListItem","position":1,"name":"Portada","item":"https:\/\/bioxel.com.uy\/web\/"},{"@type":"ListItem","position":2,"name":"Shop","item":"https:\/\/bioxel.com.uy\/web\/shop\/"},{"@type":"ListItem","position":3,"name":"AFLUSAN"}]},{"@type":"WebSite","@id":"https:\/\/bioxel.com.uy\/web\/#website","url":"https:\/\/bioxel.com.uy\/web\/","name":"Laboratorio de Medicamentos Bioxel S.A.","description":"Bioxel S.A.","publisher":{"@id":"https:\/\/bioxel.com.uy\/web\/#organization"},"alternateName":"Laboratorio Bioxel S.A.","potentialAction":[{"@type":"SearchAction","target":{"@type":"EntryPoint","urlTemplate":"https:\/\/bioxel.com.uy\/web\/?s={search_term_string}"},"query-input":{"@type":"PropertyValueSpecification","valueRequired":true,"valueName":"search_term_string"}}],"inLanguage":"es"},{"@type":"Organization","@id":"https:\/\/bioxel.com.uy\/web\/#organization","name":"Laboratorio Bioxel S.A","alternateName":"Bioxel","url":"https:\/\/bioxel.com.uy\/web\/","logo":{"@type":"ImageObject","inLanguage":"es","@id":"https:\/\/bioxel.com.uy\/web\/#\/schema\/logo\/image\/","url":"https:\/\/bioxel.com.uy\/web\/wp-content\/uploads\/2024\/02\/BIOXEL-LOGO-NEW.png","contentUrl":"https:\/\/bioxel.com.uy\/web\/wp-content\/uploads\/2024\/02\/BIOXEL-LOGO-NEW.png","width":1792,"height":790,"caption":"Laboratorio Bioxel S.A"},"image":{"@id":"https:\/\/bioxel.com.uy\/web\/#\/schema\/logo\/image\/"},"sameAs":["https:\/\/www.facebook.com\/p\/Bioxel-Uruguay-100075156665285\/"]}]}},"brands":[{"id":39,"name":"LABORATORIO DOMINGUEZ","slug":"lab-dominguez"}],"_links":{"self":[{"href":"https:\/\/bioxel.com.uy\/web\/wp-json\/wp\/v2\/product\/395","targetHints":{"allow":["GET"]}}],"collection":[{"href":"https:\/\/bioxel.com.uy\/web\/wp-json\/wp\/v2\/product"}],"about":[{"href":"https:\/\/bioxel.com.uy\/web\/wp-json\/wp\/v2\/types\/product"}],"replies":[{"embeddable":true,"href":"https:\/\/bioxel.com.uy\/web\/wp-json\/wp\/v2\/comments?post=395"}],"version-history":[{"count":3,"href":"https:\/\/bioxel.com.uy\/web\/wp-json\/wp\/v2\/product\/395\/revisions"}],"predecessor-version":[{"id":633,"href":"https:\/\/bioxel.com.uy\/web\/wp-json\/wp\/v2\/product\/395\/revisions\/633"}],"wp:featuredmedia":[{"embeddable":true,"href":"https:\/\/bioxel.com.uy\/web\/wp-json\/wp\/v2\/media\/632"}],"wp:attachment":[{"href":"https:\/\/bioxel.com.uy\/web\/wp-json\/wp\/v2\/media?parent=395"}],"wp:term":[{"taxonomy":"pwb-brand","embeddable":true,"href":"https:\/\/bioxel.com.uy\/web\/wp-json\/wp\/v2\/pwb-brand?post=395"},{"taxonomy":"product_brand","embeddable":true,"href":"https:\/\/bioxel.com.uy\/web\/wp-json\/wp\/v2\/product_brand?post=395"},{"taxonomy":"product_cat","embeddable":true,"href":"https:\/\/bioxel.com.uy\/web\/wp-json\/wp\/v2\/product_cat?post=395"},{"taxonomy":"product_tag","embeddable":true,"href":"https:\/\/bioxel.com.uy\/web\/wp-json\/wp\/v2\/product_tag?post=395"}],"curies":[{"name":"wp","href":"https:\/\/api.w.org\/{rel}","templated":true}]}}