{"id":399,"date":"2024-03-03T20:31:18","date_gmt":"2024-03-03T23:31:18","guid":{"rendered":"http:\/\/bioxel.com.uy\/web\/?post_type=product&#038;p=399"},"modified":"2024-03-31T19:53:24","modified_gmt":"2024-03-31T22:53:24","slug":"domacel-300","status":"publish","type":"product","link":"https:\/\/bioxel.com.uy\/web\/product\/domacel-300\/","title":{"rendered":"DOMACEL 300"},"content":{"rendered":"<p>\u2022 PrincipioActivo:\u00c1cidoUrsodesoxic\u00f3lico(Ursodiol).<br \/>\n\u2022 Concentraci\u00f3n:300mg.<br \/>\n\u2022 FormaFarmac\u00e9utica:Comprimidosrecubiertos.<br \/>\n\u2022 Presentaci\u00f3n:Envasepor50comprimidos.<br \/>\n\u2022 Reg.M.S.P.:43314<br \/>\n\u2022 Marca:LaboratorioDominguez(Argentina).<\/p>\n","protected":false},"excerpt":{"rendered":"<p><strong>ACIDO URSODESOXICOLICO (URSODIOL)<br \/>\n<\/strong><strong>Comprimidos Recubiertos<br \/>\n<\/strong><strong>Caja conteniendo 50 comprimidos de 300g.<\/strong><\/p>\n<p>ACCI\u00d3N TERAP\u00c9UTICA<br \/>\nAntilitog\u00e9nico, litol\u00edtico, coler\u00e9tico.<\/p>\n<p>INDICACIONES<br \/>\nDisoluci\u00f3n y prevenci\u00f3n de c\u00e1lculos biliares de colesterol de menos de 20 mm de di\u00e1metro que sean radiotransparentes, en pacientes con ves\u00edcula biliar funcionante, demostrado por colecistograf\u00eda.<\/p>\n<p>Tratamiento coadyuvante en el tratamiento de la litiasis biliar por litotricia (ondas de choque).<br \/>\nGastritis por reflujo biliar.<br \/>\nHepatopat\u00edas colest\u00e1sicas.<\/p>\n<p><strong>Tratamiento de la cirrosis biliar primar<\/strong><\/p>\n","protected":false},"featured_media":646,"comment_status":"open","ping_status":"closed","template":"","meta":{"inline_featured_image":false,"_monsterinsights_skip_tracking":false,"_monsterinsights_sitenote_active":false,"_monsterinsights_sitenote_note":"","_monsterinsights_sitenote_category":0},"pwb-brand":[],"product_brand":[],"product_cat":[51,45],"product_tag":[],"class_list":{"0":"post-399","1":"product","2":"type-product","3":"status-publish","4":"has-post-thumbnail","6":"product_cat-gastroenterologia","7":"product_cat-pharma","9":"first","10":"instock","11":"shipping-taxable","12":"product-type-simple"},"yoast_head":"<!-- This site is optimized with the Yoast SEO plugin v25.4 - https:\/\/yoast.com\/wordpress\/plugins\/seo\/ -->\n<title>DOMACEL 300 - Bioxel<\/title>\n<meta name=\"robots\" content=\"index, follow, max-snippet:-1, max-image-preview:large, max-video-preview:-1\" \/>\n<link rel=\"canonical\" href=\"https:\/\/bioxel.com.uy\/web\/product\/domacel-300\/\" \/>\n<meta property=\"og:locale\" content=\"es_ES\" \/>\n<meta property=\"og:type\" content=\"article\" \/>\n<meta property=\"og:title\" content=\"DOMACEL 300 - Bioxel\" \/>\n<meta property=\"og:description\" content=\"ACIDO URSODESOXICOLICO (URSODIOL) Comprimidos Recubiertos Caja conteniendo 50 comprimidos de 300g.  ACCI\u00d3N TERAP\u00c9UTICA Antilitog\u00e9nico, litol\u00edtico, coler\u00e9tico.  INDICACIONES Disoluci\u00f3n y prevenci\u00f3n de c\u00e1lculos biliares de colesterol de menos de 20 mm de di\u00e1metro que sean radiotransparentes, en pacientes con ves\u00edcula biliar funcionante, demostrado por colecistograf\u00eda.  Tratamiento coadyuvante en el tratamiento de la litiasis biliar por litotricia (ondas de choque). Gastritis por reflujo biliar. Hepatopat\u00edas colest\u00e1sicas.  Tratamiento de la cirrosis biliar primar\" \/>\n<meta property=\"og:url\" content=\"https:\/\/bioxel.com.uy\/web\/product\/domacel-300\/\" \/>\n<meta property=\"og:site_name\" content=\"Bioxel\" \/>\n<meta property=\"article:publisher\" content=\"https:\/\/www.facebook.com\/p\/Bioxel-Uruguay-100075156665285\/\" \/>\n<meta property=\"article:modified_time\" content=\"2024-03-31T22:53:24+00:00\" \/>\n<meta property=\"og:image\" content=\"https:\/\/bioxel.com.uy\/web\/wp-content\/uploads\/2024\/03\/Domacel.jpg\" \/>\n\t<meta property=\"og:image:width\" content=\"1080\" \/>\n\t<meta property=\"og:image:height\" content=\"679\" \/>\n\t<meta property=\"og:image:type\" content=\"image\/jpeg\" \/>\n<meta name=\"twitter:card\" content=\"summary_large_image\" \/>\n<script type=\"application\/ld+json\" class=\"yoast-schema-graph\">{\"@context\":\"https:\/\/schema.org\",\"@graph\":[{\"@type\":\"WebPage\",\"@id\":\"https:\/\/bioxel.com.uy\/web\/product\/domacel-300\/\",\"url\":\"https:\/\/bioxel.com.uy\/web\/product\/domacel-300\/\",\"name\":\"DOMACEL 300 - Bioxel\",\"isPartOf\":{\"@id\":\"https:\/\/bioxel.com.uy\/web\/#website\"},\"primaryImageOfPage\":{\"@id\":\"https:\/\/bioxel.com.uy\/web\/product\/domacel-300\/#primaryimage\"},\"image\":{\"@id\":\"https:\/\/bioxel.com.uy\/web\/product\/domacel-300\/#primaryimage\"},\"thumbnailUrl\":\"https:\/\/bioxel.com.uy\/web\/wp-content\/uploads\/2024\/03\/Domacel.jpg\",\"datePublished\":\"2024-03-03T23:31:18+00:00\",\"dateModified\":\"2024-03-31T22:53:24+00:00\",\"breadcrumb\":{\"@id\":\"https:\/\/bioxel.com.uy\/web\/product\/domacel-300\/#breadcrumb\"},\"inLanguage\":\"es\",\"potentialAction\":[{\"@type\":\"ReadAction\",\"target\":[\"https:\/\/bioxel.com.uy\/web\/product\/domacel-300\/\"]}]},{\"@type\":\"ImageObject\",\"inLanguage\":\"es\",\"@id\":\"https:\/\/bioxel.com.uy\/web\/product\/domacel-300\/#primaryimage\",\"url\":\"https:\/\/bioxel.com.uy\/web\/wp-content\/uploads\/2024\/03\/Domacel.jpg\",\"contentUrl\":\"https:\/\/bioxel.com.uy\/web\/wp-content\/uploads\/2024\/03\/Domacel.jpg\",\"width\":1080,\"height\":679},{\"@type\":\"BreadcrumbList\",\"@id\":\"https:\/\/bioxel.com.uy\/web\/product\/domacel-300\/#breadcrumb\",\"itemListElement\":[{\"@type\":\"ListItem\",\"position\":1,\"name\":\"Portada\",\"item\":\"https:\/\/bioxel.com.uy\/web\/\"},{\"@type\":\"ListItem\",\"position\":2,\"name\":\"Shop\",\"item\":\"https:\/\/bioxel.com.uy\/web\/shop\/\"},{\"@type\":\"ListItem\",\"position\":3,\"name\":\"DOMACEL 300\"}]},{\"@type\":\"WebSite\",\"@id\":\"https:\/\/bioxel.com.uy\/web\/#website\",\"url\":\"https:\/\/bioxel.com.uy\/web\/\",\"name\":\"Laboratorio de Medicamentos Bioxel S.A.\",\"description\":\"Bioxel S.A.\",\"publisher\":{\"@id\":\"https:\/\/bioxel.com.uy\/web\/#organization\"},\"alternateName\":\"Laboratorio Bioxel S.A.\",\"potentialAction\":[{\"@type\":\"SearchAction\",\"target\":{\"@type\":\"EntryPoint\",\"urlTemplate\":\"https:\/\/bioxel.com.uy\/web\/?s={search_term_string}\"},\"query-input\":{\"@type\":\"PropertyValueSpecification\",\"valueRequired\":true,\"valueName\":\"search_term_string\"}}],\"inLanguage\":\"es\"},{\"@type\":\"Organization\",\"@id\":\"https:\/\/bioxel.com.uy\/web\/#organization\",\"name\":\"Laboratorio Bioxel S.A\",\"alternateName\":\"Bioxel\",\"url\":\"https:\/\/bioxel.com.uy\/web\/\",\"logo\":{\"@type\":\"ImageObject\",\"inLanguage\":\"es\",\"@id\":\"https:\/\/bioxel.com.uy\/web\/#\/schema\/logo\/image\/\",\"url\":\"https:\/\/bioxel.com.uy\/web\/wp-content\/uploads\/2024\/02\/BIOXEL-LOGO-NEW.png\",\"contentUrl\":\"https:\/\/bioxel.com.uy\/web\/wp-content\/uploads\/2024\/02\/BIOXEL-LOGO-NEW.png\",\"width\":1792,\"height\":790,\"caption\":\"Laboratorio Bioxel S.A\"},\"image\":{\"@id\":\"https:\/\/bioxel.com.uy\/web\/#\/schema\/logo\/image\/\"},\"sameAs\":[\"https:\/\/www.facebook.com\/p\/Bioxel-Uruguay-100075156665285\/\"]}]}<\/script>\n<!-- \/ Yoast SEO plugin. -->","yoast_head_json":{"title":"DOMACEL 300 - Bioxel","robots":{"index":"index","follow":"follow","max-snippet":"max-snippet:-1","max-image-preview":"max-image-preview:large","max-video-preview":"max-video-preview:-1"},"canonical":"https:\/\/bioxel.com.uy\/web\/product\/domacel-300\/","og_locale":"es_ES","og_type":"article","og_title":"DOMACEL 300 - Bioxel","og_description":"ACIDO URSODESOXICOLICO (URSODIOL) Comprimidos Recubiertos Caja conteniendo 50 comprimidos de 300g.  ACCI\u00d3N TERAP\u00c9UTICA Antilitog\u00e9nico, litol\u00edtico, coler\u00e9tico.  INDICACIONES Disoluci\u00f3n y prevenci\u00f3n de c\u00e1lculos biliares de colesterol de menos de 20 mm de di\u00e1metro que sean radiotransparentes, en pacientes con ves\u00edcula biliar funcionante, demostrado por colecistograf\u00eda.  Tratamiento coadyuvante en el tratamiento de la litiasis biliar por litotricia (ondas de choque). Gastritis por reflujo biliar. Hepatopat\u00edas colest\u00e1sicas.  Tratamiento de la cirrosis biliar primar","og_url":"https:\/\/bioxel.com.uy\/web\/product\/domacel-300\/","og_site_name":"Bioxel","article_publisher":"https:\/\/www.facebook.com\/p\/Bioxel-Uruguay-100075156665285\/","article_modified_time":"2024-03-31T22:53:24+00:00","og_image":[{"width":1080,"height":679,"url":"https:\/\/bioxel.com.uy\/web\/wp-content\/uploads\/2024\/03\/Domacel.jpg","type":"image\/jpeg"}],"twitter_card":"summary_large_image","schema":{"@context":"https:\/\/schema.org","@graph":[{"@type":"WebPage","@id":"https:\/\/bioxel.com.uy\/web\/product\/domacel-300\/","url":"https:\/\/bioxel.com.uy\/web\/product\/domacel-300\/","name":"DOMACEL 300 - Bioxel","isPartOf":{"@id":"https:\/\/bioxel.com.uy\/web\/#website"},"primaryImageOfPage":{"@id":"https:\/\/bioxel.com.uy\/web\/product\/domacel-300\/#primaryimage"},"image":{"@id":"https:\/\/bioxel.com.uy\/web\/product\/domacel-300\/#primaryimage"},"thumbnailUrl":"https:\/\/bioxel.com.uy\/web\/wp-content\/uploads\/2024\/03\/Domacel.jpg","datePublished":"2024-03-03T23:31:18+00:00","dateModified":"2024-03-31T22:53:24+00:00","breadcrumb":{"@id":"https:\/\/bioxel.com.uy\/web\/product\/domacel-300\/#breadcrumb"},"inLanguage":"es","potentialAction":[{"@type":"ReadAction","target":["https:\/\/bioxel.com.uy\/web\/product\/domacel-300\/"]}]},{"@type":"ImageObject","inLanguage":"es","@id":"https:\/\/bioxel.com.uy\/web\/product\/domacel-300\/#primaryimage","url":"https:\/\/bioxel.com.uy\/web\/wp-content\/uploads\/2024\/03\/Domacel.jpg","contentUrl":"https:\/\/bioxel.com.uy\/web\/wp-content\/uploads\/2024\/03\/Domacel.jpg","width":1080,"height":679},{"@type":"BreadcrumbList","@id":"https:\/\/bioxel.com.uy\/web\/product\/domacel-300\/#breadcrumb","itemListElement":[{"@type":"ListItem","position":1,"name":"Portada","item":"https:\/\/bioxel.com.uy\/web\/"},{"@type":"ListItem","position":2,"name":"Shop","item":"https:\/\/bioxel.com.uy\/web\/shop\/"},{"@type":"ListItem","position":3,"name":"DOMACEL 300"}]},{"@type":"WebSite","@id":"https:\/\/bioxel.com.uy\/web\/#website","url":"https:\/\/bioxel.com.uy\/web\/","name":"Laboratorio de Medicamentos Bioxel S.A.","description":"Bioxel S.A.","publisher":{"@id":"https:\/\/bioxel.com.uy\/web\/#organization"},"alternateName":"Laboratorio Bioxel S.A.","potentialAction":[{"@type":"SearchAction","target":{"@type":"EntryPoint","urlTemplate":"https:\/\/bioxel.com.uy\/web\/?s={search_term_string}"},"query-input":{"@type":"PropertyValueSpecification","valueRequired":true,"valueName":"search_term_string"}}],"inLanguage":"es"},{"@type":"Organization","@id":"https:\/\/bioxel.com.uy\/web\/#organization","name":"Laboratorio Bioxel S.A","alternateName":"Bioxel","url":"https:\/\/bioxel.com.uy\/web\/","logo":{"@type":"ImageObject","inLanguage":"es","@id":"https:\/\/bioxel.com.uy\/web\/#\/schema\/logo\/image\/","url":"https:\/\/bioxel.com.uy\/web\/wp-content\/uploads\/2024\/02\/BIOXEL-LOGO-NEW.png","contentUrl":"https:\/\/bioxel.com.uy\/web\/wp-content\/uploads\/2024\/02\/BIOXEL-LOGO-NEW.png","width":1792,"height":790,"caption":"Laboratorio Bioxel S.A"},"image":{"@id":"https:\/\/bioxel.com.uy\/web\/#\/schema\/logo\/image\/"},"sameAs":["https:\/\/www.facebook.com\/p\/Bioxel-Uruguay-100075156665285\/"]}]}},"brands":[],"_links":{"self":[{"href":"https:\/\/bioxel.com.uy\/web\/wp-json\/wp\/v2\/product\/399","targetHints":{"allow":["GET"]}}],"collection":[{"href":"https:\/\/bioxel.com.uy\/web\/wp-json\/wp\/v2\/product"}],"about":[{"href":"https:\/\/bioxel.com.uy\/web\/wp-json\/wp\/v2\/types\/product"}],"replies":[{"embeddable":true,"href":"https:\/\/bioxel.com.uy\/web\/wp-json\/wp\/v2\/comments?post=399"}],"version-history":[{"count":3,"href":"https:\/\/bioxel.com.uy\/web\/wp-json\/wp\/v2\/product\/399\/revisions"}],"predecessor-version":[{"id":647,"href":"https:\/\/bioxel.com.uy\/web\/wp-json\/wp\/v2\/product\/399\/revisions\/647"}],"wp:featuredmedia":[{"embeddable":true,"href":"https:\/\/bioxel.com.uy\/web\/wp-json\/wp\/v2\/media\/646"}],"wp:attachment":[{"href":"https:\/\/bioxel.com.uy\/web\/wp-json\/wp\/v2\/media?parent=399"}],"wp:term":[{"taxonomy":"pwb-brand","embeddable":true,"href":"https:\/\/bioxel.com.uy\/web\/wp-json\/wp\/v2\/pwb-brand?post=399"},{"taxonomy":"product_brand","embeddable":true,"href":"https:\/\/bioxel.com.uy\/web\/wp-json\/wp\/v2\/product_brand?post=399"},{"taxonomy":"product_cat","embeddable":true,"href":"https:\/\/bioxel.com.uy\/web\/wp-json\/wp\/v2\/product_cat?post=399"},{"taxonomy":"product_tag","embeddable":true,"href":"https:\/\/bioxel.com.uy\/web\/wp-json\/wp\/v2\/product_tag?post=399"}],"curies":[{"name":"wp","href":"https:\/\/api.w.org\/{rel}","templated":true}]}}