{"id":410,"date":"2024-03-03T20:47:21","date_gmt":"2024-03-03T23:47:21","guid":{"rendered":"http:\/\/bioxel.com.uy\/web\/?post_type=product&#038;p=410"},"modified":"2024-03-31T20:42:48","modified_gmt":"2024-03-31T23:42:48","slug":"barex-70-saborizado","status":"publish","type":"product","link":"https:\/\/bioxel.com.uy\/web\/product\/barex-70-saborizado\/","title":{"rendered":"BAREX 70 SABORIZADO"},"content":{"rendered":"<p>\u2022 Principio Activo: Polietilenglicol 3350 y electrolitos.<br \/>\n\u2022 Concentraci\u00f3n: 60grs\/potedePEG3350.<br \/>\n\u2022 Forma Farmac\u00e9utica: Polvo para preparar soluci\u00f3n.<br \/>\n\u2022 Presentaci\u00f3n: Envase conteniendo 70g de polvo(para preparar 1L de soluci\u00f3n).<br \/>\n\u2022 Reg.M.S.P.: 44191<br \/>\n\u2022 Marca: Laboratorio Dominguez(Argentina).<\/p>\n","protected":false},"excerpt":{"rendered":"<p>POLIETILENGLICOL (PEG) 3350 + ELECTROLITOS<br \/>\nPolvo para Soluci\u00f3n Oral.<br \/>\nPresentaci\u00f3n y Concentraci\u00f3n: Envase x 1 pote un pote conteniendo:<br \/>\nPolietilenglicol 3350 &#8211; 60 g<br \/>\nCloruro de sodio 1.46 g<br \/>\nCloruro de potasio 745 mg<br \/>\nBicarbonato de sodio 1.68 g<br \/>\nSulfato de sodio anhidro 5.68 g<br \/>\nExcipientes.<\/p>\n<p>ACCION TERAPEUTICA<br \/>\nLaxante osm\u00f3tico.<\/p>\n<p>INDICACIONES<br \/>\nBAREX 70 SABORIZADO est\u00e1 indicado en la preparaci\u00f3n del colon previa a estudios endosc\u00f3picos, radiol\u00f3gicos y cirug\u00eda colorrectal.<\/p>\n","protected":false},"featured_media":634,"comment_status":"open","ping_status":"closed","template":"","meta":{"inline_featured_image":false,"_monsterinsights_skip_tracking":false,"_monsterinsights_sitenote_active":false,"_monsterinsights_sitenote_note":"","_monsterinsights_sitenote_category":0},"pwb-brand":[39],"product_brand":[],"product_cat":[53,45],"product_tag":[],"class_list":{"0":"post-410","1":"product","2":"type-product","3":"status-publish","4":"has-post-thumbnail","6":"pwb-brand-lab-dominguez","7":"product_cat-gastroenterologia-endocospia-digestiva","8":"product_cat-pharma","10":"first","11":"instock","12":"shipping-taxable","13":"product-type-simple"},"yoast_head":"<!-- This site is optimized with the Yoast SEO plugin v25.4 - https:\/\/yoast.com\/wordpress\/plugins\/seo\/ -->\n<title>BAREX 70 SABORIZADO - Bioxel<\/title>\n<meta name=\"robots\" content=\"index, follow, max-snippet:-1, max-image-preview:large, max-video-preview:-1\" \/>\n<link rel=\"canonical\" href=\"https:\/\/bioxel.com.uy\/web\/product\/barex-70-saborizado\/\" \/>\n<meta property=\"og:locale\" content=\"es_ES\" \/>\n<meta property=\"og:type\" content=\"article\" \/>\n<meta property=\"og:title\" content=\"BAREX 70 SABORIZADO - Bioxel\" \/>\n<meta property=\"og:description\" content=\"POLIETILENGLICOL (PEG) 3350 + ELECTROLITOS Polvo para Soluci\u00f3n Oral. Presentaci\u00f3n y Concentraci\u00f3n: Envase x 1 pote un pote conteniendo: Polietilenglicol 3350 - 60 g Cloruro de sodio 1.46 g Cloruro de potasio 745 mg Bicarbonato de sodio 1.68 g Sulfato de sodio anhidro 5.68 g Excipientes.  ACCION TERAPEUTICA Laxante osm\u00f3tico.  INDICACIONES BAREX 70 SABORIZADO est\u00e1 indicado en la preparaci\u00f3n del colon previa a estudios endosc\u00f3picos, radiol\u00f3gicos y cirug\u00eda colorrectal.\" \/>\n<meta property=\"og:url\" content=\"https:\/\/bioxel.com.uy\/web\/product\/barex-70-saborizado\/\" \/>\n<meta property=\"og:site_name\" content=\"Bioxel\" \/>\n<meta property=\"article:publisher\" content=\"https:\/\/www.facebook.com\/p\/Bioxel-Uruguay-100075156665285\/\" \/>\n<meta property=\"article:modified_time\" content=\"2024-03-31T23:42:48+00:00\" \/>\n<meta property=\"og:image\" content=\"https:\/\/bioxel.com.uy\/web\/wp-content\/uploads\/2024\/03\/Barex-70.jpg\" \/>\n\t<meta property=\"og:image:width\" content=\"900\" \/>\n\t<meta property=\"og:image:height\" content=\"512\" \/>\n\t<meta property=\"og:image:type\" content=\"image\/jpeg\" \/>\n<meta name=\"twitter:card\" content=\"summary_large_image\" \/>\n<script type=\"application\/ld+json\" class=\"yoast-schema-graph\">{\"@context\":\"https:\/\/schema.org\",\"@graph\":[{\"@type\":\"WebPage\",\"@id\":\"https:\/\/bioxel.com.uy\/web\/product\/barex-70-saborizado\/\",\"url\":\"https:\/\/bioxel.com.uy\/web\/product\/barex-70-saborizado\/\",\"name\":\"BAREX 70 SABORIZADO - Bioxel\",\"isPartOf\":{\"@id\":\"https:\/\/bioxel.com.uy\/web\/#website\"},\"primaryImageOfPage\":{\"@id\":\"https:\/\/bioxel.com.uy\/web\/product\/barex-70-saborizado\/#primaryimage\"},\"image\":{\"@id\":\"https:\/\/bioxel.com.uy\/web\/product\/barex-70-saborizado\/#primaryimage\"},\"thumbnailUrl\":\"https:\/\/bioxel.com.uy\/web\/wp-content\/uploads\/2024\/03\/Barex-70.jpg\",\"datePublished\":\"2024-03-03T23:47:21+00:00\",\"dateModified\":\"2024-03-31T23:42:48+00:00\",\"breadcrumb\":{\"@id\":\"https:\/\/bioxel.com.uy\/web\/product\/barex-70-saborizado\/#breadcrumb\"},\"inLanguage\":\"es\",\"potentialAction\":[{\"@type\":\"ReadAction\",\"target\":[\"https:\/\/bioxel.com.uy\/web\/product\/barex-70-saborizado\/\"]}]},{\"@type\":\"ImageObject\",\"inLanguage\":\"es\",\"@id\":\"https:\/\/bioxel.com.uy\/web\/product\/barex-70-saborizado\/#primaryimage\",\"url\":\"https:\/\/bioxel.com.uy\/web\/wp-content\/uploads\/2024\/03\/Barex-70.jpg\",\"contentUrl\":\"https:\/\/bioxel.com.uy\/web\/wp-content\/uploads\/2024\/03\/Barex-70.jpg\",\"width\":900,\"height\":512},{\"@type\":\"BreadcrumbList\",\"@id\":\"https:\/\/bioxel.com.uy\/web\/product\/barex-70-saborizado\/#breadcrumb\",\"itemListElement\":[{\"@type\":\"ListItem\",\"position\":1,\"name\":\"Portada\",\"item\":\"https:\/\/bioxel.com.uy\/web\/\"},{\"@type\":\"ListItem\",\"position\":2,\"name\":\"Shop\",\"item\":\"https:\/\/bioxel.com.uy\/web\/shop\/\"},{\"@type\":\"ListItem\",\"position\":3,\"name\":\"BAREX 70 SABORIZADO\"}]},{\"@type\":\"WebSite\",\"@id\":\"https:\/\/bioxel.com.uy\/web\/#website\",\"url\":\"https:\/\/bioxel.com.uy\/web\/\",\"name\":\"Laboratorio de Medicamentos Bioxel S.A.\",\"description\":\"Bioxel S.A.\",\"publisher\":{\"@id\":\"https:\/\/bioxel.com.uy\/web\/#organization\"},\"alternateName\":\"Laboratorio Bioxel S.A.\",\"potentialAction\":[{\"@type\":\"SearchAction\",\"target\":{\"@type\":\"EntryPoint\",\"urlTemplate\":\"https:\/\/bioxel.com.uy\/web\/?s={search_term_string}\"},\"query-input\":{\"@type\":\"PropertyValueSpecification\",\"valueRequired\":true,\"valueName\":\"search_term_string\"}}],\"inLanguage\":\"es\"},{\"@type\":\"Organization\",\"@id\":\"https:\/\/bioxel.com.uy\/web\/#organization\",\"name\":\"Laboratorio Bioxel S.A\",\"alternateName\":\"Bioxel\",\"url\":\"https:\/\/bioxel.com.uy\/web\/\",\"logo\":{\"@type\":\"ImageObject\",\"inLanguage\":\"es\",\"@id\":\"https:\/\/bioxel.com.uy\/web\/#\/schema\/logo\/image\/\",\"url\":\"https:\/\/bioxel.com.uy\/web\/wp-content\/uploads\/2024\/02\/BIOXEL-LOGO-NEW.png\",\"contentUrl\":\"https:\/\/bioxel.com.uy\/web\/wp-content\/uploads\/2024\/02\/BIOXEL-LOGO-NEW.png\",\"width\":1792,\"height\":790,\"caption\":\"Laboratorio Bioxel S.A\"},\"image\":{\"@id\":\"https:\/\/bioxel.com.uy\/web\/#\/schema\/logo\/image\/\"},\"sameAs\":[\"https:\/\/www.facebook.com\/p\/Bioxel-Uruguay-100075156665285\/\"]}]}<\/script>\n<!-- \/ Yoast SEO plugin. -->","yoast_head_json":{"title":"BAREX 70 SABORIZADO - Bioxel","robots":{"index":"index","follow":"follow","max-snippet":"max-snippet:-1","max-image-preview":"max-image-preview:large","max-video-preview":"max-video-preview:-1"},"canonical":"https:\/\/bioxel.com.uy\/web\/product\/barex-70-saborizado\/","og_locale":"es_ES","og_type":"article","og_title":"BAREX 70 SABORIZADO - Bioxel","og_description":"POLIETILENGLICOL (PEG) 3350 + ELECTROLITOS Polvo para Soluci\u00f3n Oral. Presentaci\u00f3n y Concentraci\u00f3n: Envase x 1 pote un pote conteniendo: Polietilenglicol 3350 - 60 g Cloruro de sodio 1.46 g Cloruro de potasio 745 mg Bicarbonato de sodio 1.68 g Sulfato de sodio anhidro 5.68 g Excipientes.  ACCION TERAPEUTICA Laxante osm\u00f3tico.  INDICACIONES BAREX 70 SABORIZADO est\u00e1 indicado en la preparaci\u00f3n del colon previa a estudios endosc\u00f3picos, radiol\u00f3gicos y cirug\u00eda colorrectal.","og_url":"https:\/\/bioxel.com.uy\/web\/product\/barex-70-saborizado\/","og_site_name":"Bioxel","article_publisher":"https:\/\/www.facebook.com\/p\/Bioxel-Uruguay-100075156665285\/","article_modified_time":"2024-03-31T23:42:48+00:00","og_image":[{"width":900,"height":512,"url":"https:\/\/bioxel.com.uy\/web\/wp-content\/uploads\/2024\/03\/Barex-70.jpg","type":"image\/jpeg"}],"twitter_card":"summary_large_image","schema":{"@context":"https:\/\/schema.org","@graph":[{"@type":"WebPage","@id":"https:\/\/bioxel.com.uy\/web\/product\/barex-70-saborizado\/","url":"https:\/\/bioxel.com.uy\/web\/product\/barex-70-saborizado\/","name":"BAREX 70 SABORIZADO - Bioxel","isPartOf":{"@id":"https:\/\/bioxel.com.uy\/web\/#website"},"primaryImageOfPage":{"@id":"https:\/\/bioxel.com.uy\/web\/product\/barex-70-saborizado\/#primaryimage"},"image":{"@id":"https:\/\/bioxel.com.uy\/web\/product\/barex-70-saborizado\/#primaryimage"},"thumbnailUrl":"https:\/\/bioxel.com.uy\/web\/wp-content\/uploads\/2024\/03\/Barex-70.jpg","datePublished":"2024-03-03T23:47:21+00:00","dateModified":"2024-03-31T23:42:48+00:00","breadcrumb":{"@id":"https:\/\/bioxel.com.uy\/web\/product\/barex-70-saborizado\/#breadcrumb"},"inLanguage":"es","potentialAction":[{"@type":"ReadAction","target":["https:\/\/bioxel.com.uy\/web\/product\/barex-70-saborizado\/"]}]},{"@type":"ImageObject","inLanguage":"es","@id":"https:\/\/bioxel.com.uy\/web\/product\/barex-70-saborizado\/#primaryimage","url":"https:\/\/bioxel.com.uy\/web\/wp-content\/uploads\/2024\/03\/Barex-70.jpg","contentUrl":"https:\/\/bioxel.com.uy\/web\/wp-content\/uploads\/2024\/03\/Barex-70.jpg","width":900,"height":512},{"@type":"BreadcrumbList","@id":"https:\/\/bioxel.com.uy\/web\/product\/barex-70-saborizado\/#breadcrumb","itemListElement":[{"@type":"ListItem","position":1,"name":"Portada","item":"https:\/\/bioxel.com.uy\/web\/"},{"@type":"ListItem","position":2,"name":"Shop","item":"https:\/\/bioxel.com.uy\/web\/shop\/"},{"@type":"ListItem","position":3,"name":"BAREX 70 SABORIZADO"}]},{"@type":"WebSite","@id":"https:\/\/bioxel.com.uy\/web\/#website","url":"https:\/\/bioxel.com.uy\/web\/","name":"Laboratorio de Medicamentos Bioxel S.A.","description":"Bioxel S.A.","publisher":{"@id":"https:\/\/bioxel.com.uy\/web\/#organization"},"alternateName":"Laboratorio Bioxel S.A.","potentialAction":[{"@type":"SearchAction","target":{"@type":"EntryPoint","urlTemplate":"https:\/\/bioxel.com.uy\/web\/?s={search_term_string}"},"query-input":{"@type":"PropertyValueSpecification","valueRequired":true,"valueName":"search_term_string"}}],"inLanguage":"es"},{"@type":"Organization","@id":"https:\/\/bioxel.com.uy\/web\/#organization","name":"Laboratorio Bioxel S.A","alternateName":"Bioxel","url":"https:\/\/bioxel.com.uy\/web\/","logo":{"@type":"ImageObject","inLanguage":"es","@id":"https:\/\/bioxel.com.uy\/web\/#\/schema\/logo\/image\/","url":"https:\/\/bioxel.com.uy\/web\/wp-content\/uploads\/2024\/02\/BIOXEL-LOGO-NEW.png","contentUrl":"https:\/\/bioxel.com.uy\/web\/wp-content\/uploads\/2024\/02\/BIOXEL-LOGO-NEW.png","width":1792,"height":790,"caption":"Laboratorio Bioxel S.A"},"image":{"@id":"https:\/\/bioxel.com.uy\/web\/#\/schema\/logo\/image\/"},"sameAs":["https:\/\/www.facebook.com\/p\/Bioxel-Uruguay-100075156665285\/"]}]}},"brands":[{"id":39,"name":"LABORATORIO DOMINGUEZ","slug":"lab-dominguez"}],"_links":{"self":[{"href":"https:\/\/bioxel.com.uy\/web\/wp-json\/wp\/v2\/product\/410","targetHints":{"allow":["GET"]}}],"collection":[{"href":"https:\/\/bioxel.com.uy\/web\/wp-json\/wp\/v2\/product"}],"about":[{"href":"https:\/\/bioxel.com.uy\/web\/wp-json\/wp\/v2\/types\/product"}],"replies":[{"embeddable":true,"href":"https:\/\/bioxel.com.uy\/web\/wp-json\/wp\/v2\/comments?post=410"}],"version-history":[{"count":4,"href":"https:\/\/bioxel.com.uy\/web\/wp-json\/wp\/v2\/product\/410\/revisions"}],"predecessor-version":[{"id":696,"href":"https:\/\/bioxel.com.uy\/web\/wp-json\/wp\/v2\/product\/410\/revisions\/696"}],"wp:featuredmedia":[{"embeddable":true,"href":"https:\/\/bioxel.com.uy\/web\/wp-json\/wp\/v2\/media\/634"}],"wp:attachment":[{"href":"https:\/\/bioxel.com.uy\/web\/wp-json\/wp\/v2\/media?parent=410"}],"wp:term":[{"taxonomy":"pwb-brand","embeddable":true,"href":"https:\/\/bioxel.com.uy\/web\/wp-json\/wp\/v2\/pwb-brand?post=410"},{"taxonomy":"product_brand","embeddable":true,"href":"https:\/\/bioxel.com.uy\/web\/wp-json\/wp\/v2\/product_brand?post=410"},{"taxonomy":"product_cat","embeddable":true,"href":"https:\/\/bioxel.com.uy\/web\/wp-json\/wp\/v2\/product_cat?post=410"},{"taxonomy":"product_tag","embeddable":true,"href":"https:\/\/bioxel.com.uy\/web\/wp-json\/wp\/v2\/product_tag?post=410"}],"curies":[{"name":"wp","href":"https:\/\/api.w.org\/{rel}","templated":true}]}}