{"id":413,"date":"2024-03-03T21:04:48","date_gmt":"2024-03-04T00:04:48","guid":{"rendered":"http:\/\/bioxel.com.uy\/web\/?post_type=product&#038;p=413"},"modified":"2024-03-31T20:11:57","modified_gmt":"2024-03-31T23:11:57","slug":"fludarabina-fosfato-ima-50-mg","status":"publish","type":"product","link":"https:\/\/bioxel.com.uy\/web\/product\/fludarabina-fosfato-ima-50-mg\/","title":{"rendered":"FLUDARABINA FOSFATO  IMA 50 MG"},"content":{"rendered":"<p>\u2022\tPrincipio Activo: FludarabinaFosfato.<br \/>\n\u2022\tConcentraci\u00f3n: 50mg\/vial.<br \/>\n\u2022\tForma Farmac\u00e9utica: Polvo liofilizado para soluci\u00f3n inyectable<br \/>\n\u2022\tPresentaci\u00f3n:Envase x1 frasco-ampolla con polvo.<br \/>\n\u2022\tReg.M.S.P.: 44753<br \/>\n\u2022\tMarca: Laboratorios IMA(Argentina)<br \/>\n\u2022\tCondici\u00f3n de almacenamiento: Bajo refrigeraci\u00f3n(2-8\u00baC).<\/p>\n","protected":false},"excerpt":{"rendered":"<p>FLUDARABINA FOSFATO 50MG<br \/>\nPolvo liofilizado para Soluci\u00f3n Inyectable.<br \/>\nV\u00eda de administraci\u00f3n: Intravenosa; Infusi\u00f3n Intravenosa.<br \/>\nPresentaci\u00f3n: Envase x 1 Frasco ampolla con polvo.<\/p>\n<p>ACCI\u00d3N TERAPE\u00daTICA<br \/>\nFunciona como antimetabolito, al unirse a la ribonucle\u00f3tido-reductasa, la DNA-polimerasa y la DNA-primasa y la DNA-ligasa, inhibiendo de este modo la s\u00edntesis de DNA. Adicionalmente tambi\u00e9n produce una inhibici\u00f3n parcial de la RNA- polimerasa II, con la consiguiente reducci\u00f3n de la s\u00edntesis proteica.<\/p>\n<p>INDICACIONES<br \/>\nTratamiento de Leucemia Linfoc\u00edtica Cr\u00f3nica de c\u00e9lulas B (LLC) en pacientes adultos con suficiente reserva medular.<\/p>\n","protected":false},"featured_media":665,"comment_status":"open","ping_status":"closed","template":"","meta":{"inline_featured_image":false,"_monsterinsights_skip_tracking":false,"_monsterinsights_sitenote_active":false,"_monsterinsights_sitenote_note":"","_monsterinsights_sitenote_category":0},"pwb-brand":[40],"product_brand":[],"product_cat":[52,45],"product_tag":[],"class_list":{"0":"post-413","1":"product","2":"type-product","3":"status-publish","4":"has-post-thumbnail","6":"pwb-brand-ima","7":"product_cat-oncologia","8":"product_cat-pharma","10":"first","11":"instock","12":"shipping-taxable","13":"product-type-simple"},"yoast_head":"<!-- This site is optimized with the Yoast SEO plugin v25.4 - https:\/\/yoast.com\/wordpress\/plugins\/seo\/ -->\n<title>FLUDARABINA FOSFATO IMA 50 MG - Bioxel<\/title>\n<meta name=\"robots\" content=\"index, follow, max-snippet:-1, max-image-preview:large, max-video-preview:-1\" \/>\n<link rel=\"canonical\" href=\"https:\/\/bioxel.com.uy\/web\/product\/fludarabina-fosfato-ima-50-mg\/\" \/>\n<meta property=\"og:locale\" content=\"es_ES\" \/>\n<meta property=\"og:type\" content=\"article\" \/>\n<meta property=\"og:title\" content=\"FLUDARABINA FOSFATO IMA 50 MG - Bioxel\" \/>\n<meta property=\"og:description\" content=\"FLUDARABINA FOSFATO 50MG Polvo liofilizado para Soluci\u00f3n Inyectable. V\u00eda de administraci\u00f3n: Intravenosa; Infusi\u00f3n Intravenosa. Presentaci\u00f3n: Envase x 1 Frasco ampolla con polvo.  ACCI\u00d3N TERAPE\u00daTICA Funciona como antimetabolito, al unirse a la ribonucle\u00f3tido-reductasa, la DNA-polimerasa y la DNA-primasa y la DNA-ligasa, inhibiendo de este modo la s\u00edntesis de DNA. Adicionalmente tambi\u00e9n produce una inhibici\u00f3n parcial de la RNA- polimerasa II, con la consiguiente reducci\u00f3n de la s\u00edntesis proteica.  INDICACIONES Tratamiento de Leucemia Linfoc\u00edtica Cr\u00f3nica de c\u00e9lulas B (LLC) en pacientes adultos con suficiente reserva medular.\" \/>\n<meta property=\"og:url\" content=\"https:\/\/bioxel.com.uy\/web\/product\/fludarabina-fosfato-ima-50-mg\/\" \/>\n<meta property=\"og:site_name\" content=\"Bioxel\" \/>\n<meta property=\"article:publisher\" content=\"https:\/\/www.facebook.com\/p\/Bioxel-Uruguay-100075156665285\/\" \/>\n<meta property=\"article:modified_time\" content=\"2024-03-31T23:11:57+00:00\" \/>\n<meta property=\"og:image\" content=\"https:\/\/bioxel.com.uy\/web\/wp-content\/uploads\/2024\/03\/Fludarabina-IMA.jpg\" \/>\n\t<meta property=\"og:image:width\" content=\"1280\" \/>\n\t<meta property=\"og:image:height\" content=\"1231\" \/>\n\t<meta property=\"og:image:type\" content=\"image\/jpeg\" \/>\n<meta name=\"twitter:card\" content=\"summary_large_image\" \/>\n<script type=\"application\/ld+json\" class=\"yoast-schema-graph\">{\"@context\":\"https:\/\/schema.org\",\"@graph\":[{\"@type\":\"WebPage\",\"@id\":\"https:\/\/bioxel.com.uy\/web\/product\/fludarabina-fosfato-ima-50-mg\/\",\"url\":\"https:\/\/bioxel.com.uy\/web\/product\/fludarabina-fosfato-ima-50-mg\/\",\"name\":\"FLUDARABINA FOSFATO IMA 50 MG - Bioxel\",\"isPartOf\":{\"@id\":\"https:\/\/bioxel.com.uy\/web\/#website\"},\"primaryImageOfPage\":{\"@id\":\"https:\/\/bioxel.com.uy\/web\/product\/fludarabina-fosfato-ima-50-mg\/#primaryimage\"},\"image\":{\"@id\":\"https:\/\/bioxel.com.uy\/web\/product\/fludarabina-fosfato-ima-50-mg\/#primaryimage\"},\"thumbnailUrl\":\"https:\/\/bioxel.com.uy\/web\/wp-content\/uploads\/2024\/03\/Fludarabina-IMA.jpg\",\"datePublished\":\"2024-03-04T00:04:48+00:00\",\"dateModified\":\"2024-03-31T23:11:57+00:00\",\"breadcrumb\":{\"@id\":\"https:\/\/bioxel.com.uy\/web\/product\/fludarabina-fosfato-ima-50-mg\/#breadcrumb\"},\"inLanguage\":\"es\",\"potentialAction\":[{\"@type\":\"ReadAction\",\"target\":[\"https:\/\/bioxel.com.uy\/web\/product\/fludarabina-fosfato-ima-50-mg\/\"]}]},{\"@type\":\"ImageObject\",\"inLanguage\":\"es\",\"@id\":\"https:\/\/bioxel.com.uy\/web\/product\/fludarabina-fosfato-ima-50-mg\/#primaryimage\",\"url\":\"https:\/\/bioxel.com.uy\/web\/wp-content\/uploads\/2024\/03\/Fludarabina-IMA.jpg\",\"contentUrl\":\"https:\/\/bioxel.com.uy\/web\/wp-content\/uploads\/2024\/03\/Fludarabina-IMA.jpg\",\"width\":1280,\"height\":1231},{\"@type\":\"BreadcrumbList\",\"@id\":\"https:\/\/bioxel.com.uy\/web\/product\/fludarabina-fosfato-ima-50-mg\/#breadcrumb\",\"itemListElement\":[{\"@type\":\"ListItem\",\"position\":1,\"name\":\"Portada\",\"item\":\"https:\/\/bioxel.com.uy\/web\/\"},{\"@type\":\"ListItem\",\"position\":2,\"name\":\"Shop\",\"item\":\"https:\/\/bioxel.com.uy\/web\/shop\/\"},{\"@type\":\"ListItem\",\"position\":3,\"name\":\"FLUDARABINA FOSFATO IMA 50 MG\"}]},{\"@type\":\"WebSite\",\"@id\":\"https:\/\/bioxel.com.uy\/web\/#website\",\"url\":\"https:\/\/bioxel.com.uy\/web\/\",\"name\":\"Laboratorio de Medicamentos Bioxel S.A.\",\"description\":\"Bioxel S.A.\",\"publisher\":{\"@id\":\"https:\/\/bioxel.com.uy\/web\/#organization\"},\"alternateName\":\"Laboratorio Bioxel S.A.\",\"potentialAction\":[{\"@type\":\"SearchAction\",\"target\":{\"@type\":\"EntryPoint\",\"urlTemplate\":\"https:\/\/bioxel.com.uy\/web\/?s={search_term_string}\"},\"query-input\":{\"@type\":\"PropertyValueSpecification\",\"valueRequired\":true,\"valueName\":\"search_term_string\"}}],\"inLanguage\":\"es\"},{\"@type\":\"Organization\",\"@id\":\"https:\/\/bioxel.com.uy\/web\/#organization\",\"name\":\"Laboratorio Bioxel S.A\",\"alternateName\":\"Bioxel\",\"url\":\"https:\/\/bioxel.com.uy\/web\/\",\"logo\":{\"@type\":\"ImageObject\",\"inLanguage\":\"es\",\"@id\":\"https:\/\/bioxel.com.uy\/web\/#\/schema\/logo\/image\/\",\"url\":\"https:\/\/bioxel.com.uy\/web\/wp-content\/uploads\/2024\/02\/BIOXEL-LOGO-NEW.png\",\"contentUrl\":\"https:\/\/bioxel.com.uy\/web\/wp-content\/uploads\/2024\/02\/BIOXEL-LOGO-NEW.png\",\"width\":1792,\"height\":790,\"caption\":\"Laboratorio Bioxel S.A\"},\"image\":{\"@id\":\"https:\/\/bioxel.com.uy\/web\/#\/schema\/logo\/image\/\"},\"sameAs\":[\"https:\/\/www.facebook.com\/p\/Bioxel-Uruguay-100075156665285\/\"]}]}<\/script>\n<!-- \/ Yoast SEO plugin. -->","yoast_head_json":{"title":"FLUDARABINA FOSFATO IMA 50 MG - Bioxel","robots":{"index":"index","follow":"follow","max-snippet":"max-snippet:-1","max-image-preview":"max-image-preview:large","max-video-preview":"max-video-preview:-1"},"canonical":"https:\/\/bioxel.com.uy\/web\/product\/fludarabina-fosfato-ima-50-mg\/","og_locale":"es_ES","og_type":"article","og_title":"FLUDARABINA FOSFATO IMA 50 MG - Bioxel","og_description":"FLUDARABINA FOSFATO 50MG Polvo liofilizado para Soluci\u00f3n Inyectable. V\u00eda de administraci\u00f3n: Intravenosa; Infusi\u00f3n Intravenosa. Presentaci\u00f3n: Envase x 1 Frasco ampolla con polvo.  ACCI\u00d3N TERAPE\u00daTICA Funciona como antimetabolito, al unirse a la ribonucle\u00f3tido-reductasa, la DNA-polimerasa y la DNA-primasa y la DNA-ligasa, inhibiendo de este modo la s\u00edntesis de DNA. Adicionalmente tambi\u00e9n produce una inhibici\u00f3n parcial de la RNA- polimerasa II, con la consiguiente reducci\u00f3n de la s\u00edntesis proteica.  INDICACIONES Tratamiento de Leucemia Linfoc\u00edtica Cr\u00f3nica de c\u00e9lulas B (LLC) en pacientes adultos con suficiente reserva medular.","og_url":"https:\/\/bioxel.com.uy\/web\/product\/fludarabina-fosfato-ima-50-mg\/","og_site_name":"Bioxel","article_publisher":"https:\/\/www.facebook.com\/p\/Bioxel-Uruguay-100075156665285\/","article_modified_time":"2024-03-31T23:11:57+00:00","og_image":[{"width":1280,"height":1231,"url":"https:\/\/bioxel.com.uy\/web\/wp-content\/uploads\/2024\/03\/Fludarabina-IMA.jpg","type":"image\/jpeg"}],"twitter_card":"summary_large_image","schema":{"@context":"https:\/\/schema.org","@graph":[{"@type":"WebPage","@id":"https:\/\/bioxel.com.uy\/web\/product\/fludarabina-fosfato-ima-50-mg\/","url":"https:\/\/bioxel.com.uy\/web\/product\/fludarabina-fosfato-ima-50-mg\/","name":"FLUDARABINA FOSFATO IMA 50 MG - Bioxel","isPartOf":{"@id":"https:\/\/bioxel.com.uy\/web\/#website"},"primaryImageOfPage":{"@id":"https:\/\/bioxel.com.uy\/web\/product\/fludarabina-fosfato-ima-50-mg\/#primaryimage"},"image":{"@id":"https:\/\/bioxel.com.uy\/web\/product\/fludarabina-fosfato-ima-50-mg\/#primaryimage"},"thumbnailUrl":"https:\/\/bioxel.com.uy\/web\/wp-content\/uploads\/2024\/03\/Fludarabina-IMA.jpg","datePublished":"2024-03-04T00:04:48+00:00","dateModified":"2024-03-31T23:11:57+00:00","breadcrumb":{"@id":"https:\/\/bioxel.com.uy\/web\/product\/fludarabina-fosfato-ima-50-mg\/#breadcrumb"},"inLanguage":"es","potentialAction":[{"@type":"ReadAction","target":["https:\/\/bioxel.com.uy\/web\/product\/fludarabina-fosfato-ima-50-mg\/"]}]},{"@type":"ImageObject","inLanguage":"es","@id":"https:\/\/bioxel.com.uy\/web\/product\/fludarabina-fosfato-ima-50-mg\/#primaryimage","url":"https:\/\/bioxel.com.uy\/web\/wp-content\/uploads\/2024\/03\/Fludarabina-IMA.jpg","contentUrl":"https:\/\/bioxel.com.uy\/web\/wp-content\/uploads\/2024\/03\/Fludarabina-IMA.jpg","width":1280,"height":1231},{"@type":"BreadcrumbList","@id":"https:\/\/bioxel.com.uy\/web\/product\/fludarabina-fosfato-ima-50-mg\/#breadcrumb","itemListElement":[{"@type":"ListItem","position":1,"name":"Portada","item":"https:\/\/bioxel.com.uy\/web\/"},{"@type":"ListItem","position":2,"name":"Shop","item":"https:\/\/bioxel.com.uy\/web\/shop\/"},{"@type":"ListItem","position":3,"name":"FLUDARABINA FOSFATO IMA 50 MG"}]},{"@type":"WebSite","@id":"https:\/\/bioxel.com.uy\/web\/#website","url":"https:\/\/bioxel.com.uy\/web\/","name":"Laboratorio de Medicamentos Bioxel S.A.","description":"Bioxel S.A.","publisher":{"@id":"https:\/\/bioxel.com.uy\/web\/#organization"},"alternateName":"Laboratorio Bioxel S.A.","potentialAction":[{"@type":"SearchAction","target":{"@type":"EntryPoint","urlTemplate":"https:\/\/bioxel.com.uy\/web\/?s={search_term_string}"},"query-input":{"@type":"PropertyValueSpecification","valueRequired":true,"valueName":"search_term_string"}}],"inLanguage":"es"},{"@type":"Organization","@id":"https:\/\/bioxel.com.uy\/web\/#organization","name":"Laboratorio Bioxel S.A","alternateName":"Bioxel","url":"https:\/\/bioxel.com.uy\/web\/","logo":{"@type":"ImageObject","inLanguage":"es","@id":"https:\/\/bioxel.com.uy\/web\/#\/schema\/logo\/image\/","url":"https:\/\/bioxel.com.uy\/web\/wp-content\/uploads\/2024\/02\/BIOXEL-LOGO-NEW.png","contentUrl":"https:\/\/bioxel.com.uy\/web\/wp-content\/uploads\/2024\/02\/BIOXEL-LOGO-NEW.png","width":1792,"height":790,"caption":"Laboratorio Bioxel S.A"},"image":{"@id":"https:\/\/bioxel.com.uy\/web\/#\/schema\/logo\/image\/"},"sameAs":["https:\/\/www.facebook.com\/p\/Bioxel-Uruguay-100075156665285\/"]}]}},"brands":[{"id":40,"name":"IMA","slug":"ima"}],"_links":{"self":[{"href":"https:\/\/bioxel.com.uy\/web\/wp-json\/wp\/v2\/product\/413","targetHints":{"allow":["GET"]}}],"collection":[{"href":"https:\/\/bioxel.com.uy\/web\/wp-json\/wp\/v2\/product"}],"about":[{"href":"https:\/\/bioxel.com.uy\/web\/wp-json\/wp\/v2\/types\/product"}],"replies":[{"embeddable":true,"href":"https:\/\/bioxel.com.uy\/web\/wp-json\/wp\/v2\/comments?post=413"}],"version-history":[{"count":3,"href":"https:\/\/bioxel.com.uy\/web\/wp-json\/wp\/v2\/product\/413\/revisions"}],"predecessor-version":[{"id":664,"href":"https:\/\/bioxel.com.uy\/web\/wp-json\/wp\/v2\/product\/413\/revisions\/664"}],"wp:featuredmedia":[{"embeddable":true,"href":"https:\/\/bioxel.com.uy\/web\/wp-json\/wp\/v2\/media\/665"}],"wp:attachment":[{"href":"https:\/\/bioxel.com.uy\/web\/wp-json\/wp\/v2\/media?parent=413"}],"wp:term":[{"taxonomy":"pwb-brand","embeddable":true,"href":"https:\/\/bioxel.com.uy\/web\/wp-json\/wp\/v2\/pwb-brand?post=413"},{"taxonomy":"product_brand","embeddable":true,"href":"https:\/\/bioxel.com.uy\/web\/wp-json\/wp\/v2\/product_brand?post=413"},{"taxonomy":"product_cat","embeddable":true,"href":"https:\/\/bioxel.com.uy\/web\/wp-json\/wp\/v2\/product_cat?post=413"},{"taxonomy":"product_tag","embeddable":true,"href":"https:\/\/bioxel.com.uy\/web\/wp-json\/wp\/v2\/product_tag?post=413"}],"curies":[{"name":"wp","href":"https:\/\/api.w.org\/{rel}","templated":true}]}}