{"id":522,"date":"2024-03-12T22:12:23","date_gmt":"2024-03-13T01:12:23","guid":{"rendered":"http:\/\/bioxel.com.uy\/web\/?post_type=product&#038;p=522"},"modified":"2024-03-12T22:12:25","modified_gmt":"2024-03-13T01:12:25","slug":"centuris-pro","status":"publish","type":"product","link":"https:\/\/bioxel.com.uy\/web\/product\/centuris-pro\/","title":{"rendered":"Centuris\u2122 Pro"},"content":{"rendered":"<p>Simplemente eficiente.<\/p>\n<p>Dise\u00f1amos la estructura de la cama Centuris Pro considerando la simplicidad y la calidad. Es ideal para las \u00e1reas de cuidados de baja gravedad de tu instalaci\u00f3n hospitalaria o per\u00edodos breves de hospitalizaci\u00f3n. Como parte de la familia Hillrom\u2122 900, la cama Centuris Pro utiliza las mismas piezas estandarizadas a fin de contribuir a un mantenimiento eficiente. Adem\u00e1s, cuenta con el mismo funcionamiento intuitivo que la cama Hillrom 900, lo que facilita la adaptabilidad a profesionales de la salud que pueden trabajar en m\u00faltiples \u00e1reas del hospital.<\/p>\n","protected":false},"excerpt":{"rendered":"<p>Simplemente eficiente. Dise\u00f1amos la estructura de la cama Centuris Pro considerando la simplicidad y la calidad. Es ideal para las \u00e1reas de cuidados de baja gravedad de tu instalaci\u00f3n hospitalaria o per\u00edodos breves de hospitalizaci\u00f3n. Como parte de la familia Hillrom\u2122 900, la cama Centuris Pro utiliza las mismas piezas estandarizadas a fin de contribuir [&hellip;]<\/p>\n","protected":false},"featured_media":528,"comment_status":"open","ping_status":"closed","template":"","meta":{"inline_featured_image":false,"_monsterinsights_skip_tracking":false,"_monsterinsights_sitenote_active":false,"_monsterinsights_sitenote_note":"","_monsterinsights_sitenote_category":0},"pwb-brand":[61],"product_brand":[],"product_cat":[56],"product_tag":[],"class_list":{"0":"post-522","1":"product","2":"type-product","3":"status-publish","4":"has-post-thumbnail","6":"pwb-brand-hillrom","7":"product_cat-hosteleria-hospitalaria","9":"first","10":"instock","11":"shipping-taxable","12":"product-type-simple"},"yoast_head":"<!-- This site is optimized with the Yoast SEO plugin v25.4 - https:\/\/yoast.com\/wordpress\/plugins\/seo\/ -->\n<title>Centuris\u2122 Pro - Bioxel<\/title>\n<meta name=\"robots\" content=\"index, follow, max-snippet:-1, max-image-preview:large, max-video-preview:-1\" \/>\n<link rel=\"canonical\" href=\"https:\/\/bioxel.com.uy\/web\/product\/centuris-pro\/\" \/>\n<meta property=\"og:locale\" content=\"es_ES\" \/>\n<meta property=\"og:type\" content=\"article\" \/>\n<meta property=\"og:title\" content=\"Centuris\u2122 Pro - Bioxel\" \/>\n<meta property=\"og:description\" content=\"Simplemente eficiente. Dise\u00f1amos la estructura de la cama Centuris Pro considerando la simplicidad y la calidad. Es ideal para las \u00e1reas de cuidados de baja gravedad de tu instalaci\u00f3n hospitalaria o per\u00edodos breves de hospitalizaci\u00f3n. Como parte de la familia Hillrom\u2122 900, la cama Centuris Pro utiliza las mismas piezas estandarizadas a fin de contribuir [&hellip;]\" \/>\n<meta property=\"og:url\" content=\"https:\/\/bioxel.com.uy\/web\/product\/centuris-pro\/\" \/>\n<meta property=\"og:site_name\" content=\"Bioxel\" \/>\n<meta property=\"article:publisher\" content=\"https:\/\/www.facebook.com\/p\/Bioxel-Uruguay-100075156665285\/\" \/>\n<meta property=\"article:modified_time\" content=\"2024-03-13T01:12:25+00:00\" \/>\n<meta property=\"og:image\" content=\"https:\/\/bioxel.com.uy\/web\/wp-content\/uploads\/2024\/03\/7855_HR900Platform_Be_Centuris-Pro_Bed-with-NP150-high.jpg\" \/>\n\t<meta property=\"og:image:width\" content=\"1200\" \/>\n\t<meta property=\"og:image:height\" content=\"1200\" \/>\n\t<meta property=\"og:image:type\" content=\"image\/jpeg\" \/>\n<meta name=\"twitter:card\" content=\"summary_large_image\" \/>\n<script type=\"application\/ld+json\" class=\"yoast-schema-graph\">{\"@context\":\"https:\/\/schema.org\",\"@graph\":[{\"@type\":\"WebPage\",\"@id\":\"https:\/\/bioxel.com.uy\/web\/product\/centuris-pro\/\",\"url\":\"https:\/\/bioxel.com.uy\/web\/product\/centuris-pro\/\",\"name\":\"Centuris\u2122 Pro - Bioxel\",\"isPartOf\":{\"@id\":\"https:\/\/bioxel.com.uy\/web\/#website\"},\"primaryImageOfPage\":{\"@id\":\"https:\/\/bioxel.com.uy\/web\/product\/centuris-pro\/#primaryimage\"},\"image\":{\"@id\":\"https:\/\/bioxel.com.uy\/web\/product\/centuris-pro\/#primaryimage\"},\"thumbnailUrl\":\"https:\/\/bioxel.com.uy\/web\/wp-content\/uploads\/2024\/03\/7855_HR900Platform_Be_Centuris-Pro_Bed-with-NP150-high.jpg\",\"datePublished\":\"2024-03-13T01:12:23+00:00\",\"dateModified\":\"2024-03-13T01:12:25+00:00\",\"breadcrumb\":{\"@id\":\"https:\/\/bioxel.com.uy\/web\/product\/centuris-pro\/#breadcrumb\"},\"inLanguage\":\"es\",\"potentialAction\":[{\"@type\":\"ReadAction\",\"target\":[\"https:\/\/bioxel.com.uy\/web\/product\/centuris-pro\/\"]}]},{\"@type\":\"ImageObject\",\"inLanguage\":\"es\",\"@id\":\"https:\/\/bioxel.com.uy\/web\/product\/centuris-pro\/#primaryimage\",\"url\":\"https:\/\/bioxel.com.uy\/web\/wp-content\/uploads\/2024\/03\/7855_HR900Platform_Be_Centuris-Pro_Bed-with-NP150-high.jpg\",\"contentUrl\":\"https:\/\/bioxel.com.uy\/web\/wp-content\/uploads\/2024\/03\/7855_HR900Platform_Be_Centuris-Pro_Bed-with-NP150-high.jpg\",\"width\":1200,\"height\":1200},{\"@type\":\"BreadcrumbList\",\"@id\":\"https:\/\/bioxel.com.uy\/web\/product\/centuris-pro\/#breadcrumb\",\"itemListElement\":[{\"@type\":\"ListItem\",\"position\":1,\"name\":\"Portada\",\"item\":\"https:\/\/bioxel.com.uy\/web\/\"},{\"@type\":\"ListItem\",\"position\":2,\"name\":\"Shop\",\"item\":\"https:\/\/bioxel.com.uy\/web\/shop\/\"},{\"@type\":\"ListItem\",\"position\":3,\"name\":\"Centuris\u2122 Pro\"}]},{\"@type\":\"WebSite\",\"@id\":\"https:\/\/bioxel.com.uy\/web\/#website\",\"url\":\"https:\/\/bioxel.com.uy\/web\/\",\"name\":\"Laboratorio de Medicamentos Bioxel S.A.\",\"description\":\"Bioxel S.A.\",\"publisher\":{\"@id\":\"https:\/\/bioxel.com.uy\/web\/#organization\"},\"alternateName\":\"Laboratorio Bioxel S.A.\",\"potentialAction\":[{\"@type\":\"SearchAction\",\"target\":{\"@type\":\"EntryPoint\",\"urlTemplate\":\"https:\/\/bioxel.com.uy\/web\/?s={search_term_string}\"},\"query-input\":{\"@type\":\"PropertyValueSpecification\",\"valueRequired\":true,\"valueName\":\"search_term_string\"}}],\"inLanguage\":\"es\"},{\"@type\":\"Organization\",\"@id\":\"https:\/\/bioxel.com.uy\/web\/#organization\",\"name\":\"Laboratorio Bioxel S.A\",\"alternateName\":\"Bioxel\",\"url\":\"https:\/\/bioxel.com.uy\/web\/\",\"logo\":{\"@type\":\"ImageObject\",\"inLanguage\":\"es\",\"@id\":\"https:\/\/bioxel.com.uy\/web\/#\/schema\/logo\/image\/\",\"url\":\"https:\/\/bioxel.com.uy\/web\/wp-content\/uploads\/2024\/02\/BIOXEL-LOGO-NEW.png\",\"contentUrl\":\"https:\/\/bioxel.com.uy\/web\/wp-content\/uploads\/2024\/02\/BIOXEL-LOGO-NEW.png\",\"width\":1792,\"height\":790,\"caption\":\"Laboratorio Bioxel S.A\"},\"image\":{\"@id\":\"https:\/\/bioxel.com.uy\/web\/#\/schema\/logo\/image\/\"},\"sameAs\":[\"https:\/\/www.facebook.com\/p\/Bioxel-Uruguay-100075156665285\/\"]}]}<\/script>\n<!-- \/ Yoast SEO plugin. -->","yoast_head_json":{"title":"Centuris\u2122 Pro - Bioxel","robots":{"index":"index","follow":"follow","max-snippet":"max-snippet:-1","max-image-preview":"max-image-preview:large","max-video-preview":"max-video-preview:-1"},"canonical":"https:\/\/bioxel.com.uy\/web\/product\/centuris-pro\/","og_locale":"es_ES","og_type":"article","og_title":"Centuris\u2122 Pro - Bioxel","og_description":"Simplemente eficiente. Dise\u00f1amos la estructura de la cama Centuris Pro considerando la simplicidad y la calidad. Es ideal para las \u00e1reas de cuidados de baja gravedad de tu instalaci\u00f3n hospitalaria o per\u00edodos breves de hospitalizaci\u00f3n. Como parte de la familia Hillrom\u2122 900, la cama Centuris Pro utiliza las mismas piezas estandarizadas a fin de contribuir [&hellip;]","og_url":"https:\/\/bioxel.com.uy\/web\/product\/centuris-pro\/","og_site_name":"Bioxel","article_publisher":"https:\/\/www.facebook.com\/p\/Bioxel-Uruguay-100075156665285\/","article_modified_time":"2024-03-13T01:12:25+00:00","og_image":[{"width":1200,"height":1200,"url":"https:\/\/bioxel.com.uy\/web\/wp-content\/uploads\/2024\/03\/7855_HR900Platform_Be_Centuris-Pro_Bed-with-NP150-high.jpg","type":"image\/jpeg"}],"twitter_card":"summary_large_image","schema":{"@context":"https:\/\/schema.org","@graph":[{"@type":"WebPage","@id":"https:\/\/bioxel.com.uy\/web\/product\/centuris-pro\/","url":"https:\/\/bioxel.com.uy\/web\/product\/centuris-pro\/","name":"Centuris\u2122 Pro - Bioxel","isPartOf":{"@id":"https:\/\/bioxel.com.uy\/web\/#website"},"primaryImageOfPage":{"@id":"https:\/\/bioxel.com.uy\/web\/product\/centuris-pro\/#primaryimage"},"image":{"@id":"https:\/\/bioxel.com.uy\/web\/product\/centuris-pro\/#primaryimage"},"thumbnailUrl":"https:\/\/bioxel.com.uy\/web\/wp-content\/uploads\/2024\/03\/7855_HR900Platform_Be_Centuris-Pro_Bed-with-NP150-high.jpg","datePublished":"2024-03-13T01:12:23+00:00","dateModified":"2024-03-13T01:12:25+00:00","breadcrumb":{"@id":"https:\/\/bioxel.com.uy\/web\/product\/centuris-pro\/#breadcrumb"},"inLanguage":"es","potentialAction":[{"@type":"ReadAction","target":["https:\/\/bioxel.com.uy\/web\/product\/centuris-pro\/"]}]},{"@type":"ImageObject","inLanguage":"es","@id":"https:\/\/bioxel.com.uy\/web\/product\/centuris-pro\/#primaryimage","url":"https:\/\/bioxel.com.uy\/web\/wp-content\/uploads\/2024\/03\/7855_HR900Platform_Be_Centuris-Pro_Bed-with-NP150-high.jpg","contentUrl":"https:\/\/bioxel.com.uy\/web\/wp-content\/uploads\/2024\/03\/7855_HR900Platform_Be_Centuris-Pro_Bed-with-NP150-high.jpg","width":1200,"height":1200},{"@type":"BreadcrumbList","@id":"https:\/\/bioxel.com.uy\/web\/product\/centuris-pro\/#breadcrumb","itemListElement":[{"@type":"ListItem","position":1,"name":"Portada","item":"https:\/\/bioxel.com.uy\/web\/"},{"@type":"ListItem","position":2,"name":"Shop","item":"https:\/\/bioxel.com.uy\/web\/shop\/"},{"@type":"ListItem","position":3,"name":"Centuris\u2122 Pro"}]},{"@type":"WebSite","@id":"https:\/\/bioxel.com.uy\/web\/#website","url":"https:\/\/bioxel.com.uy\/web\/","name":"Laboratorio de Medicamentos Bioxel S.A.","description":"Bioxel S.A.","publisher":{"@id":"https:\/\/bioxel.com.uy\/web\/#organization"},"alternateName":"Laboratorio Bioxel S.A.","potentialAction":[{"@type":"SearchAction","target":{"@type":"EntryPoint","urlTemplate":"https:\/\/bioxel.com.uy\/web\/?s={search_term_string}"},"query-input":{"@type":"PropertyValueSpecification","valueRequired":true,"valueName":"search_term_string"}}],"inLanguage":"es"},{"@type":"Organization","@id":"https:\/\/bioxel.com.uy\/web\/#organization","name":"Laboratorio Bioxel S.A","alternateName":"Bioxel","url":"https:\/\/bioxel.com.uy\/web\/","logo":{"@type":"ImageObject","inLanguage":"es","@id":"https:\/\/bioxel.com.uy\/web\/#\/schema\/logo\/image\/","url":"https:\/\/bioxel.com.uy\/web\/wp-content\/uploads\/2024\/02\/BIOXEL-LOGO-NEW.png","contentUrl":"https:\/\/bioxel.com.uy\/web\/wp-content\/uploads\/2024\/02\/BIOXEL-LOGO-NEW.png","width":1792,"height":790,"caption":"Laboratorio Bioxel S.A"},"image":{"@id":"https:\/\/bioxel.com.uy\/web\/#\/schema\/logo\/image\/"},"sameAs":["https:\/\/www.facebook.com\/p\/Bioxel-Uruguay-100075156665285\/"]}]}},"brands":[{"id":61,"name":"HILLROM","slug":"hillrom"}],"_links":{"self":[{"href":"https:\/\/bioxel.com.uy\/web\/wp-json\/wp\/v2\/product\/522","targetHints":{"allow":["GET"]}}],"collection":[{"href":"https:\/\/bioxel.com.uy\/web\/wp-json\/wp\/v2\/product"}],"about":[{"href":"https:\/\/bioxel.com.uy\/web\/wp-json\/wp\/v2\/types\/product"}],"replies":[{"embeddable":true,"href":"https:\/\/bioxel.com.uy\/web\/wp-json\/wp\/v2\/comments?post=522"}],"version-history":[{"count":1,"href":"https:\/\/bioxel.com.uy\/web\/wp-json\/wp\/v2\/product\/522\/revisions"}],"predecessor-version":[{"id":533,"href":"https:\/\/bioxel.com.uy\/web\/wp-json\/wp\/v2\/product\/522\/revisions\/533"}],"wp:featuredmedia":[{"embeddable":true,"href":"https:\/\/bioxel.com.uy\/web\/wp-json\/wp\/v2\/media\/528"}],"wp:attachment":[{"href":"https:\/\/bioxel.com.uy\/web\/wp-json\/wp\/v2\/media?parent=522"}],"wp:term":[{"taxonomy":"pwb-brand","embeddable":true,"href":"https:\/\/bioxel.com.uy\/web\/wp-json\/wp\/v2\/pwb-brand?post=522"},{"taxonomy":"product_brand","embeddable":true,"href":"https:\/\/bioxel.com.uy\/web\/wp-json\/wp\/v2\/product_brand?post=522"},{"taxonomy":"product_cat","embeddable":true,"href":"https:\/\/bioxel.com.uy\/web\/wp-json\/wp\/v2\/product_cat?post=522"},{"taxonomy":"product_tag","embeddable":true,"href":"https:\/\/bioxel.com.uy\/web\/wp-json\/wp\/v2\/product_tag?post=522"}],"curies":[{"name":"wp","href":"https:\/\/api.w.org\/{rel}","templated":true}]}}