{"id":534,"date":"2024-03-12T22:28:25","date_gmt":"2024-03-13T01:28:25","guid":{"rendered":"http:\/\/bioxel.com.uy\/web\/?post_type=product&#038;p=534"},"modified":"2024-03-12T22:28:26","modified_gmt":"2024-03-13T01:28:26","slug":"cama-de-parto-affinity-4","status":"publish","type":"product","link":"https:\/\/bioxel.com.uy\/web\/product\/cama-de-parto-affinity-4\/","title":{"rendered":"Cama de parto Affinity\u00ae 4"},"content":{"rendered":"<p><span class=\"lead\">Dise\u00f1ada para ayudar a la mam\u00e1, al beb\u00e9 y a ti durante toda la experiencia del parto.<\/span><\/p>\n","protected":false},"excerpt":{"rendered":"<p>Caracter\u00edsticas<\/p>\n<p>La experiencia del trabajo en el parto y el parto puede ser impredecible para todos los involucrados. Para ayudar a manejar esto, Hillrom ofrece una soluci\u00f3n que puede adaptarse y ayudar en todo el proceso de parto.<br \/>\nSoportes para pantorrillas EasyGlide\u00ae<\/p>\n<p>Soporte m\u00e1s amplio con una fuerte palanca de liberaci\u00f3n que se puede accionar desde cualquier \u00e1ngulo con una mano.<\/p>\n<p>Portasueros IV integrados<\/p>\n<p>Ofrece una soluci\u00f3n permanente para facilitar el transporte de fluidos.<\/p>\n<p>Mangos ergon\u00f3micos con soporte para portasueros integrado<\/p>\n<p>Se tom\u00f3 en cuenta la postura y la eficiencia con esta opci\u00f3n para la cama Affinity 4. La postura de atenci\u00f3n se dirige naturalmente a una posici\u00f3n c\u00f3moda con el dise\u00f1o en \u00e1ngulo de estos mangos. Gracias al soporte para portasueros integrado en estos mangos, puedes transferir dos portasueros a la vez sin ayuda.<\/p>\n<p>Manejadores de l\u00ednea<\/p>\n<p>Los manejadores de l\u00ednea opcionales te ofrecen la capacidad de maximizar la organizaci\u00f3n y la eficiencia de las l\u00edneas de tus equipos m\u00e9dicos.<\/p>\n<p>Dos opciones de dise\u00f1o disponibles<\/p>\n<p>Sin secci\u00f3n de levantamiento para los pies del paciente Stow and Go\u00ae<br \/>\nLa c\u00f3moda secci\u00f3n del reposapi\u00e9s se guarda debajo de la cama, lo que elimina el levantamiento y te ahorra un gran espacio en la sala de partos<br \/>\nSecci\u00f3n de levantamiento liviano de pies<br \/>\nLa secci\u00f3n para pies, liviana y f\u00e1cil de manejar, se guarda en un soporte incorporado que mantiene el colch\u00f3n lejos del piso.<\/p>\n<p>&nbsp;<\/p>\n","protected":false},"featured_media":539,"comment_status":"open","ping_status":"closed","template":"","meta":{"inline_featured_image":false,"_monsterinsights_skip_tracking":false,"_monsterinsights_sitenote_active":false,"_monsterinsights_sitenote_note":"","_monsterinsights_sitenote_category":0},"pwb-brand":[61],"product_brand":[],"product_cat":[57,62],"product_tag":[],"class_list":{"0":"post-534","1":"product","2":"type-product","3":"status-publish","4":"has-post-thumbnail","6":"pwb-brand-hillrom","7":"product_cat-equipamiento","8":"product_cat-pediatria","10":"first","11":"instock","12":"shipping-taxable","13":"product-type-simple"},"yoast_head":"<!-- This site is optimized with the Yoast SEO plugin v25.4 - https:\/\/yoast.com\/wordpress\/plugins\/seo\/ -->\n<title>Cama de parto Affinity\u00ae 4 - Bioxel<\/title>\n<meta name=\"robots\" content=\"index, follow, max-snippet:-1, max-image-preview:large, max-video-preview:-1\" \/>\n<link rel=\"canonical\" href=\"https:\/\/bioxel.com.uy\/web\/product\/cama-de-parto-affinity-4\/\" \/>\n<meta property=\"og:locale\" content=\"es_ES\" \/>\n<meta property=\"og:type\" content=\"article\" \/>\n<meta property=\"og:title\" content=\"Cama de parto Affinity\u00ae 4 - Bioxel\" \/>\n<meta property=\"og:description\" content=\"Caracter\u00edsticas  La experiencia del trabajo en el parto y el parto puede ser impredecible para todos los involucrados. Para ayudar a manejar esto, Hillrom ofrece una soluci\u00f3n que puede adaptarse y ayudar en todo el proceso de parto. Soportes para pantorrillas EasyGlide\u00ae  Soporte m\u00e1s amplio con una fuerte palanca de liberaci\u00f3n que se puede accionar desde cualquier \u00e1ngulo con una mano.  Portasueros IV integrados  Ofrece una soluci\u00f3n permanente para facilitar el transporte de fluidos.  Mangos ergon\u00f3micos con soporte para portasueros integrado  Se tom\u00f3 en cuenta la postura y la eficiencia con esta opci\u00f3n para la cama Affinity 4. La postura de atenci\u00f3n se dirige naturalmente a una posici\u00f3n c\u00f3moda con el dise\u00f1o en \u00e1ngulo de estos mangos. Gracias al soporte para portasueros integrado en estos mangos, puedes transferir dos portasueros a la vez sin ayuda.  Manejadores de l\u00ednea  Los manejadores de l\u00ednea opcionales te ofrecen la capacidad de maximizar la organizaci\u00f3n y la eficiencia de las l\u00edneas de tus equipos m\u00e9dicos.  Dos opciones de dise\u00f1o disponibles  Sin secci\u00f3n de levantamiento para los pies del paciente Stow and Go\u00ae La c\u00f3moda secci\u00f3n del reposapi\u00e9s se guarda debajo de la cama, lo que elimina el levantamiento y te ahorra un gran espacio en la sala de partos Secci\u00f3n de levantamiento liviano de pies La secci\u00f3n para pies, liviana y f\u00e1cil de manejar, se guarda en un soporte incorporado que mantiene el colch\u00f3n lejos del piso.  &nbsp;\" \/>\n<meta property=\"og:url\" content=\"https:\/\/bioxel.com.uy\/web\/product\/cama-de-parto-affinity-4\/\" \/>\n<meta property=\"og:site_name\" content=\"Bioxel\" \/>\n<meta property=\"article:publisher\" content=\"https:\/\/www.facebook.com\/p\/Bioxel-Uruguay-100075156665285\/\" \/>\n<meta property=\"article:modified_time\" content=\"2024-03-13T01:28:26+00:00\" \/>\n<meta property=\"og:image\" content=\"https:\/\/bioxel.com.uy\/web\/wp-content\/uploads\/2024\/03\/Affinity4_ai0420b_0054.jpg\" \/>\n\t<meta property=\"og:image:width\" content=\"1200\" \/>\n\t<meta property=\"og:image:height\" content=\"1200\" \/>\n\t<meta property=\"og:image:type\" content=\"image\/jpeg\" \/>\n<meta name=\"twitter:card\" content=\"summary_large_image\" \/>\n<script type=\"application\/ld+json\" class=\"yoast-schema-graph\">{\"@context\":\"https:\/\/schema.org\",\"@graph\":[{\"@type\":\"WebPage\",\"@id\":\"https:\/\/bioxel.com.uy\/web\/product\/cama-de-parto-affinity-4\/\",\"url\":\"https:\/\/bioxel.com.uy\/web\/product\/cama-de-parto-affinity-4\/\",\"name\":\"Cama de parto Affinity\u00ae 4 - Bioxel\",\"isPartOf\":{\"@id\":\"https:\/\/bioxel.com.uy\/web\/#website\"},\"primaryImageOfPage\":{\"@id\":\"https:\/\/bioxel.com.uy\/web\/product\/cama-de-parto-affinity-4\/#primaryimage\"},\"image\":{\"@id\":\"https:\/\/bioxel.com.uy\/web\/product\/cama-de-parto-affinity-4\/#primaryimage\"},\"thumbnailUrl\":\"https:\/\/bioxel.com.uy\/web\/wp-content\/uploads\/2024\/03\/Affinity4_ai0420b_0054.jpg\",\"datePublished\":\"2024-03-13T01:28:25+00:00\",\"dateModified\":\"2024-03-13T01:28:26+00:00\",\"breadcrumb\":{\"@id\":\"https:\/\/bioxel.com.uy\/web\/product\/cama-de-parto-affinity-4\/#breadcrumb\"},\"inLanguage\":\"es\",\"potentialAction\":[{\"@type\":\"ReadAction\",\"target\":[\"https:\/\/bioxel.com.uy\/web\/product\/cama-de-parto-affinity-4\/\"]}]},{\"@type\":\"ImageObject\",\"inLanguage\":\"es\",\"@id\":\"https:\/\/bioxel.com.uy\/web\/product\/cama-de-parto-affinity-4\/#primaryimage\",\"url\":\"https:\/\/bioxel.com.uy\/web\/wp-content\/uploads\/2024\/03\/Affinity4_ai0420b_0054.jpg\",\"contentUrl\":\"https:\/\/bioxel.com.uy\/web\/wp-content\/uploads\/2024\/03\/Affinity4_ai0420b_0054.jpg\",\"width\":1200,\"height\":1200},{\"@type\":\"BreadcrumbList\",\"@id\":\"https:\/\/bioxel.com.uy\/web\/product\/cama-de-parto-affinity-4\/#breadcrumb\",\"itemListElement\":[{\"@type\":\"ListItem\",\"position\":1,\"name\":\"Portada\",\"item\":\"https:\/\/bioxel.com.uy\/web\/\"},{\"@type\":\"ListItem\",\"position\":2,\"name\":\"Shop\",\"item\":\"https:\/\/bioxel.com.uy\/web\/shop\/\"},{\"@type\":\"ListItem\",\"position\":3,\"name\":\"Cama de parto Affinity\u00ae 4\"}]},{\"@type\":\"WebSite\",\"@id\":\"https:\/\/bioxel.com.uy\/web\/#website\",\"url\":\"https:\/\/bioxel.com.uy\/web\/\",\"name\":\"Laboratorio de Medicamentos Bioxel S.A.\",\"description\":\"Bioxel S.A.\",\"publisher\":{\"@id\":\"https:\/\/bioxel.com.uy\/web\/#organization\"},\"alternateName\":\"Laboratorio Bioxel S.A.\",\"potentialAction\":[{\"@type\":\"SearchAction\",\"target\":{\"@type\":\"EntryPoint\",\"urlTemplate\":\"https:\/\/bioxel.com.uy\/web\/?s={search_term_string}\"},\"query-input\":{\"@type\":\"PropertyValueSpecification\",\"valueRequired\":true,\"valueName\":\"search_term_string\"}}],\"inLanguage\":\"es\"},{\"@type\":\"Organization\",\"@id\":\"https:\/\/bioxel.com.uy\/web\/#organization\",\"name\":\"Laboratorio Bioxel S.A\",\"alternateName\":\"Bioxel\",\"url\":\"https:\/\/bioxel.com.uy\/web\/\",\"logo\":{\"@type\":\"ImageObject\",\"inLanguage\":\"es\",\"@id\":\"https:\/\/bioxel.com.uy\/web\/#\/schema\/logo\/image\/\",\"url\":\"https:\/\/bioxel.com.uy\/web\/wp-content\/uploads\/2024\/02\/BIOXEL-LOGO-NEW.png\",\"contentUrl\":\"https:\/\/bioxel.com.uy\/web\/wp-content\/uploads\/2024\/02\/BIOXEL-LOGO-NEW.png\",\"width\":1792,\"height\":790,\"caption\":\"Laboratorio Bioxel S.A\"},\"image\":{\"@id\":\"https:\/\/bioxel.com.uy\/web\/#\/schema\/logo\/image\/\"},\"sameAs\":[\"https:\/\/www.facebook.com\/p\/Bioxel-Uruguay-100075156665285\/\"]}]}<\/script>\n<!-- \/ Yoast SEO plugin. -->","yoast_head_json":{"title":"Cama de parto Affinity\u00ae 4 - Bioxel","robots":{"index":"index","follow":"follow","max-snippet":"max-snippet:-1","max-image-preview":"max-image-preview:large","max-video-preview":"max-video-preview:-1"},"canonical":"https:\/\/bioxel.com.uy\/web\/product\/cama-de-parto-affinity-4\/","og_locale":"es_ES","og_type":"article","og_title":"Cama de parto Affinity\u00ae 4 - Bioxel","og_description":"Caracter\u00edsticas  La experiencia del trabajo en el parto y el parto puede ser impredecible para todos los involucrados. Para ayudar a manejar esto, Hillrom ofrece una soluci\u00f3n que puede adaptarse y ayudar en todo el proceso de parto. Soportes para pantorrillas EasyGlide\u00ae  Soporte m\u00e1s amplio con una fuerte palanca de liberaci\u00f3n que se puede accionar desde cualquier \u00e1ngulo con una mano.  Portasueros IV integrados  Ofrece una soluci\u00f3n permanente para facilitar el transporte de fluidos.  Mangos ergon\u00f3micos con soporte para portasueros integrado  Se tom\u00f3 en cuenta la postura y la eficiencia con esta opci\u00f3n para la cama Affinity 4. La postura de atenci\u00f3n se dirige naturalmente a una posici\u00f3n c\u00f3moda con el dise\u00f1o en \u00e1ngulo de estos mangos. Gracias al soporte para portasueros integrado en estos mangos, puedes transferir dos portasueros a la vez sin ayuda.  Manejadores de l\u00ednea  Los manejadores de l\u00ednea opcionales te ofrecen la capacidad de maximizar la organizaci\u00f3n y la eficiencia de las l\u00edneas de tus equipos m\u00e9dicos.  Dos opciones de dise\u00f1o disponibles  Sin secci\u00f3n de levantamiento para los pies del paciente Stow and Go\u00ae La c\u00f3moda secci\u00f3n del reposapi\u00e9s se guarda debajo de la cama, lo que elimina el levantamiento y te ahorra un gran espacio en la sala de partos Secci\u00f3n de levantamiento liviano de pies La secci\u00f3n para pies, liviana y f\u00e1cil de manejar, se guarda en un soporte incorporado que mantiene el colch\u00f3n lejos del piso.  &nbsp;","og_url":"https:\/\/bioxel.com.uy\/web\/product\/cama-de-parto-affinity-4\/","og_site_name":"Bioxel","article_publisher":"https:\/\/www.facebook.com\/p\/Bioxel-Uruguay-100075156665285\/","article_modified_time":"2024-03-13T01:28:26+00:00","og_image":[{"width":1200,"height":1200,"url":"https:\/\/bioxel.com.uy\/web\/wp-content\/uploads\/2024\/03\/Affinity4_ai0420b_0054.jpg","type":"image\/jpeg"}],"twitter_card":"summary_large_image","schema":{"@context":"https:\/\/schema.org","@graph":[{"@type":"WebPage","@id":"https:\/\/bioxel.com.uy\/web\/product\/cama-de-parto-affinity-4\/","url":"https:\/\/bioxel.com.uy\/web\/product\/cama-de-parto-affinity-4\/","name":"Cama de parto Affinity\u00ae 4 - Bioxel","isPartOf":{"@id":"https:\/\/bioxel.com.uy\/web\/#website"},"primaryImageOfPage":{"@id":"https:\/\/bioxel.com.uy\/web\/product\/cama-de-parto-affinity-4\/#primaryimage"},"image":{"@id":"https:\/\/bioxel.com.uy\/web\/product\/cama-de-parto-affinity-4\/#primaryimage"},"thumbnailUrl":"https:\/\/bioxel.com.uy\/web\/wp-content\/uploads\/2024\/03\/Affinity4_ai0420b_0054.jpg","datePublished":"2024-03-13T01:28:25+00:00","dateModified":"2024-03-13T01:28:26+00:00","breadcrumb":{"@id":"https:\/\/bioxel.com.uy\/web\/product\/cama-de-parto-affinity-4\/#breadcrumb"},"inLanguage":"es","potentialAction":[{"@type":"ReadAction","target":["https:\/\/bioxel.com.uy\/web\/product\/cama-de-parto-affinity-4\/"]}]},{"@type":"ImageObject","inLanguage":"es","@id":"https:\/\/bioxel.com.uy\/web\/product\/cama-de-parto-affinity-4\/#primaryimage","url":"https:\/\/bioxel.com.uy\/web\/wp-content\/uploads\/2024\/03\/Affinity4_ai0420b_0054.jpg","contentUrl":"https:\/\/bioxel.com.uy\/web\/wp-content\/uploads\/2024\/03\/Affinity4_ai0420b_0054.jpg","width":1200,"height":1200},{"@type":"BreadcrumbList","@id":"https:\/\/bioxel.com.uy\/web\/product\/cama-de-parto-affinity-4\/#breadcrumb","itemListElement":[{"@type":"ListItem","position":1,"name":"Portada","item":"https:\/\/bioxel.com.uy\/web\/"},{"@type":"ListItem","position":2,"name":"Shop","item":"https:\/\/bioxel.com.uy\/web\/shop\/"},{"@type":"ListItem","position":3,"name":"Cama de parto Affinity\u00ae 4"}]},{"@type":"WebSite","@id":"https:\/\/bioxel.com.uy\/web\/#website","url":"https:\/\/bioxel.com.uy\/web\/","name":"Laboratorio de Medicamentos Bioxel S.A.","description":"Bioxel S.A.","publisher":{"@id":"https:\/\/bioxel.com.uy\/web\/#organization"},"alternateName":"Laboratorio Bioxel S.A.","potentialAction":[{"@type":"SearchAction","target":{"@type":"EntryPoint","urlTemplate":"https:\/\/bioxel.com.uy\/web\/?s={search_term_string}"},"query-input":{"@type":"PropertyValueSpecification","valueRequired":true,"valueName":"search_term_string"}}],"inLanguage":"es"},{"@type":"Organization","@id":"https:\/\/bioxel.com.uy\/web\/#organization","name":"Laboratorio Bioxel S.A","alternateName":"Bioxel","url":"https:\/\/bioxel.com.uy\/web\/","logo":{"@type":"ImageObject","inLanguage":"es","@id":"https:\/\/bioxel.com.uy\/web\/#\/schema\/logo\/image\/","url":"https:\/\/bioxel.com.uy\/web\/wp-content\/uploads\/2024\/02\/BIOXEL-LOGO-NEW.png","contentUrl":"https:\/\/bioxel.com.uy\/web\/wp-content\/uploads\/2024\/02\/BIOXEL-LOGO-NEW.png","width":1792,"height":790,"caption":"Laboratorio Bioxel S.A"},"image":{"@id":"https:\/\/bioxel.com.uy\/web\/#\/schema\/logo\/image\/"},"sameAs":["https:\/\/www.facebook.com\/p\/Bioxel-Uruguay-100075156665285\/"]}]}},"brands":[{"id":61,"name":"HILLROM","slug":"hillrom"}],"_links":{"self":[{"href":"https:\/\/bioxel.com.uy\/web\/wp-json\/wp\/v2\/product\/534","targetHints":{"allow":["GET"]}}],"collection":[{"href":"https:\/\/bioxel.com.uy\/web\/wp-json\/wp\/v2\/product"}],"about":[{"href":"https:\/\/bioxel.com.uy\/web\/wp-json\/wp\/v2\/types\/product"}],"replies":[{"embeddable":true,"href":"https:\/\/bioxel.com.uy\/web\/wp-json\/wp\/v2\/comments?post=534"}],"version-history":[{"count":1,"href":"https:\/\/bioxel.com.uy\/web\/wp-json\/wp\/v2\/product\/534\/revisions"}],"predecessor-version":[{"id":543,"href":"https:\/\/bioxel.com.uy\/web\/wp-json\/wp\/v2\/product\/534\/revisions\/543"}],"wp:featuredmedia":[{"embeddable":true,"href":"https:\/\/bioxel.com.uy\/web\/wp-json\/wp\/v2\/media\/539"}],"wp:attachment":[{"href":"https:\/\/bioxel.com.uy\/web\/wp-json\/wp\/v2\/media?parent=534"}],"wp:term":[{"taxonomy":"pwb-brand","embeddable":true,"href":"https:\/\/bioxel.com.uy\/web\/wp-json\/wp\/v2\/pwb-brand?post=534"},{"taxonomy":"product_brand","embeddable":true,"href":"https:\/\/bioxel.com.uy\/web\/wp-json\/wp\/v2\/product_brand?post=534"},{"taxonomy":"product_cat","embeddable":true,"href":"https:\/\/bioxel.com.uy\/web\/wp-json\/wp\/v2\/product_cat?post=534"},{"taxonomy":"product_tag","embeddable":true,"href":"https:\/\/bioxel.com.uy\/web\/wp-json\/wp\/v2\/product_tag?post=534"}],"curies":[{"name":"wp","href":"https:\/\/api.w.org\/{rel}","templated":true}]}}