{"id":557,"date":"2024-03-12T22:49:31","date_gmt":"2024-03-13T01:49:31","guid":{"rendered":"http:\/\/bioxel.com.uy\/web\/?post_type=product&#038;p=557"},"modified":"2024-03-12T22:49:32","modified_gmt":"2024-03-13T01:49:32","slug":"maxium","status":"publish","type":"product","link":"https:\/\/bioxel.com.uy\/web\/product\/maxium\/","title":{"rendered":"maXium\u00ae"},"content":{"rendered":"<p>Las exigencias t\u00e9cnicas en la electrocirug\u00eda hoy en d\u00eda son especialmente complejas y polivalentes. La tecnolog\u00eda innovadora, una manipulaci\u00f3n segura y sencilla en combinaci\u00f3n con un alto rendimiento cuentan entre las premisas m\u00e1s importantes que deben cumplir los aparatos quir\u00fargicos. Esto es exactamente lo que le ofrece el maXium\u00ae: El equipo dispone de una amplia selecci\u00f3n de tipos de corriente de control preciso con los que puede escoger a partir de una multitud de aplicaciones como puedan ser el corte o la coagulaci\u00f3n monopolar y bipolar.<\/p>\n","protected":false},"excerpt":{"rendered":"<p>Gracias a su genial \u201econtrol Quick-Step\u201c, el maXium\u00ae puede manejarse con celeridad y sencillez con una sola mano. A trav\u00e9s de su mando giratorio multifunctional pueden ajustarse y modificarse en todo momento la totalidad de los par\u00e1metros conforme a sus deseos individuales.<\/p>\n<p>El maxium\u00ae convence por su meditado concepto global.<br \/>\nEn la pantalla maxi-display se puede ver sin esfuerzo toda la configuraci\u00f3n, todos los par\u00e1metros est\u00e1n claramente estructurados y cada uno de los canales de trabajo est\u00e1 asignado de forma inequ\u00edvoca.<\/p>\n<p>Es posible programar y guardar m\u00e1s de 99 diferentes configuraciones personalizadas.<\/p>\n<p>El maXium\u00ae cuenta con tres m\u00f3dulos de hembrillas diferentes. As\u00ed, puede prescindir del adaptador sin miedo. Tambi\u00e9n es posible conectar directamente cualquier accesorio de otros fabricantes.<\/p>\n","protected":false},"featured_media":558,"comment_status":"open","ping_status":"closed","template":"","meta":{"inline_featured_image":false,"_monsterinsights_skip_tracking":false,"_monsterinsights_sitenote_active":false,"_monsterinsights_sitenote_note":"","_monsterinsights_sitenote_category":0},"pwb-brand":[64],"product_brand":[],"product_cat":[58,57],"product_tag":[],"class_list":{"0":"post-557","1":"product","2":"type-product","3":"status-publish","4":"has-post-thumbnail","6":"pwb-brand-kls-martin","7":"product_cat-cirugia-equipamiento","8":"product_cat-equipamiento","10":"first","11":"instock","12":"shipping-taxable","13":"product-type-simple"},"yoast_head":"<!-- This site is optimized with the Yoast SEO plugin v25.4 - https:\/\/yoast.com\/wordpress\/plugins\/seo\/ -->\n<title>maXium\u00ae - Bioxel<\/title>\n<meta name=\"robots\" content=\"index, follow, max-snippet:-1, max-image-preview:large, max-video-preview:-1\" \/>\n<link rel=\"canonical\" href=\"https:\/\/bioxel.com.uy\/web\/product\/maxium\/\" \/>\n<meta property=\"og:locale\" content=\"es_ES\" \/>\n<meta property=\"og:type\" content=\"article\" \/>\n<meta property=\"og:title\" content=\"maXium\u00ae - Bioxel\" \/>\n<meta property=\"og:description\" content=\"Gracias a su genial \u201econtrol Quick-Step\u201c, el maXium\u00ae puede manejarse con celeridad y sencillez con una sola mano. A trav\u00e9s de su mando giratorio multifunctional pueden ajustarse y modificarse en todo momento la totalidad de los par\u00e1metros conforme a sus deseos individuales.  El maxium\u00ae convence por su meditado concepto global. En la pantalla maxi-display se puede ver sin esfuerzo toda la configuraci\u00f3n, todos los par\u00e1metros est\u00e1n claramente estructurados y cada uno de los canales de trabajo est\u00e1 asignado de forma inequ\u00edvoca.  Es posible programar y guardar m\u00e1s de 99 diferentes configuraciones personalizadas.  El maXium\u00ae cuenta con tres m\u00f3dulos de hembrillas diferentes. As\u00ed, puede prescindir del adaptador sin miedo. Tambi\u00e9n es posible conectar directamente cualquier accesorio de otros fabricantes.\" \/>\n<meta property=\"og:url\" content=\"https:\/\/bioxel.com.uy\/web\/product\/maxium\/\" \/>\n<meta property=\"og:site_name\" content=\"Bioxel\" \/>\n<meta property=\"article:publisher\" content=\"https:\/\/www.facebook.com\/p\/Bioxel-Uruguay-100075156665285\/\" \/>\n<meta property=\"article:modified_time\" content=\"2024-03-13T01:49:32+00:00\" \/>\n<meta property=\"og:image\" content=\"https:\/\/bioxel.com.uy\/web\/wp-content\/uploads\/2024\/03\/csm_Electrosurgery_maXium_1920x495_06_75e7dc56a6.jpg\" \/>\n\t<meta property=\"og:image:width\" content=\"1920\" \/>\n\t<meta property=\"og:image:height\" content=\"495\" \/>\n\t<meta property=\"og:image:type\" content=\"image\/jpeg\" \/>\n<meta name=\"twitter:card\" content=\"summary_large_image\" \/>\n<script type=\"application\/ld+json\" class=\"yoast-schema-graph\">{\"@context\":\"https:\/\/schema.org\",\"@graph\":[{\"@type\":\"WebPage\",\"@id\":\"https:\/\/bioxel.com.uy\/web\/product\/maxium\/\",\"url\":\"https:\/\/bioxel.com.uy\/web\/product\/maxium\/\",\"name\":\"maXium\u00ae - Bioxel\",\"isPartOf\":{\"@id\":\"https:\/\/bioxel.com.uy\/web\/#website\"},\"primaryImageOfPage\":{\"@id\":\"https:\/\/bioxel.com.uy\/web\/product\/maxium\/#primaryimage\"},\"image\":{\"@id\":\"https:\/\/bioxel.com.uy\/web\/product\/maxium\/#primaryimage\"},\"thumbnailUrl\":\"https:\/\/bioxel.com.uy\/web\/wp-content\/uploads\/2024\/03\/csm_Electrosurgery_maXium_1920x495_06_75e7dc56a6.jpg\",\"datePublished\":\"2024-03-13T01:49:31+00:00\",\"dateModified\":\"2024-03-13T01:49:32+00:00\",\"breadcrumb\":{\"@id\":\"https:\/\/bioxel.com.uy\/web\/product\/maxium\/#breadcrumb\"},\"inLanguage\":\"es\",\"potentialAction\":[{\"@type\":\"ReadAction\",\"target\":[\"https:\/\/bioxel.com.uy\/web\/product\/maxium\/\"]}]},{\"@type\":\"ImageObject\",\"inLanguage\":\"es\",\"@id\":\"https:\/\/bioxel.com.uy\/web\/product\/maxium\/#primaryimage\",\"url\":\"https:\/\/bioxel.com.uy\/web\/wp-content\/uploads\/2024\/03\/csm_Electrosurgery_maXium_1920x495_06_75e7dc56a6.jpg\",\"contentUrl\":\"https:\/\/bioxel.com.uy\/web\/wp-content\/uploads\/2024\/03\/csm_Electrosurgery_maXium_1920x495_06_75e7dc56a6.jpg\",\"width\":1920,\"height\":495},{\"@type\":\"BreadcrumbList\",\"@id\":\"https:\/\/bioxel.com.uy\/web\/product\/maxium\/#breadcrumb\",\"itemListElement\":[{\"@type\":\"ListItem\",\"position\":1,\"name\":\"Portada\",\"item\":\"https:\/\/bioxel.com.uy\/web\/\"},{\"@type\":\"ListItem\",\"position\":2,\"name\":\"Shop\",\"item\":\"https:\/\/bioxel.com.uy\/web\/shop\/\"},{\"@type\":\"ListItem\",\"position\":3,\"name\":\"maXium\u00ae\"}]},{\"@type\":\"WebSite\",\"@id\":\"https:\/\/bioxel.com.uy\/web\/#website\",\"url\":\"https:\/\/bioxel.com.uy\/web\/\",\"name\":\"Laboratorio de Medicamentos Bioxel S.A.\",\"description\":\"Bioxel S.A.\",\"publisher\":{\"@id\":\"https:\/\/bioxel.com.uy\/web\/#organization\"},\"alternateName\":\"Laboratorio Bioxel S.A.\",\"potentialAction\":[{\"@type\":\"SearchAction\",\"target\":{\"@type\":\"EntryPoint\",\"urlTemplate\":\"https:\/\/bioxel.com.uy\/web\/?s={search_term_string}\"},\"query-input\":{\"@type\":\"PropertyValueSpecification\",\"valueRequired\":true,\"valueName\":\"search_term_string\"}}],\"inLanguage\":\"es\"},{\"@type\":\"Organization\",\"@id\":\"https:\/\/bioxel.com.uy\/web\/#organization\",\"name\":\"Laboratorio Bioxel S.A\",\"alternateName\":\"Bioxel\",\"url\":\"https:\/\/bioxel.com.uy\/web\/\",\"logo\":{\"@type\":\"ImageObject\",\"inLanguage\":\"es\",\"@id\":\"https:\/\/bioxel.com.uy\/web\/#\/schema\/logo\/image\/\",\"url\":\"https:\/\/bioxel.com.uy\/web\/wp-content\/uploads\/2024\/02\/BIOXEL-LOGO-NEW.png\",\"contentUrl\":\"https:\/\/bioxel.com.uy\/web\/wp-content\/uploads\/2024\/02\/BIOXEL-LOGO-NEW.png\",\"width\":1792,\"height\":790,\"caption\":\"Laboratorio Bioxel S.A\"},\"image\":{\"@id\":\"https:\/\/bioxel.com.uy\/web\/#\/schema\/logo\/image\/\"},\"sameAs\":[\"https:\/\/www.facebook.com\/p\/Bioxel-Uruguay-100075156665285\/\"]}]}<\/script>\n<!-- \/ Yoast SEO plugin. -->","yoast_head_json":{"title":"maXium\u00ae - Bioxel","robots":{"index":"index","follow":"follow","max-snippet":"max-snippet:-1","max-image-preview":"max-image-preview:large","max-video-preview":"max-video-preview:-1"},"canonical":"https:\/\/bioxel.com.uy\/web\/product\/maxium\/","og_locale":"es_ES","og_type":"article","og_title":"maXium\u00ae - Bioxel","og_description":"Gracias a su genial \u201econtrol Quick-Step\u201c, el maXium\u00ae puede manejarse con celeridad y sencillez con una sola mano. A trav\u00e9s de su mando giratorio multifunctional pueden ajustarse y modificarse en todo momento la totalidad de los par\u00e1metros conforme a sus deseos individuales.  El maxium\u00ae convence por su meditado concepto global. En la pantalla maxi-display se puede ver sin esfuerzo toda la configuraci\u00f3n, todos los par\u00e1metros est\u00e1n claramente estructurados y cada uno de los canales de trabajo est\u00e1 asignado de forma inequ\u00edvoca.  Es posible programar y guardar m\u00e1s de 99 diferentes configuraciones personalizadas.  El maXium\u00ae cuenta con tres m\u00f3dulos de hembrillas diferentes. As\u00ed, puede prescindir del adaptador sin miedo. Tambi\u00e9n es posible conectar directamente cualquier accesorio de otros fabricantes.","og_url":"https:\/\/bioxel.com.uy\/web\/product\/maxium\/","og_site_name":"Bioxel","article_publisher":"https:\/\/www.facebook.com\/p\/Bioxel-Uruguay-100075156665285\/","article_modified_time":"2024-03-13T01:49:32+00:00","og_image":[{"width":1920,"height":495,"url":"https:\/\/bioxel.com.uy\/web\/wp-content\/uploads\/2024\/03\/csm_Electrosurgery_maXium_1920x495_06_75e7dc56a6.jpg","type":"image\/jpeg"}],"twitter_card":"summary_large_image","schema":{"@context":"https:\/\/schema.org","@graph":[{"@type":"WebPage","@id":"https:\/\/bioxel.com.uy\/web\/product\/maxium\/","url":"https:\/\/bioxel.com.uy\/web\/product\/maxium\/","name":"maXium\u00ae - Bioxel","isPartOf":{"@id":"https:\/\/bioxel.com.uy\/web\/#website"},"primaryImageOfPage":{"@id":"https:\/\/bioxel.com.uy\/web\/product\/maxium\/#primaryimage"},"image":{"@id":"https:\/\/bioxel.com.uy\/web\/product\/maxium\/#primaryimage"},"thumbnailUrl":"https:\/\/bioxel.com.uy\/web\/wp-content\/uploads\/2024\/03\/csm_Electrosurgery_maXium_1920x495_06_75e7dc56a6.jpg","datePublished":"2024-03-13T01:49:31+00:00","dateModified":"2024-03-13T01:49:32+00:00","breadcrumb":{"@id":"https:\/\/bioxel.com.uy\/web\/product\/maxium\/#breadcrumb"},"inLanguage":"es","potentialAction":[{"@type":"ReadAction","target":["https:\/\/bioxel.com.uy\/web\/product\/maxium\/"]}]},{"@type":"ImageObject","inLanguage":"es","@id":"https:\/\/bioxel.com.uy\/web\/product\/maxium\/#primaryimage","url":"https:\/\/bioxel.com.uy\/web\/wp-content\/uploads\/2024\/03\/csm_Electrosurgery_maXium_1920x495_06_75e7dc56a6.jpg","contentUrl":"https:\/\/bioxel.com.uy\/web\/wp-content\/uploads\/2024\/03\/csm_Electrosurgery_maXium_1920x495_06_75e7dc56a6.jpg","width":1920,"height":495},{"@type":"BreadcrumbList","@id":"https:\/\/bioxel.com.uy\/web\/product\/maxium\/#breadcrumb","itemListElement":[{"@type":"ListItem","position":1,"name":"Portada","item":"https:\/\/bioxel.com.uy\/web\/"},{"@type":"ListItem","position":2,"name":"Shop","item":"https:\/\/bioxel.com.uy\/web\/shop\/"},{"@type":"ListItem","position":3,"name":"maXium\u00ae"}]},{"@type":"WebSite","@id":"https:\/\/bioxel.com.uy\/web\/#website","url":"https:\/\/bioxel.com.uy\/web\/","name":"Laboratorio de Medicamentos Bioxel S.A.","description":"Bioxel S.A.","publisher":{"@id":"https:\/\/bioxel.com.uy\/web\/#organization"},"alternateName":"Laboratorio Bioxel S.A.","potentialAction":[{"@type":"SearchAction","target":{"@type":"EntryPoint","urlTemplate":"https:\/\/bioxel.com.uy\/web\/?s={search_term_string}"},"query-input":{"@type":"PropertyValueSpecification","valueRequired":true,"valueName":"search_term_string"}}],"inLanguage":"es"},{"@type":"Organization","@id":"https:\/\/bioxel.com.uy\/web\/#organization","name":"Laboratorio Bioxel S.A","alternateName":"Bioxel","url":"https:\/\/bioxel.com.uy\/web\/","logo":{"@type":"ImageObject","inLanguage":"es","@id":"https:\/\/bioxel.com.uy\/web\/#\/schema\/logo\/image\/","url":"https:\/\/bioxel.com.uy\/web\/wp-content\/uploads\/2024\/02\/BIOXEL-LOGO-NEW.png","contentUrl":"https:\/\/bioxel.com.uy\/web\/wp-content\/uploads\/2024\/02\/BIOXEL-LOGO-NEW.png","width":1792,"height":790,"caption":"Laboratorio Bioxel S.A"},"image":{"@id":"https:\/\/bioxel.com.uy\/web\/#\/schema\/logo\/image\/"},"sameAs":["https:\/\/www.facebook.com\/p\/Bioxel-Uruguay-100075156665285\/"]}]}},"brands":[{"id":64,"name":"KLS MARTIN","slug":"kls-martin"}],"_links":{"self":[{"href":"https:\/\/bioxel.com.uy\/web\/wp-json\/wp\/v2\/product\/557","targetHints":{"allow":["GET"]}}],"collection":[{"href":"https:\/\/bioxel.com.uy\/web\/wp-json\/wp\/v2\/product"}],"about":[{"href":"https:\/\/bioxel.com.uy\/web\/wp-json\/wp\/v2\/types\/product"}],"replies":[{"embeddable":true,"href":"https:\/\/bioxel.com.uy\/web\/wp-json\/wp\/v2\/comments?post=557"}],"version-history":[{"count":1,"href":"https:\/\/bioxel.com.uy\/web\/wp-json\/wp\/v2\/product\/557\/revisions"}],"predecessor-version":[{"id":559,"href":"https:\/\/bioxel.com.uy\/web\/wp-json\/wp\/v2\/product\/557\/revisions\/559"}],"wp:featuredmedia":[{"embeddable":true,"href":"https:\/\/bioxel.com.uy\/web\/wp-json\/wp\/v2\/media\/558"}],"wp:attachment":[{"href":"https:\/\/bioxel.com.uy\/web\/wp-json\/wp\/v2\/media?parent=557"}],"wp:term":[{"taxonomy":"pwb-brand","embeddable":true,"href":"https:\/\/bioxel.com.uy\/web\/wp-json\/wp\/v2\/pwb-brand?post=557"},{"taxonomy":"product_brand","embeddable":true,"href":"https:\/\/bioxel.com.uy\/web\/wp-json\/wp\/v2\/product_brand?post=557"},{"taxonomy":"product_cat","embeddable":true,"href":"https:\/\/bioxel.com.uy\/web\/wp-json\/wp\/v2\/product_cat?post=557"},{"taxonomy":"product_tag","embeddable":true,"href":"https:\/\/bioxel.com.uy\/web\/wp-json\/wp\/v2\/product_tag?post=557"}],"curies":[{"name":"wp","href":"https:\/\/api.w.org\/{rel}","templated":true}]}}