{"id":643,"date":"2024-03-31T19:51:37","date_gmt":"2024-03-31T22:51:37","guid":{"rendered":"http:\/\/bioxel.com.uy\/web\/?post_type=product&#038;p=643"},"modified":"2024-03-31T20:13:22","modified_gmt":"2024-03-31T23:13:22","slug":"sulfodom","status":"publish","type":"product","link":"https:\/\/bioxel.com.uy\/web\/product\/sulfodom\/","title":{"rendered":"SULFODOM"},"content":{"rendered":"<p>\u2022\tPrincipioActivo:SulfatodeSodio17.5g\/ SulfatodePotasio3.13g\/SulfatodeMagnesio1.6g<br \/>\n\u2022\tFormaFarmac\u00e9utica:Soluci\u00f3nparaadministraci\u00f3noral.<br \/>\n\u2022\tPresentaci\u00f3n: Cajaconteniendo 2frascos con177mL.<br \/>\n\u2022\tReg.M.S.P.:46121<br \/>\n\u2022\tMarca:LaboratorioDominguez(Argentina).<\/p>\n","protected":false},"excerpt":{"rendered":"<p>ASOCIACION DE SULFATOS<br \/>\nSoluci\u00f3n Oral.<br \/>\nPresentaci\u00f3n y Concentraci\u00f3n: Envase conteniendo 2 frascos con 177 mL de soluci\u00f3n para administraci\u00f3n oral cada uno.<br \/>\nCada frasco contiene:<br \/>\nSulfato de sodio anhidro 17.50 g<br \/>\nSulfato de potasio 3.13 g<br \/>\nSulfato de magnesio 1.60 g<br \/>\nExcipientes<\/p>\n<p>ACCION TERAPEUTICA<br \/>\nLaxante osm\u00f3tico.<\/p>\n<p>INDICACIONES<br \/>\nLa soluci\u00f3n de preparaci\u00f3n intestinal SULFODOM est\u00e1 indicada en adultos para la limpieza del colon previa a estudios endosc\u00f3picos, radiol\u00f3gicos y cirug\u00eda colorrectal.<\/p>\n","protected":false},"featured_media":644,"comment_status":"open","ping_status":"closed","template":"","meta":{"inline_featured_image":false,"_monsterinsights_skip_tracking":false,"_monsterinsights_sitenote_active":false,"_monsterinsights_sitenote_note":"","_monsterinsights_sitenote_category":0},"pwb-brand":[39],"product_brand":[],"product_cat":[53,45],"product_tag":[],"class_list":{"0":"post-643","1":"product","2":"type-product","3":"status-publish","4":"has-post-thumbnail","6":"pwb-brand-lab-dominguez","7":"product_cat-gastroenterologia-endocospia-digestiva","8":"product_cat-pharma","10":"first","11":"instock","12":"shipping-taxable","13":"product-type-simple"},"yoast_head":"<!-- This site is optimized with the Yoast SEO plugin v25.4 - https:\/\/yoast.com\/wordpress\/plugins\/seo\/ -->\n<title>SULFODOM - Bioxel<\/title>\n<meta name=\"robots\" content=\"index, follow, max-snippet:-1, max-image-preview:large, max-video-preview:-1\" \/>\n<link rel=\"canonical\" href=\"https:\/\/bioxel.com.uy\/web\/product\/sulfodom\/\" \/>\n<meta property=\"og:locale\" content=\"es_ES\" \/>\n<meta property=\"og:type\" content=\"article\" \/>\n<meta property=\"og:title\" content=\"SULFODOM - Bioxel\" \/>\n<meta property=\"og:description\" content=\"ASOCIACION DE SULFATOS Soluci\u00f3n Oral. Presentaci\u00f3n y Concentraci\u00f3n: Envase conteniendo 2 frascos con 177 mL de soluci\u00f3n para administraci\u00f3n oral cada uno. Cada frasco contiene: Sulfato de sodio anhidro 17.50 g Sulfato de potasio 3.13 g Sulfato de magnesio 1.60 g Excipientes  ACCION TERAPEUTICA Laxante osm\u00f3tico.  INDICACIONES La soluci\u00f3n de preparaci\u00f3n intestinal SULFODOM est\u00e1 indicada en adultos para la limpieza del colon previa a estudios endosc\u00f3picos, radiol\u00f3gicos y cirug\u00eda colorrectal.\" \/>\n<meta property=\"og:url\" content=\"https:\/\/bioxel.com.uy\/web\/product\/sulfodom\/\" \/>\n<meta property=\"og:site_name\" content=\"Bioxel\" \/>\n<meta property=\"article:publisher\" content=\"https:\/\/www.facebook.com\/p\/Bioxel-Uruguay-100075156665285\/\" \/>\n<meta property=\"article:modified_time\" content=\"2024-03-31T23:13:22+00:00\" \/>\n<meta property=\"og:image\" content=\"https:\/\/bioxel.com.uy\/web\/wp-content\/uploads\/2024\/03\/Sulfodom.png\" \/>\n\t<meta property=\"og:image:width\" content=\"731\" \/>\n\t<meta property=\"og:image:height\" content=\"524\" \/>\n\t<meta property=\"og:image:type\" content=\"image\/png\" \/>\n<meta name=\"twitter:card\" content=\"summary_large_image\" \/>\n<script type=\"application\/ld+json\" class=\"yoast-schema-graph\">{\"@context\":\"https:\/\/schema.org\",\"@graph\":[{\"@type\":\"WebPage\",\"@id\":\"https:\/\/bioxel.com.uy\/web\/product\/sulfodom\/\",\"url\":\"https:\/\/bioxel.com.uy\/web\/product\/sulfodom\/\",\"name\":\"SULFODOM - Bioxel\",\"isPartOf\":{\"@id\":\"https:\/\/bioxel.com.uy\/web\/#website\"},\"primaryImageOfPage\":{\"@id\":\"https:\/\/bioxel.com.uy\/web\/product\/sulfodom\/#primaryimage\"},\"image\":{\"@id\":\"https:\/\/bioxel.com.uy\/web\/product\/sulfodom\/#primaryimage\"},\"thumbnailUrl\":\"https:\/\/bioxel.com.uy\/web\/wp-content\/uploads\/2024\/03\/Sulfodom.png\",\"datePublished\":\"2024-03-31T22:51:37+00:00\",\"dateModified\":\"2024-03-31T23:13:22+00:00\",\"breadcrumb\":{\"@id\":\"https:\/\/bioxel.com.uy\/web\/product\/sulfodom\/#breadcrumb\"},\"inLanguage\":\"es\",\"potentialAction\":[{\"@type\":\"ReadAction\",\"target\":[\"https:\/\/bioxel.com.uy\/web\/product\/sulfodom\/\"]}]},{\"@type\":\"ImageObject\",\"inLanguage\":\"es\",\"@id\":\"https:\/\/bioxel.com.uy\/web\/product\/sulfodom\/#primaryimage\",\"url\":\"https:\/\/bioxel.com.uy\/web\/wp-content\/uploads\/2024\/03\/Sulfodom.png\",\"contentUrl\":\"https:\/\/bioxel.com.uy\/web\/wp-content\/uploads\/2024\/03\/Sulfodom.png\",\"width\":731,\"height\":524},{\"@type\":\"BreadcrumbList\",\"@id\":\"https:\/\/bioxel.com.uy\/web\/product\/sulfodom\/#breadcrumb\",\"itemListElement\":[{\"@type\":\"ListItem\",\"position\":1,\"name\":\"Portada\",\"item\":\"https:\/\/bioxel.com.uy\/web\/\"},{\"@type\":\"ListItem\",\"position\":2,\"name\":\"Shop\",\"item\":\"https:\/\/bioxel.com.uy\/web\/shop\/\"},{\"@type\":\"ListItem\",\"position\":3,\"name\":\"SULFODOM\"}]},{\"@type\":\"WebSite\",\"@id\":\"https:\/\/bioxel.com.uy\/web\/#website\",\"url\":\"https:\/\/bioxel.com.uy\/web\/\",\"name\":\"Laboratorio de Medicamentos Bioxel S.A.\",\"description\":\"Bioxel S.A.\",\"publisher\":{\"@id\":\"https:\/\/bioxel.com.uy\/web\/#organization\"},\"alternateName\":\"Laboratorio Bioxel S.A.\",\"potentialAction\":[{\"@type\":\"SearchAction\",\"target\":{\"@type\":\"EntryPoint\",\"urlTemplate\":\"https:\/\/bioxel.com.uy\/web\/?s={search_term_string}\"},\"query-input\":{\"@type\":\"PropertyValueSpecification\",\"valueRequired\":true,\"valueName\":\"search_term_string\"}}],\"inLanguage\":\"es\"},{\"@type\":\"Organization\",\"@id\":\"https:\/\/bioxel.com.uy\/web\/#organization\",\"name\":\"Laboratorio Bioxel S.A\",\"alternateName\":\"Bioxel\",\"url\":\"https:\/\/bioxel.com.uy\/web\/\",\"logo\":{\"@type\":\"ImageObject\",\"inLanguage\":\"es\",\"@id\":\"https:\/\/bioxel.com.uy\/web\/#\/schema\/logo\/image\/\",\"url\":\"https:\/\/bioxel.com.uy\/web\/wp-content\/uploads\/2024\/02\/BIOXEL-LOGO-NEW.png\",\"contentUrl\":\"https:\/\/bioxel.com.uy\/web\/wp-content\/uploads\/2024\/02\/BIOXEL-LOGO-NEW.png\",\"width\":1792,\"height\":790,\"caption\":\"Laboratorio Bioxel S.A\"},\"image\":{\"@id\":\"https:\/\/bioxel.com.uy\/web\/#\/schema\/logo\/image\/\"},\"sameAs\":[\"https:\/\/www.facebook.com\/p\/Bioxel-Uruguay-100075156665285\/\"]}]}<\/script>\n<!-- \/ Yoast SEO plugin. -->","yoast_head_json":{"title":"SULFODOM - Bioxel","robots":{"index":"index","follow":"follow","max-snippet":"max-snippet:-1","max-image-preview":"max-image-preview:large","max-video-preview":"max-video-preview:-1"},"canonical":"https:\/\/bioxel.com.uy\/web\/product\/sulfodom\/","og_locale":"es_ES","og_type":"article","og_title":"SULFODOM - Bioxel","og_description":"ASOCIACION DE SULFATOS Soluci\u00f3n Oral. Presentaci\u00f3n y Concentraci\u00f3n: Envase conteniendo 2 frascos con 177 mL de soluci\u00f3n para administraci\u00f3n oral cada uno. Cada frasco contiene: Sulfato de sodio anhidro 17.50 g Sulfato de potasio 3.13 g Sulfato de magnesio 1.60 g Excipientes  ACCION TERAPEUTICA Laxante osm\u00f3tico.  INDICACIONES La soluci\u00f3n de preparaci\u00f3n intestinal SULFODOM est\u00e1 indicada en adultos para la limpieza del colon previa a estudios endosc\u00f3picos, radiol\u00f3gicos y cirug\u00eda colorrectal.","og_url":"https:\/\/bioxel.com.uy\/web\/product\/sulfodom\/","og_site_name":"Bioxel","article_publisher":"https:\/\/www.facebook.com\/p\/Bioxel-Uruguay-100075156665285\/","article_modified_time":"2024-03-31T23:13:22+00:00","og_image":[{"width":731,"height":524,"url":"https:\/\/bioxel.com.uy\/web\/wp-content\/uploads\/2024\/03\/Sulfodom.png","type":"image\/png"}],"twitter_card":"summary_large_image","schema":{"@context":"https:\/\/schema.org","@graph":[{"@type":"WebPage","@id":"https:\/\/bioxel.com.uy\/web\/product\/sulfodom\/","url":"https:\/\/bioxel.com.uy\/web\/product\/sulfodom\/","name":"SULFODOM - Bioxel","isPartOf":{"@id":"https:\/\/bioxel.com.uy\/web\/#website"},"primaryImageOfPage":{"@id":"https:\/\/bioxel.com.uy\/web\/product\/sulfodom\/#primaryimage"},"image":{"@id":"https:\/\/bioxel.com.uy\/web\/product\/sulfodom\/#primaryimage"},"thumbnailUrl":"https:\/\/bioxel.com.uy\/web\/wp-content\/uploads\/2024\/03\/Sulfodom.png","datePublished":"2024-03-31T22:51:37+00:00","dateModified":"2024-03-31T23:13:22+00:00","breadcrumb":{"@id":"https:\/\/bioxel.com.uy\/web\/product\/sulfodom\/#breadcrumb"},"inLanguage":"es","potentialAction":[{"@type":"ReadAction","target":["https:\/\/bioxel.com.uy\/web\/product\/sulfodom\/"]}]},{"@type":"ImageObject","inLanguage":"es","@id":"https:\/\/bioxel.com.uy\/web\/product\/sulfodom\/#primaryimage","url":"https:\/\/bioxel.com.uy\/web\/wp-content\/uploads\/2024\/03\/Sulfodom.png","contentUrl":"https:\/\/bioxel.com.uy\/web\/wp-content\/uploads\/2024\/03\/Sulfodom.png","width":731,"height":524},{"@type":"BreadcrumbList","@id":"https:\/\/bioxel.com.uy\/web\/product\/sulfodom\/#breadcrumb","itemListElement":[{"@type":"ListItem","position":1,"name":"Portada","item":"https:\/\/bioxel.com.uy\/web\/"},{"@type":"ListItem","position":2,"name":"Shop","item":"https:\/\/bioxel.com.uy\/web\/shop\/"},{"@type":"ListItem","position":3,"name":"SULFODOM"}]},{"@type":"WebSite","@id":"https:\/\/bioxel.com.uy\/web\/#website","url":"https:\/\/bioxel.com.uy\/web\/","name":"Laboratorio de Medicamentos Bioxel S.A.","description":"Bioxel S.A.","publisher":{"@id":"https:\/\/bioxel.com.uy\/web\/#organization"},"alternateName":"Laboratorio Bioxel S.A.","potentialAction":[{"@type":"SearchAction","target":{"@type":"EntryPoint","urlTemplate":"https:\/\/bioxel.com.uy\/web\/?s={search_term_string}"},"query-input":{"@type":"PropertyValueSpecification","valueRequired":true,"valueName":"search_term_string"}}],"inLanguage":"es"},{"@type":"Organization","@id":"https:\/\/bioxel.com.uy\/web\/#organization","name":"Laboratorio Bioxel S.A","alternateName":"Bioxel","url":"https:\/\/bioxel.com.uy\/web\/","logo":{"@type":"ImageObject","inLanguage":"es","@id":"https:\/\/bioxel.com.uy\/web\/#\/schema\/logo\/image\/","url":"https:\/\/bioxel.com.uy\/web\/wp-content\/uploads\/2024\/02\/BIOXEL-LOGO-NEW.png","contentUrl":"https:\/\/bioxel.com.uy\/web\/wp-content\/uploads\/2024\/02\/BIOXEL-LOGO-NEW.png","width":1792,"height":790,"caption":"Laboratorio Bioxel S.A"},"image":{"@id":"https:\/\/bioxel.com.uy\/web\/#\/schema\/logo\/image\/"},"sameAs":["https:\/\/www.facebook.com\/p\/Bioxel-Uruguay-100075156665285\/"]}]}},"brands":[{"id":39,"name":"LABORATORIO DOMINGUEZ","slug":"lab-dominguez"}],"_links":{"self":[{"href":"https:\/\/bioxel.com.uy\/web\/wp-json\/wp\/v2\/product\/643","targetHints":{"allow":["GET"]}}],"collection":[{"href":"https:\/\/bioxel.com.uy\/web\/wp-json\/wp\/v2\/product"}],"about":[{"href":"https:\/\/bioxel.com.uy\/web\/wp-json\/wp\/v2\/types\/product"}],"replies":[{"embeddable":true,"href":"https:\/\/bioxel.com.uy\/web\/wp-json\/wp\/v2\/comments?post=643"}],"version-history":[{"count":1,"href":"https:\/\/bioxel.com.uy\/web\/wp-json\/wp\/v2\/product\/643\/revisions"}],"predecessor-version":[{"id":645,"href":"https:\/\/bioxel.com.uy\/web\/wp-json\/wp\/v2\/product\/643\/revisions\/645"}],"wp:featuredmedia":[{"embeddable":true,"href":"https:\/\/bioxel.com.uy\/web\/wp-json\/wp\/v2\/media\/644"}],"wp:attachment":[{"href":"https:\/\/bioxel.com.uy\/web\/wp-json\/wp\/v2\/media?parent=643"}],"wp:term":[{"taxonomy":"pwb-brand","embeddable":true,"href":"https:\/\/bioxel.com.uy\/web\/wp-json\/wp\/v2\/pwb-brand?post=643"},{"taxonomy":"product_brand","embeddable":true,"href":"https:\/\/bioxel.com.uy\/web\/wp-json\/wp\/v2\/product_brand?post=643"},{"taxonomy":"product_cat","embeddable":true,"href":"https:\/\/bioxel.com.uy\/web\/wp-json\/wp\/v2\/product_cat?post=643"},{"taxonomy":"product_tag","embeddable":true,"href":"https:\/\/bioxel.com.uy\/web\/wp-json\/wp\/v2\/product_tag?post=643"}],"curies":[{"name":"wp","href":"https:\/\/api.w.org\/{rel}","templated":true}]}}