{"id":666,"date":"2024-03-31T20:16:55","date_gmt":"2024-03-31T23:16:55","guid":{"rendered":"http:\/\/bioxel.com.uy\/web\/?post_type=product&#038;p=666"},"modified":"2024-03-31T20:16:56","modified_gmt":"2024-03-31T23:16:56","slug":"irinotecan-ima","status":"publish","type":"product","link":"https:\/\/bioxel.com.uy\/web\/product\/irinotecan-ima\/","title":{"rendered":"IRINOTECAN IMA"},"content":{"rendered":"<p>\u2022\tPrincipio Activo: Irinotecan Clorhidrato Trihidrato<br \/>\n\u2022\tConcentraci\u00f3n: 100mg\/fco-ampolla.<br \/>\n\u2022\tForma Farmac\u00e9utica: Soluci\u00f3n inyectable.<br \/>\n\u2022\tPresentaci\u00f3n: Envasex1frasco-ampolla.<br \/>\n\u2022\tReg.M.S.P.: 45282<br \/>\n\u2022\tMarca: Laboratorios IMA(Argentina)<\/p>\n","protected":false},"excerpt":{"rendered":"<p>IRINOTECAN CLORHIDRATO TRIHIDRATO 100MG<br \/>\nSoluci\u00f3n Inyectable.<br \/>\nV\u00eda de administraci\u00f3n: Infusi\u00f3n Intravenosa.<br \/>\nPresentaci\u00f3n: Envase x 1 Frasco ampolla de 5 mL<\/p>\n<p>ACCI\u00d3N TERAPE\u00daTICA<br \/>\nInhibidor espec\u00edfico de ADN topoisomerasa I, induce lesiones en las cadenas simples que bloquean la replicaci\u00f3n del ADN y son responsables de la citotoxicidad.<\/p>\n<p>INDICACIONES<br \/>\nIrinotec\u00e1n est\u00e1 indicado para el tratamiento de pacientes con c\u00e1ncer colorrectal avanzado.<\/p>\n","protected":false},"featured_media":667,"comment_status":"open","ping_status":"closed","template":"","meta":{"inline_featured_image":false,"_monsterinsights_skip_tracking":false,"_monsterinsights_sitenote_active":false,"_monsterinsights_sitenote_note":"","_monsterinsights_sitenote_category":0},"pwb-brand":[40],"product_brand":[],"product_cat":[52,45],"product_tag":[],"class_list":{"0":"post-666","1":"product","2":"type-product","3":"status-publish","4":"has-post-thumbnail","6":"pwb-brand-ima","7":"product_cat-oncologia","8":"product_cat-pharma","10":"first","11":"instock","12":"shipping-taxable","13":"product-type-simple"},"yoast_head":"<!-- This site is optimized with the Yoast SEO plugin v25.4 - https:\/\/yoast.com\/wordpress\/plugins\/seo\/ -->\n<title>IRINOTECAN IMA - Bioxel<\/title>\n<meta name=\"robots\" content=\"index, follow, max-snippet:-1, max-image-preview:large, max-video-preview:-1\" \/>\n<link rel=\"canonical\" href=\"https:\/\/bioxel.com.uy\/web\/product\/irinotecan-ima\/\" \/>\n<meta property=\"og:locale\" content=\"es_ES\" \/>\n<meta property=\"og:type\" content=\"article\" \/>\n<meta property=\"og:title\" content=\"IRINOTECAN IMA - Bioxel\" \/>\n<meta property=\"og:description\" content=\"IRINOTECAN CLORHIDRATO TRIHIDRATO 100MG Soluci\u00f3n Inyectable. V\u00eda de administraci\u00f3n: Infusi\u00f3n Intravenosa. Presentaci\u00f3n: Envase x 1 Frasco ampolla de 5 mL  ACCI\u00d3N TERAPE\u00daTICA Inhibidor espec\u00edfico de ADN topoisomerasa I, induce lesiones en las cadenas simples que bloquean la replicaci\u00f3n del ADN y son responsables de la citotoxicidad.  INDICACIONES Irinotec\u00e1n est\u00e1 indicado para el tratamiento de pacientes con c\u00e1ncer colorrectal avanzado.\" \/>\n<meta property=\"og:url\" content=\"https:\/\/bioxel.com.uy\/web\/product\/irinotecan-ima\/\" \/>\n<meta property=\"og:site_name\" content=\"Bioxel\" \/>\n<meta property=\"article:publisher\" content=\"https:\/\/www.facebook.com\/p\/Bioxel-Uruguay-100075156665285\/\" \/>\n<meta property=\"article:modified_time\" content=\"2024-03-31T23:16:56+00:00\" \/>\n<meta property=\"og:image\" content=\"https:\/\/bioxel.com.uy\/web\/wp-content\/uploads\/2024\/03\/Irinotecan-IMA.jpg\" \/>\n\t<meta property=\"og:image:width\" content=\"1209\" \/>\n\t<meta property=\"og:image:height\" content=\"1280\" \/>\n\t<meta property=\"og:image:type\" content=\"image\/jpeg\" \/>\n<meta name=\"twitter:card\" content=\"summary_large_image\" \/>\n<script type=\"application\/ld+json\" class=\"yoast-schema-graph\">{\"@context\":\"https:\/\/schema.org\",\"@graph\":[{\"@type\":\"WebPage\",\"@id\":\"https:\/\/bioxel.com.uy\/web\/product\/irinotecan-ima\/\",\"url\":\"https:\/\/bioxel.com.uy\/web\/product\/irinotecan-ima\/\",\"name\":\"IRINOTECAN IMA - Bioxel\",\"isPartOf\":{\"@id\":\"https:\/\/bioxel.com.uy\/web\/#website\"},\"primaryImageOfPage\":{\"@id\":\"https:\/\/bioxel.com.uy\/web\/product\/irinotecan-ima\/#primaryimage\"},\"image\":{\"@id\":\"https:\/\/bioxel.com.uy\/web\/product\/irinotecan-ima\/#primaryimage\"},\"thumbnailUrl\":\"https:\/\/bioxel.com.uy\/web\/wp-content\/uploads\/2024\/03\/Irinotecan-IMA.jpg\",\"datePublished\":\"2024-03-31T23:16:55+00:00\",\"dateModified\":\"2024-03-31T23:16:56+00:00\",\"breadcrumb\":{\"@id\":\"https:\/\/bioxel.com.uy\/web\/product\/irinotecan-ima\/#breadcrumb\"},\"inLanguage\":\"es\",\"potentialAction\":[{\"@type\":\"ReadAction\",\"target\":[\"https:\/\/bioxel.com.uy\/web\/product\/irinotecan-ima\/\"]}]},{\"@type\":\"ImageObject\",\"inLanguage\":\"es\",\"@id\":\"https:\/\/bioxel.com.uy\/web\/product\/irinotecan-ima\/#primaryimage\",\"url\":\"https:\/\/bioxel.com.uy\/web\/wp-content\/uploads\/2024\/03\/Irinotecan-IMA.jpg\",\"contentUrl\":\"https:\/\/bioxel.com.uy\/web\/wp-content\/uploads\/2024\/03\/Irinotecan-IMA.jpg\",\"width\":1209,\"height\":1280},{\"@type\":\"BreadcrumbList\",\"@id\":\"https:\/\/bioxel.com.uy\/web\/product\/irinotecan-ima\/#breadcrumb\",\"itemListElement\":[{\"@type\":\"ListItem\",\"position\":1,\"name\":\"Portada\",\"item\":\"https:\/\/bioxel.com.uy\/web\/\"},{\"@type\":\"ListItem\",\"position\":2,\"name\":\"Shop\",\"item\":\"https:\/\/bioxel.com.uy\/web\/shop\/\"},{\"@type\":\"ListItem\",\"position\":3,\"name\":\"IRINOTECAN IMA\"}]},{\"@type\":\"WebSite\",\"@id\":\"https:\/\/bioxel.com.uy\/web\/#website\",\"url\":\"https:\/\/bioxel.com.uy\/web\/\",\"name\":\"Laboratorio de Medicamentos Bioxel S.A.\",\"description\":\"Bioxel S.A.\",\"publisher\":{\"@id\":\"https:\/\/bioxel.com.uy\/web\/#organization\"},\"alternateName\":\"Laboratorio Bioxel S.A.\",\"potentialAction\":[{\"@type\":\"SearchAction\",\"target\":{\"@type\":\"EntryPoint\",\"urlTemplate\":\"https:\/\/bioxel.com.uy\/web\/?s={search_term_string}\"},\"query-input\":{\"@type\":\"PropertyValueSpecification\",\"valueRequired\":true,\"valueName\":\"search_term_string\"}}],\"inLanguage\":\"es\"},{\"@type\":\"Organization\",\"@id\":\"https:\/\/bioxel.com.uy\/web\/#organization\",\"name\":\"Laboratorio Bioxel S.A\",\"alternateName\":\"Bioxel\",\"url\":\"https:\/\/bioxel.com.uy\/web\/\",\"logo\":{\"@type\":\"ImageObject\",\"inLanguage\":\"es\",\"@id\":\"https:\/\/bioxel.com.uy\/web\/#\/schema\/logo\/image\/\",\"url\":\"https:\/\/bioxel.com.uy\/web\/wp-content\/uploads\/2024\/02\/BIOXEL-LOGO-NEW.png\",\"contentUrl\":\"https:\/\/bioxel.com.uy\/web\/wp-content\/uploads\/2024\/02\/BIOXEL-LOGO-NEW.png\",\"width\":1792,\"height\":790,\"caption\":\"Laboratorio Bioxel S.A\"},\"image\":{\"@id\":\"https:\/\/bioxel.com.uy\/web\/#\/schema\/logo\/image\/\"},\"sameAs\":[\"https:\/\/www.facebook.com\/p\/Bioxel-Uruguay-100075156665285\/\"]}]}<\/script>\n<!-- \/ Yoast SEO plugin. -->","yoast_head_json":{"title":"IRINOTECAN IMA - Bioxel","robots":{"index":"index","follow":"follow","max-snippet":"max-snippet:-1","max-image-preview":"max-image-preview:large","max-video-preview":"max-video-preview:-1"},"canonical":"https:\/\/bioxel.com.uy\/web\/product\/irinotecan-ima\/","og_locale":"es_ES","og_type":"article","og_title":"IRINOTECAN IMA - Bioxel","og_description":"IRINOTECAN CLORHIDRATO TRIHIDRATO 100MG Soluci\u00f3n Inyectable. V\u00eda de administraci\u00f3n: Infusi\u00f3n Intravenosa. Presentaci\u00f3n: Envase x 1 Frasco ampolla de 5 mL  ACCI\u00d3N TERAPE\u00daTICA Inhibidor espec\u00edfico de ADN topoisomerasa I, induce lesiones en las cadenas simples que bloquean la replicaci\u00f3n del ADN y son responsables de la citotoxicidad.  INDICACIONES Irinotec\u00e1n est\u00e1 indicado para el tratamiento de pacientes con c\u00e1ncer colorrectal avanzado.","og_url":"https:\/\/bioxel.com.uy\/web\/product\/irinotecan-ima\/","og_site_name":"Bioxel","article_publisher":"https:\/\/www.facebook.com\/p\/Bioxel-Uruguay-100075156665285\/","article_modified_time":"2024-03-31T23:16:56+00:00","og_image":[{"width":1209,"height":1280,"url":"https:\/\/bioxel.com.uy\/web\/wp-content\/uploads\/2024\/03\/Irinotecan-IMA.jpg","type":"image\/jpeg"}],"twitter_card":"summary_large_image","schema":{"@context":"https:\/\/schema.org","@graph":[{"@type":"WebPage","@id":"https:\/\/bioxel.com.uy\/web\/product\/irinotecan-ima\/","url":"https:\/\/bioxel.com.uy\/web\/product\/irinotecan-ima\/","name":"IRINOTECAN IMA - Bioxel","isPartOf":{"@id":"https:\/\/bioxel.com.uy\/web\/#website"},"primaryImageOfPage":{"@id":"https:\/\/bioxel.com.uy\/web\/product\/irinotecan-ima\/#primaryimage"},"image":{"@id":"https:\/\/bioxel.com.uy\/web\/product\/irinotecan-ima\/#primaryimage"},"thumbnailUrl":"https:\/\/bioxel.com.uy\/web\/wp-content\/uploads\/2024\/03\/Irinotecan-IMA.jpg","datePublished":"2024-03-31T23:16:55+00:00","dateModified":"2024-03-31T23:16:56+00:00","breadcrumb":{"@id":"https:\/\/bioxel.com.uy\/web\/product\/irinotecan-ima\/#breadcrumb"},"inLanguage":"es","potentialAction":[{"@type":"ReadAction","target":["https:\/\/bioxel.com.uy\/web\/product\/irinotecan-ima\/"]}]},{"@type":"ImageObject","inLanguage":"es","@id":"https:\/\/bioxel.com.uy\/web\/product\/irinotecan-ima\/#primaryimage","url":"https:\/\/bioxel.com.uy\/web\/wp-content\/uploads\/2024\/03\/Irinotecan-IMA.jpg","contentUrl":"https:\/\/bioxel.com.uy\/web\/wp-content\/uploads\/2024\/03\/Irinotecan-IMA.jpg","width":1209,"height":1280},{"@type":"BreadcrumbList","@id":"https:\/\/bioxel.com.uy\/web\/product\/irinotecan-ima\/#breadcrumb","itemListElement":[{"@type":"ListItem","position":1,"name":"Portada","item":"https:\/\/bioxel.com.uy\/web\/"},{"@type":"ListItem","position":2,"name":"Shop","item":"https:\/\/bioxel.com.uy\/web\/shop\/"},{"@type":"ListItem","position":3,"name":"IRINOTECAN IMA"}]},{"@type":"WebSite","@id":"https:\/\/bioxel.com.uy\/web\/#website","url":"https:\/\/bioxel.com.uy\/web\/","name":"Laboratorio de Medicamentos Bioxel S.A.","description":"Bioxel S.A.","publisher":{"@id":"https:\/\/bioxel.com.uy\/web\/#organization"},"alternateName":"Laboratorio Bioxel S.A.","potentialAction":[{"@type":"SearchAction","target":{"@type":"EntryPoint","urlTemplate":"https:\/\/bioxel.com.uy\/web\/?s={search_term_string}"},"query-input":{"@type":"PropertyValueSpecification","valueRequired":true,"valueName":"search_term_string"}}],"inLanguage":"es"},{"@type":"Organization","@id":"https:\/\/bioxel.com.uy\/web\/#organization","name":"Laboratorio Bioxel S.A","alternateName":"Bioxel","url":"https:\/\/bioxel.com.uy\/web\/","logo":{"@type":"ImageObject","inLanguage":"es","@id":"https:\/\/bioxel.com.uy\/web\/#\/schema\/logo\/image\/","url":"https:\/\/bioxel.com.uy\/web\/wp-content\/uploads\/2024\/02\/BIOXEL-LOGO-NEW.png","contentUrl":"https:\/\/bioxel.com.uy\/web\/wp-content\/uploads\/2024\/02\/BIOXEL-LOGO-NEW.png","width":1792,"height":790,"caption":"Laboratorio Bioxel S.A"},"image":{"@id":"https:\/\/bioxel.com.uy\/web\/#\/schema\/logo\/image\/"},"sameAs":["https:\/\/www.facebook.com\/p\/Bioxel-Uruguay-100075156665285\/"]}]}},"brands":[{"id":40,"name":"IMA","slug":"ima"}],"_links":{"self":[{"href":"https:\/\/bioxel.com.uy\/web\/wp-json\/wp\/v2\/product\/666","targetHints":{"allow":["GET"]}}],"collection":[{"href":"https:\/\/bioxel.com.uy\/web\/wp-json\/wp\/v2\/product"}],"about":[{"href":"https:\/\/bioxel.com.uy\/web\/wp-json\/wp\/v2\/types\/product"}],"replies":[{"embeddable":true,"href":"https:\/\/bioxel.com.uy\/web\/wp-json\/wp\/v2\/comments?post=666"}],"version-history":[{"count":1,"href":"https:\/\/bioxel.com.uy\/web\/wp-json\/wp\/v2\/product\/666\/revisions"}],"predecessor-version":[{"id":668,"href":"https:\/\/bioxel.com.uy\/web\/wp-json\/wp\/v2\/product\/666\/revisions\/668"}],"wp:featuredmedia":[{"embeddable":true,"href":"https:\/\/bioxel.com.uy\/web\/wp-json\/wp\/v2\/media\/667"}],"wp:attachment":[{"href":"https:\/\/bioxel.com.uy\/web\/wp-json\/wp\/v2\/media?parent=666"}],"wp:term":[{"taxonomy":"pwb-brand","embeddable":true,"href":"https:\/\/bioxel.com.uy\/web\/wp-json\/wp\/v2\/pwb-brand?post=666"},{"taxonomy":"product_brand","embeddable":true,"href":"https:\/\/bioxel.com.uy\/web\/wp-json\/wp\/v2\/product_brand?post=666"},{"taxonomy":"product_cat","embeddable":true,"href":"https:\/\/bioxel.com.uy\/web\/wp-json\/wp\/v2\/product_cat?post=666"},{"taxonomy":"product_tag","embeddable":true,"href":"https:\/\/bioxel.com.uy\/web\/wp-json\/wp\/v2\/product_tag?post=666"}],"curies":[{"name":"wp","href":"https:\/\/api.w.org\/{rel}","templated":true}]}}